{"id":25050,"date":"2018-07-16T18:10:10","date_gmt":"2018-07-16T18:10:10","guid":{"rendered":"http:\/\/nestorbarbitta.de\/?page_id=25050"},"modified":"2021-08-03T13:50:38","modified_gmt":"2021-08-03T12:50:38","slug":"uber-mich","status":"publish","type":"page","link":"https:\/\/nestorbarbitta.de\/de\/uber-mich\/","title":{"rendered":"\u00dcber mich"},"content":{"rendered":"<p>[et_pb_section fb_built=&#8220;1&#8243; _builder_version=&#8220;4.9.4&#8243; background_color=&#8220;#FFFFFF&#8220; custom_padding=&#8220;0px||0px||true|false&#8220;][et_pb_row _builder_version=&#8220;4.9.4&#8243; _module_preset=&#8220;default&#8220; custom_padding=&#8220;0px|0px|0px|0px|true|true&#8220;][et_pb_column type=&#8220;4_4&#8243; _builder_version=&#8220;4.9.4&#8243; _module_preset=&#8220;default&#8220;][et_pb_image src=&#8220;https:\/\/nestorbarbitta.de\/wp-content\/uploads\/2021\/06\/nestorbarbitta-foto4x4.jpg&#8220; alt=&#8220;Nestor Barbitta Visual Artist&#8220; title_text=&#8220;Nestor Barbitta Visual Artist&#8220; force_fullwidth=&#8220;on&#8220; _builder_version=&#8220;4.9.4&#8243; _module_preset=&#8220;default&#8220; width_last_edited=&#8220;off|desktop&#8220; max_width_tablet=&#8220;&#8220; max_width_phone=&#8220;&#8220; max_width_last_edited=&#8220;on|phone&#8220; module_alignment=&#8220;center&#8220; custom_padding=&#8220;0px|0px|0px|0px|true|true&#8220; module_alignment_phone=&#8220;center&#8220; module_alignment_last_edited=&#8220;off|desktop&#8220;][\/et_pb_image][\/et_pb_column][\/et_pb_row][et_pb_row _builder_version=&#8220;3.25&#8243; background_size=&#8220;initial&#8220; background_position=&#8220;top_left&#8220; background_repeat=&#8220;repeat&#8220; custom_margin=&#8220;-9px|auto||auto||&#8220; custom_padding=&#8220;19px|||||&#8220;][et_pb_column type=&#8220;4_4&#8243; _builder_version=&#8220;3.25&#8243; custom_padding=&#8220;|||&#8220; custom_padding__hover=&#8220;|||&#8220;][et_pb_text _builder_version=&#8220;4.9.4&#8243; text_orientation=&#8220;justified&#8220;]<\/p>\n<p>Nestor Barbitta studierte Design Audiovisueller Medien an der Universit\u00e4t Buenos Aires.<\/p>\n<p>Als Fotojournalist und Dozent ist er war auch f\u00fcr die Erstellung von audiovisuellen Inhalten f\u00fcr verschiedene Beh\u00f6rden zust\u00e4ndig.<\/p>\n<p>Seit 2012 ist er Mitglied von ARGRA (Fotojournalisten-Verband) und seine Fotos wurden in nationalen und internationalen Medien ver\u00f6ffentlicht.<\/p>\n<p>F\u00fcr mehrere Jahre nahm er an der\u00a0<a href=\"http:\/\/www.eduardogil.com\/\/talleres\/\" target=\"_blank\" rel=\"noopener\">Werkstatt der fotografischen \u00c4sthetik<\/a>\u00a0geleitet von dem bekannten Fotograf Eduardo Gil teil.<\/p>\n<p>Ende 2017 geh\u00f6rten seine Drohne-Bilder der Videoinstallation der Aufstellung \u201eApollo und Dionysos in der argentinischen Architektur\u201c \u00fcber die Architekten Mario Roberto \u00c1lvarez und Clorindo Testa im MARQ (Museum der Architektur).<\/p>\n<p>Einige seiner Fotos waren in der gemeinsamen Aufstellung der Igers Galerie im Raum von\u00a0<a href=\"https:\/\/espacio.fundaciontelefonica.com\/\" target=\"_blank\" rel=\"noopener\">Fundaci\u00f3n Telef\u00f3nica in Madrid<\/a>\u00a0zu sehen.<\/p>\n<p>In den Jahren 2018 und 2019 wurde er als Finalist f\u00fcr den renommierten Ita\u00fa Artes Visuales Preis ausgew\u00e4hlt, beide Male mit Fotografien, die mit der Drohne aufgenommen wurden.<\/p>\n<p>Bis Anfang 2019, machte er am <a href=\"http:\/\/eltallercontinuo.blogspot.com\/\" target=\"_blank\" rel=\"noopener\">\u201eEstrategias para la b\u00fasqueda de un lenguaje personal\u201c<\/a>, mit dem ber\u00fchmten Fotografen Carlos Bosh.<\/p>\n<p>Zwischen Mai und Juli 2019 wurde er eingeladen, um seine Luftbildserie\u00a0<a href=\"https:\/\/nestorbarbitta.de\/de\/koordinaten-des-taeglichen-lebens\/\">\u201eKoordinaten des t\u00e4glichen Lebens\u201c<\/a>\u00a0im der argentinischen Botschaft in Berlin auszustellen.<\/p>\n<p>Eine Fotografieauswahl von ihm wurde im November 2019 im Bilderbuch des renommierten Kulturzentrums Kirchner (CCK) ver\u00f6ffentlicht.<\/p>\n<p>Seine Luftfotografie von dem Chacarita-Friedhof wurde im Oktober 2019 als Teil des Projektes \u201emoderne Chacarita\u201c auf der Internationalen Architektur-Biennale von Buenos Aires aufgestellt.<\/p>\n<p>Seine Videoperformance\u00a0<a href=\"https:\/\/nestorbarbitta.de\/de\/wir-die-plaetze\/\">\u201eWir, die Orte\u201c<\/a>\u00a0war Teil des st\u00e4dtischen Interventionsprojektes\u00a0<a href=\"http:\/\/www.thisisanintervention.info\/\" target=\"_blank\" rel=\"noopener noreferrer\">\u201eDies ist eine Intervention\u201c<\/a> . Dieses Projekt fand im Juli 2020 im ikonischen Bezirk Kreuzberg statt.<\/p>\n<p>Mit seiner Luftaufnahme &#8222;Partido&#8220; gewann er den 3. Ankaufspreis der Ita\u00fa Visual Arts Awards in der Ausgabe 2019-2020.<\/p>\n<p>Er ist ein professioneller Drohnenpilot und auch ein bildender K\u00fcnstler, der sich sowohl mit den analogischen Mitteln al auch mit den neuesten Technologien gut auskennt.<\/p>\n<div id=\"gtx-trans\" style=\"position: absolute; left: 19px; top: 950px;\">\n<div class=\"gtx-trans-icon\">\u00a0<\/div>\n<\/div>\n<p>[\/et_pb_text][\/et_pb_column][\/et_pb_row][et_pb_row _builder_version=&#8220;4.9.4&#8243; _module_preset=&#8220;default&#8220; custom_padding=&#8220;0px|0px|0px|0px|true|true&#8220;][et_pb_column type=&#8220;4_4&#8243; _builder_version=&#8220;4.9.4&#8243; _module_preset=&#8220;default&#8220;][et_pb_image src=&#8220;https:\/\/nestorbarbitta.de\/wp-content\/uploads\/2021\/06\/nestorbarbitta-photoautomat-cv.jpg&#8220; alt=&#8220;Photoautomat Berlin&#8220; title_text=&#8220;Photoautomat Berlin&#8220; force_fullwidth=&#8220;on&#8220; _builder_version=&#8220;4.9.4&#8243; _module_preset=&#8220;default&#8220; width_last_edited=&#8220;off|desktop&#8220; max_width_tablet=&#8220;&#8220; max_width_phone=&#8220;&#8220; max_width_last_edited=&#8220;on|phone&#8220; module_alignment=&#8220;center&#8220; custom_padding=&#8220;0px|0px|0px|0px|true|true&#8220; module_alignment_phone=&#8220;center&#8220; module_alignment_last_edited=&#8220;off|desktop&#8220;][\/et_pb_image][\/et_pb_column][\/et_pb_row][\/et_pb_section]<\/p>\n","protected":false},"excerpt":{"rendered":"<p>Nestor Barbitta studierte Design Audiovisueller Medien an der Universit\u00e4t Buenos Aires. Als Fotojournalist und Dozent ist er war auch f\u00fcr die Erstellung von audiovisuellen Inhalten f\u00fcr verschiedene Beh\u00f6rden zust\u00e4ndig. Seit 2012 ist er Mitglied von ARGRA (Fotojournalisten-Verband) und seine Fotos wurden in nationalen und internationalen Medien ver\u00f6ffentlicht. F\u00fcr mehrere Jahre nahm er an der\u00a0Werkstatt der [&hellip;]<\/p>\n","protected":false},"author":1,"featured_media":0,"parent":0,"menu_order":0,"comment_status":"closed","ping_status":"closed","template":"","meta":{"_et_pb_use_builder":"on","_et_pb_old_content":"","_et_gb_content_width":"","footnotes":""},"class_list":["post-25050","page","type-page","status-publish","hentry"],"_links":{"self":[{"href":"https:\/\/nestorbarbitta.de\/de\/wp-json\/wp\/v2\/pages\/25050","targetHints":{"allow":["GET"]}}],"collection":[{"href":"https:\/\/nestorbarbitta.de\/de\/wp-json\/wp\/v2\/pages"}],"about":[{"href":"https:\/\/nestorbarbitta.de\/de\/wp-json\/wp\/v2\/types\/page"}],"author":[{"embeddable":true,"href":"https:\/\/nestorbarbitta.de\/de\/wp-json\/wp\/v2\/users\/1"}],"replies":[{"embeddable":true,"href":"https:\/\/nestorbarbitta.de\/de\/wp-json\/wp\/v2\/comments?post=25050"}],"version-history":[{"count":8,"href":"https:\/\/nestorbarbitta.de\/de\/wp-json\/wp\/v2\/pages\/25050\/revisions"}],"predecessor-version":[{"id":30175,"href":"https:\/\/nestorbarbitta.de\/de\/wp-json\/wp\/v2\/pages\/25050\/revisions\/30175"}],"wp:attachment":[{"href":"https:\/\/nestorbarbitta.de\/de\/wp-json\/wp\/v2\/media?parent=25050"}],"curies":[{"name":"wp","href":"https:\/\/api.w.org\/{rel}","templated":true}]}}