{"id":25076,"date":"2018-07-18T15:54:02","date_gmt":"2018-07-18T15:54:02","guid":{"rendered":"http:\/\/nestorbarbitta.de\/?page_id=25076"},"modified":"2021-06-08T16:04:53","modified_gmt":"2021-06-08T15:04:53","slug":"das-weisse-elefant","status":"publish","type":"page","link":"https:\/\/nestorbarbitta.de\/de\/das-weisse-elefant\/","title":{"rendered":"Das wei\u00dfe Elefant"},"content":{"rendered":"<p>[et_pb_section fb_built=&#8220;1&#8243; _builder_version=&#8220;4.9.4&#8243; custom_padding=&#8220;0px||15px||false|false&#8220; hover_enabled=&#8220;0&#8243; locked=&#8220;off&#8220; sticky_enabled=&#8220;0&#8243; background_enable_color=&#8220;off&#8220;][et_pb_row use_custom_gutter=&#8220;on&#8220; gutter_width=&#8220;1&#8243; _builder_version=&#8220;4.9.4&#8243; background_size=&#8220;initial&#8220; background_position=&#8220;top_left&#8220; background_repeat=&#8220;repeat&#8220; width=&#8220;90%&#8220; max_width=&#8220;100%&#8220; custom_margin=&#8220;0px|0px|0px|0px|false|false&#8220; custom_padding=&#8220;0px|0px|0px|0px|false|false&#8220; hover_enabled=&#8220;0&#8243; sticky_enabled=&#8220;0&#8243; module_alignment=&#8220;center&#8220;][et_pb_column type=&#8220;4_4&#8243; _builder_version=&#8220;3.25&#8243; custom_padding=&#8220;|||&#8220; custom_padding__hover=&#8220;|||&#8220;][et_pb_gallery gallery_ids=&#8220;28883,28886,28889,28892,28895,28898,28901,28904,28907&#8243; posts_number=&#8220;20&#8243; show_title_and_caption=&#8220;off&#8220; show_pagination=&#8220;off&#8220; zoom_icon_color=&#8220;#000000&#8243; hover_icon=&#8220;%%51%%&#8220; module_class=&#8220;col-width&#8220; _builder_version=&#8220;4.9.4&#8243; hover_enabled=&#8220;0&#8243; pagination_font_size_tablet=&#8220;51&#8243; pagination_line_height_tablet=&#8220;2&#8243; locked=&#8220;off&#8220; sticky_enabled=&#8220;0&#8243; border_color_all=&#8220;#EEF5F7&#8243; border_width_all=&#8220;5px&#8220;][\/et_pb_gallery][\/et_pb_column][\/et_pb_row][et_pb_row _builder_version=&#8220;4.9.4&#8243; width=&#8220;90%&#8220; hover_enabled=&#8220;0&#8243; max_width=&#8220;none&#8220; sticky_enabled=&#8220;0&#8243;][et_pb_column type=&#8220;4_4&#8243; _builder_version=&#8220;4.2.2&#8243;][et_pb_text _builder_version=&#8220;4.9.4&#8243;]<\/p>\n<div align=\"justify\">\n<p><strong>Das wei\u00dfe Elefant<\/strong> h\u00e4tte das gr\u00f6\u00dfte Krankenhaus Lateinamerikas sein k\u00f6nnen, aber das Projekt hat gescheitert. Die sogenannte \u201ebefreiende Revolution\u201c, die 1955 den Pr\u00e4sidenten J. D. Per\u00f3n abgesetzt hat, hat das Vollziehen dieses Projektes gefroren, was das komplette Verlassen des Geb\u00e4udes verursachte. F\u00fcr Jahre wurde von \u00e4rmeren Familien besetzt. Der argentinische Filmemacher Pablo Trapero hat dort seinen bekannten homonymen Film gedreht, was diesem Geb\u00e4ude die Hauptrolle gegeben hat. Das st\u00e4dtische Parlament rei\u00dft das alte Geb\u00e4ude schon seit 2017 ab und plant das Bauen eines Ministeriums dort zu errichten.<\/p>\n<\/div>\n<p>[\/et_pb_text][\/et_pb_column][\/et_pb_row][\/et_pb_section]<\/p>\n","protected":false},"excerpt":{"rendered":"<p>Das wei\u00dfe Elefant h\u00e4tte das gr\u00f6\u00dfte Krankenhaus Lateinamerikas sein k\u00f6nnen, aber das Projekt hat gescheitert. Die sogenannte \u201ebefreiende Revolution\u201c, die 1955 den Pr\u00e4sidenten J. D. Per\u00f3n abgesetzt hat, hat das Vollziehen dieses Projektes gefroren, was das komplette Verlassen des Geb\u00e4udes verursachte. F\u00fcr Jahre wurde von \u00e4rmeren Familien besetzt. Der argentinische Filmemacher Pablo Trapero hat dort [&hellip;]<\/p>\n","protected":false},"author":1,"featured_media":0,"parent":0,"menu_order":0,"comment_status":"closed","ping_status":"closed","template":"","meta":{"_et_pb_use_builder":"on","_et_pb_old_content":"","_et_gb_content_width":"","footnotes":""},"class_list":["post-25076","page","type-page","status-publish","hentry"],"_links":{"self":[{"href":"https:\/\/nestorbarbitta.de\/de\/wp-json\/wp\/v2\/pages\/25076","targetHints":{"allow":["GET"]}}],"collection":[{"href":"https:\/\/nestorbarbitta.de\/de\/wp-json\/wp\/v2\/pages"}],"about":[{"href":"https:\/\/nestorbarbitta.de\/de\/wp-json\/wp\/v2\/types\/page"}],"author":[{"embeddable":true,"href":"https:\/\/nestorbarbitta.de\/de\/wp-json\/wp\/v2\/users\/1"}],"replies":[{"embeddable":true,"href":"https:\/\/nestorbarbitta.de\/de\/wp-json\/wp\/v2\/comments?post=25076"}],"version-history":[{"count":4,"href":"https:\/\/nestorbarbitta.de\/de\/wp-json\/wp\/v2\/pages\/25076\/revisions"}],"predecessor-version":[{"id":29903,"href":"https:\/\/nestorbarbitta.de\/de\/wp-json\/wp\/v2\/pages\/25076\/revisions\/29903"}],"wp:attachment":[{"href":"https:\/\/nestorbarbitta.de\/de\/wp-json\/wp\/v2\/media?parent=25076"}],"curies":[{"name":"wp","href":"https:\/\/api.w.org\/{rel}","templated":true}]}}