{"id":25468,"date":"2019-08-26T14:11:03","date_gmt":"2019-08-26T14:11:03","guid":{"rendered":"http:\/\/nestorbarbitta.de\/?page_id=25468"},"modified":"2021-07-30T15:43:33","modified_gmt":"2021-07-30T14:43:33","slug":"architekturfotografie-vieja","status":"publish","type":"page","link":"https:\/\/nestorbarbitta.de\/de\/architekturfotografie-vieja\/","title":{"rendered":"Architekturfotografie"},"content":{"rendered":"<p>[et_pb_section fb_built=&#8220;1&#8243; _builder_version=&#8220;4.9.4&#8243; background_enable_color=&#8220;off&#8220; custom_margin=&#8220;0px|0px|0px|0px|false|false&#8220; custom_padding=&#8220;0px|0px|0px|0px|false|false&#8220;][et_pb_row use_custom_gutter=&#8220;on&#8220; gutter_width=&#8220;1&#8243; _builder_version=&#8220;4.2.2&#8243; background_size=&#8220;initial&#8220; background_position=&#8220;top_left&#8220; background_repeat=&#8220;repeat&#8220; width=&#8220;100%&#8220; max_width=&#8220;100%&#8220; custom_margin=&#8220;0px|0px|0px|0px|false|false&#8220; custom_padding=&#8220;0px|0px|0px|0px|false|false&#8220;][et_pb_column type=&#8220;4_4&#8243; _builder_version=&#8220;3.25&#8243; custom_padding=&#8220;|||&#8220; custom_padding__hover=&#8220;|||&#8220;][et_pb_gallery gallery_ids=&#8220;28400,28458,28452,28454,28478,28480,28408,28464,28462,28446,28422,28474,28466,28444,28426,28428,28394,28432,27886,27890,27892,27894,27896,27898,27900,27902,27904,27906,27908,27910,27914,27916,27918,27920,27922&#8243; gallery_orderby=&#8220;rand&#8220; posts_number=&#8220;40&#8243; orientation=&#8220;portrait&#8220; show_title_and_caption=&#8220;off&#8220; show_pagination=&#8220;off&#8220; zoom_icon_color=&#8220;#000000&#8243; hover_overlay_color=&#8220;rgba(255,255,255,0.5)&#8220; hover_icon=&#8220;%%51%%&#8220; module_class=&#8220;col-width&#8220; _builder_version=&#8220;4.4.8&#8243; custom_margin=&#8220;0px|0px|0px|0px|false|false&#8220; custom_padding=&#8220;0px|0px|0px|0px|false|false&#8220; pagination_font_size_tablet=&#8220;51&#8243; pagination_line_height_tablet=&#8220;2&#8243; custom_css_gallery_item=&#8220;padding: 3px;&#8220;][\/et_pb_gallery][\/et_pb_column][\/et_pb_row][\/et_pb_section][et_pb_section fb_built=&#8220;1&#8243; _builder_version=&#8220;4.9.6&#8243; _module_preset=&#8220;default&#8220; background_enable_color=&#8220;off&#8220; hover_enabled=&#8220;0&#8243; custom_padding=&#8220;||0px||false|false&#8220; sticky_enabled=&#8220;0&#8243;][et_pb_row _builder_version=&#8220;4.8.2&#8243; _module_preset=&#8220;default&#8220;][et_pb_column type=&#8220;4_4&#8243; _builder_version=&#8220;4.8.2&#8243; _module_preset=&#8220;default&#8220;][et_pb_text _builder_version=&#8220;4.9.6&#8243; _module_preset=&#8220;default&#8220; text_line_height=&#8220;1.8em&#8220; header_font=&#8220;Abel|||||on|||&#8220; header_text_align=&#8220;left&#8220; header_line_height=&#8220;1.4em&#8220; header_2_font=&#8220;Abel||||||||&#8220; header_2_text_align=&#8220;left&#8220; header_2_line_height=&#8220;1.4em&#8220; header_3_font=&#8220;Abel||||||||&#8220; header_3_font_size=&#8220;26px&#8220; header_3_line_height=&#8220;1.4em&#8220; text_orientation=&#8220;justified&#8220;]<\/p>\n<h1>Architekturfotografie<\/h1>\n<p>Architekturfotografie (auch Architekturfotografie) ist ein Fachgebiet, das von Menschenhand geschaffene R\u00e4ume erfasst und beschreibt. Die Verbindung zwischen der Kunst der Fotografie und der Kunst der Architektur hat ihren Ursprung in der Erfindung der Fotografie selbst. Die erste Fotografie, die Joseph Niepce 1826 aufnahm, zeigte eine Gruppe von Geb\u00e4uden aus einem Fenster. Dieses Bild, das noch heute erhalten ist, zeigt das Interesse des Fotografen an Licht und Schatten, der grundlegenden Basis f\u00fcr das fotografische Bild.<\/p>\n<p>Ausgehend vom Urbanen erlaubt die Architekturfotografie die Beschreibung der Stadt und des Kontextes der architektonischen Arbeit. Ein Bild kann die Beziehung eines Geb\u00e4udes oder einer Struktur zur Umgebung deutlich zeigen.<\/p>\n<h2>Interieurfotografie.<\/h2>\n<p>Im Rahmen der Innenraumfotografie oder Innenarchitektur dokumentieren Bilder die Beziehung zwischen dem vom Architekten oder Innenarchitekten geschaffenen Raum und den verschiedenen Elementen, die ihn bewohnen, wie M\u00f6bel, Farben, Texturen, Lichtquellen und Beleuchtung.<\/p>\n<p>Architekturfotografie erm\u00f6glicht es, den Raum (das Werk) und das Gleichgewicht zwischen der Leere und ihrer Beziehung zu dem, was sie enth\u00e4lt, zu zeigen oder zu visualisieren. Ein Geb\u00e4ude steht im Kontext der Stadt, das Werk steht im Dialog mit seiner Umgebung, hebt sich ab oder f\u00fcgt sich ein, bleibt unbemerkt oder wird wahrgenommen.<\/p>\n<h2>Architekturfotografie-Service<\/h2>\n<p>Meine Spezialisierung auf Architekturfotografie erm\u00f6glicht es mir, verschiedene Projekte von unterschiedlichen Architekten zu dokumentieren. Meine Architekturbilder wurden in B\u00fcchern und Fachzeitschriften, Portfolios von Ateliers oder Baufirmen, Real State Katalogen, Immobilien, Architekturausstellungen ver\u00f6ffentlicht und wurden auch als Studienmaterial in Architektur-, Design- und Urbanismusstudieng\u00e4ngen verwendet. Architekturfotografische Dienstleistungen sind sehr n\u00fctzlich f\u00fcr Bauunternehmen, Stadtplaner und Immobilienentwickler.<\/p>\n<h2>Professionelle Architekturfotografie und Innenarchitekturfotografie Dienstleistungen<\/h2>\n<p>Wenn Sie Fragen haben oder eine Beratung f\u00fcr Ihr Architektur- oder Innenarchitekturprojekt ben\u00f6tigen, k\u00f6nnen Sie mich \u00fcber das Kontaktformular kontaktieren, das Sie unter dem folgenden Button finden.<\/p>\n<p>[\/et_pb_text][et_pb_button button_url=&#8220;https:\/\/nestorbarbitta.de\/de\/kontakt\/&#8220; button_text=&#8220;Kontakt&#8220; _builder_version=&#8220;4.8.2&#8243; _module_preset=&#8220;default&#8220;][\/et_pb_button][\/et_pb_column][\/et_pb_row][et_pb_row _builder_version=&#8220;4.9.6&#8243; _module_preset=&#8220;default&#8220; width=&#8220;100%&#8220; max_width=&#8220;none&#8220; custom_padding=&#8220;0px|0px|0px|0px|true|true&#8220;][et_pb_column type=&#8220;4_4&#8243; _builder_version=&#8220;4.9.6&#8243; _module_preset=&#8220;default&#8220;][et_pb_image src=&#8220;https:\/\/nestorbarbitta.de\/wp-content\/uploads\/2021\/06\/plaza-congreso-buenos-aires-drone.jpg&#8220; alt=&#8220;Architecture photography &#8211; Plaza Congreso &#8211; Buenos Aires&#8220; title_text=&#8220;Plaza Congreso &#8211; Buenos Aires&#8220; force_fullwidth=&#8220;on&#8220; _builder_version=&#8220;4.9.6&#8243; _module_preset=&#8220;default&#8220; custom_margin=&#8220;|0px||0px|false|true&#8220; custom_padding=&#8220;0px|0px|0px|0px|true|true&#8220;][\/et_pb_image][\/et_pb_column][\/et_pb_row][\/et_pb_section]<\/p>\n","protected":false},"excerpt":{"rendered":"<p>Architekturfotografie Architekturfotografie (auch Architekturfotografie) ist ein Fachgebiet, das von Menschenhand geschaffene R\u00e4ume erfasst und beschreibt. Die Verbindung zwischen der Kunst der Fotografie und der Kunst der Architektur hat ihren Ursprung in der Erfindung der Fotografie selbst. Die erste Fotografie, die Joseph Niepce 1826 aufnahm, zeigte eine Gruppe von Geb\u00e4uden aus einem Fenster. Dieses Bild, das [&hellip;]<\/p>\n","protected":false},"author":1,"featured_media":0,"parent":0,"menu_order":0,"comment_status":"closed","ping_status":"closed","template":"","meta":{"_et_pb_use_builder":"on","_et_pb_old_content":"","_et_gb_content_width":"","footnotes":""},"class_list":["post-25468","page","type-page","status-publish","hentry"],"_links":{"self":[{"href":"https:\/\/nestorbarbitta.de\/de\/wp-json\/wp\/v2\/pages\/25468","targetHints":{"allow":["GET"]}}],"collection":[{"href":"https:\/\/nestorbarbitta.de\/de\/wp-json\/wp\/v2\/pages"}],"about":[{"href":"https:\/\/nestorbarbitta.de\/de\/wp-json\/wp\/v2\/types\/page"}],"author":[{"embeddable":true,"href":"https:\/\/nestorbarbitta.de\/de\/wp-json\/wp\/v2\/users\/1"}],"replies":[{"embeddable":true,"href":"https:\/\/nestorbarbitta.de\/de\/wp-json\/wp\/v2\/comments?post=25468"}],"version-history":[{"count":12,"href":"https:\/\/nestorbarbitta.de\/de\/wp-json\/wp\/v2\/pages\/25468\/revisions"}],"predecessor-version":[{"id":30154,"href":"https:\/\/nestorbarbitta.de\/de\/wp-json\/wp\/v2\/pages\/25468\/revisions\/30154"}],"wp:attachment":[{"href":"https:\/\/nestorbarbitta.de\/de\/wp-json\/wp\/v2\/media?parent=25468"}],"curies":[{"name":"wp","href":"https:\/\/api.w.org\/{rel}","templated":true}]}}