{"id":26499,"date":"2020-02-07T09:55:14","date_gmt":"2020-02-07T09:55:14","guid":{"rendered":"http:\/\/nestorbarbitta.de\/?page_id=26499"},"modified":"2023-11-07T17:25:37","modified_gmt":"2023-11-07T16:25:37","slug":"auftraege","status":"publish","type":"page","link":"https:\/\/nestorbarbitta.de\/de\/auftraege\/","title":{"rendered":"Auftr\u00e4ge"},"content":{"rendered":"<p>[et_pb_section fb_built=&#8220;1&#8243; _builder_version=&#8220;4.23&#8243; width=&#8220;100%&#8220; max_width=&#8220;100%&#8220; custom_margin=&#8220;0px|0px|0px|0px|false|false&#8220; custom_padding=&#8220;0px|0px|0px|0px|false|false&#8220; hover_enabled=&#8220;0&#8243; global_colors_info=&#8220;{}&#8220; sticky_enabled=&#8220;0&#8243; background_enable_color=&#8220;off&#8220;][et_pb_row use_custom_gutter=&#8220;on&#8220; gutter_width=&#8220;1&#8243; _builder_version=&#8220;4.16&#8243; background_size=&#8220;initial&#8220; background_position=&#8220;top_left&#8220; background_repeat=&#8220;repeat&#8220; width=&#8220;100%&#8220; max_width=&#8220;100%&#8220; custom_margin=&#8220;0px|0px|0px|0px|false|false&#8220; custom_padding=&#8220;0px|0px|0px|0px|false|false&#8220; hover_enabled=&#8220;0&#8243; locked=&#8220;off&#8220; global_colors_info=&#8220;{}&#8220; sticky_enabled=&#8220;0&#8243;][et_pb_column type=&#8220;4_4&#8243; _builder_version=&#8220;4.16&#8243; custom_padding=&#8220;|||&#8220; global_colors_info=&#8220;{}&#8220; custom_padding__hover=&#8220;|||&#8220;][et_pb_gallery gallery_ids=&#8220;29062,29065,29068,29071,29074,29077,29080,29083,29086,29092,29096,29099,29102,29105,29108,29111,29114,29117,29120,29123,29129,29132,30318,28947&#8243; gallery_orderby=&#8220;rand&#8220; posts_number=&#8220;36&#8243; orientation=&#8220;portrait&#8220; show_title_and_caption=&#8220;off&#8220; show_pagination=&#8220;off&#8220; zoom_icon_color=&#8220;#000000&#8243; hover_overlay_color=&#8220;rgba(255,255,255,0.5)&#8220; hover_icon=&#8220;&#x54;||divi||400&#8243; module_class=&#8220;col-width&#8220; _builder_version=&#8220;4.23&#8243; custom_margin=&#8220;0px|0px|0px|0px|false|false&#8220; custom_padding=&#8220;0px|0px|0px|0px|false|false&#8220; hover_enabled=&#8220;0&#8243; pagination_font_size_tablet=&#8220;51&#8243; pagination_line_height_tablet=&#8220;2&#8243; border_width_all=&#8220;3px&#8220; border_color_all=&#8220;#131517&#8243; global_colors_info=&#8220;{}&#8220; sticky_enabled=&#8220;0&#8243;][\/et_pb_gallery][\/et_pb_column][\/et_pb_row][\/et_pb_section][et_pb_section fb_built=&#8220;1&#8243; _builder_version=&#8220;4.23&#8243; _module_preset=&#8220;default&#8220; background_enable_color=&#8220;off&#8220; custom_padding=&#8220;0px||0px||true|false&#8220; hover_enabled=&#8220;0&#8243; global_colors_info=&#8220;{}&#8220; sticky_enabled=&#8220;0&#8243; locked=&#8220;off&#8220;][et_pb_row _builder_version=&#8220;4.23&#8243; _module_preset=&#8220;default&#8220; hover_enabled=&#8220;0&#8243; global_colors_info=&#8220;{}&#8220; max_width=&#8220;none&#8220; width=&#8220;90%&#8220; sticky_enabled=&#8220;0&#8243;][et_pb_column type=&#8220;4_4&#8243; _builder_version=&#8220;4.16&#8243; _module_preset=&#8220;default&#8220; global_colors_info=&#8220;{}&#8220;][et_pb_text _builder_version=&#8220;4.23&#8243; _module_preset=&#8220;default&#8220; text_line_height=&#8220;1.8em&#8220; header_font=&#8220;Abel||||||||&#8220; header_text_align=&#8220;left&#8220; header_line_height=&#8220;1.4em&#8220; header_2_font=&#8220;Abel||||||||&#8220; header_2_text_align=&#8220;left&#8220; header_2_line_height=&#8220;1.4em&#8220; header_3_font=&#8220;Abel||||||||&#8220; header_3_font_size=&#8220;26px&#8220; header_3_line_height=&#8220;1.4em&#8220; text_orientation=&#8220;justified&#8220; hover_enabled=&#8220;0&#8243; global_colors_info=&#8220;{}&#8220; sticky_enabled=&#8220;0&#8243;]<\/p>\n<h1>Professioneller Fotografiedienst<\/h1>\n<p>Ich bin ein professioneller Fotograf, spezialisiert auf Portr\u00e4t-, Produkt-, Firmenveranstaltungen, Fotojournalismus, darstellende K\u00fcnste, Theater, Tanz, Musik und Luftaufnahmen mit Drohnen. Ich habe meinen Abschluss in Audiovisuellem Design an der Universit\u00e4t von Buenos Aires, Argentinien gemacht. Ich habe als freiberuflicher Fotograf f\u00fcr verschiedene Kunden gearbeitet, darunter Unternehmen, Organisationen, Freiberufler und K\u00fcnstler. Ich habe auch meine Arbeiten in verschiedenen Galerien und R\u00e4umen auf der ganzen Welt ausgestellt.<\/p>\n<h2>Konzertfotografie<\/h2>\n<p>Konzertfotografie ist eine k\u00fcnstlerische Disziplin, die fl\u00fcchtige und aufregende Momente w\u00e4hrend live gespielter Musik einf\u00e4ngt und eine breite Palette von Genres abdeckt, von klassischer Musik bis Rock, Pop und anderen Musikrichtungen. Sie konzentriert sich auf k\u00fcnstlerischen Ausdruck, die Energie der K\u00fcnstler und die Verbindung zum Publikum und nutzt Licht, Komposition und Perspektive, um die einzigartige Atmosph\u00e4re jeder Vorstellung zu vermitteln und ein visuelles Zeugnis f\u00fcr die Leidenschaft und Intensit\u00e4t der Live-Musik zu liefern.<\/p>\n<h2>Fotografie der darstellenden K\u00fcnste<\/h2>\n<p>Die Fotografie des Theaters und der darstellenden K\u00fcnste konzentriert sich darauf, Live-Auff\u00fchrungen auf k\u00fcnstlerische und dokumentarische Weise festzuhalten, sei es auf der B\u00fchne, in einem Theater oder an Freiluftspielst\u00e4tten. Meine berufliche Erfahrung umfasst ein breites Spektrum, von klassischem und zeitgen\u00f6ssischem Tanz bis hin zu Performances und allen Arten von Aktivit\u00e4ten im Zusammenhang mit der Welt der darstellenden K\u00fcnste. Meine Rolle als Fotograf besteht darin, den Ausdruck und die Bewegung der K\u00fcnstler auf der B\u00fchne einzufangen und die Emotion und die Erz\u00e4hlung der Werke, an denen sie teilnehmen, festzuhalten. Ich habe auch professionelle Portfolios f\u00fcr K\u00fcnstler erstellt, immer unter Ber\u00fccksichtigung ihrer besonderen Merkmale, F\u00e4higkeiten und Individualit\u00e4t. Ich habe Fotos f\u00fcr Theaterplakate und Werbematerial f\u00fcr Theater- und Tanzprojekte an verschiedenen Orten auf der Welt produziert.<\/p>\n<h2>Nachrichtenfotografie<\/h2>\n<p>Fotojournalismus ist eine Form der visuellen Kommunikation, die bedeutende oder bemerkenswerte Ereignisse durch Bilder erz\u00e4hlt. Als Mitglied des Argentinischen Verbands der Fotojournalisten verpflichte ich mich, professionell zu arbeiten und aktuelle Ereignisse objektiv und sinnvoll f\u00fcr die Gesellschaft zu dokumentieren. Meine Fotos, die in argentinischen und internationalen Medien ver\u00f6ffentlicht wurden, haben dazu beigetragen, die \u00d6ffentlichkeit zu informieren und eine unabh\u00e4ngige Perspektive in der Berichterstattung zu bieten, indem sie Geschichten von lokaler bis globaler Bedeutung illustrieren und dazu beitragen, ein visuelles Zeugnis f\u00fcr die zeitgen\u00f6ssische Geschichte zu liefern.<\/p>\n<h3>Werbefotografie<\/h3>\n<p>Diese Art der Fotografie konzentriert sich darauf, hochwertige Bilder zu erstellen, die dazu dienen, Produkte, Dienstleistungen oder Marken f\u00fcr kommerzielle Zwecke zu bewerben. Das Ziel dieser Fotografie besteht darin, Produkte attraktiv darzustellen und deren Merkmale und Vorteile hervorzuheben, um Verbraucher anzulocken. Sie wird in der Werbung, in Katalogen, auf E-Commerce-Websites, in Marketingkampagnen und anderen Werbemedien eingesetzt. Sie ist ein grundlegendes Werkzeug in der Gesch\u00e4ftswelt, um effektive und ansprechende Botschaften an Verbraucher zu vermitteln.<\/p>\n<h3>Luftaufnahmen mit Drohnen<\/h3>\n<p>Die Luftaufnahmen mit Drohnen sind eine Technik, bei der unbemannte Luftfahrzeuge, allgemein als Drohnen bekannt, verwendet werden, um Bilder aus erh\u00f6hter Perspektive aufzunehmen. Diese Ger\u00e4te sind mit Kameras und Sensoren ausgestattet, die es ihnen erm\u00f6glichen, Fotos und Videos aus verschiedenen H\u00f6hen und einzigartigen Blickwinkeln aufzunehmen. Diese Form der Luftfotografie bietet einen Panoramablick auf Landschaften, Geb\u00e4ude, Veranstaltungen und nat\u00fcrliche Umgebungen und erm\u00f6glicht atemberaubende Aufnahmen und Perspektiven, die mit herk\u00f6mmlichen Methoden nicht erreichbar w\u00e4ren. Die Drohnenfotografie wird in verschiedenen Anwendungen eingesetzt, darunter die Kinematografie, die Dokumentation von Ereignissen, die Kartografie, die Architektur, die Industrie und die k\u00fcnstlerische Fotografie und tr\u00e4gt zu einer neuen Dimension der visuellen Kreativit\u00e4t bei.<\/p>\n<h2>Spezialisierung<\/h2>\n<p>Ich bin auch spezialisiert auf <a href=\"\/de\/architekturfotografie\/\">Architekturfotografie<\/a>, <a href=\"\/de\/kriegszeit-die-grenze-zwischen-der-ukraine-und-polen\/\">Fotojournalismus<\/a>, <a href=\"\/de\/portraets\/\">Portr\u00e4ts<\/a>, <a href=\"https:\/\/complemento.de\/de\/professionelle-fotografie-dienstleistungen\/\" target=\"_blank\" rel=\"noopener\">Produktfotografie<\/a> und <a href=\"https:\/\/complemento.de\/de\/fotografie-mit-drohnen\/\" target=\"_blank\" rel=\"noopener\">Luftfotografie mit Drohnen<\/a>.<\/p>\n<h2>Professionelle Fotodienstleistungen<\/h2>\n<p>Wenn Sie Fragen haben oder Ratschl\u00e4ge f\u00fcr Ihr Projekt ben\u00f6tigen, k\u00f6nnen Sie mich \u00fcber das <a href=\"\/de\/kontakt\/\">Kontaktformular kontaktieren<\/a>, das Sie im n\u00e4chsten Abschnitt finden.<\/p>\n<h3>Zus\u00e4tzliche Dienstleistungen<\/h3>\n<p>F\u00fcr zus\u00e4tzliche Fotografie-, Video- und audiovisuelle Design-Dienstleistungen lade ich Sie ein, mein <a href=\"https:\/\/complemento.de\/\" target=\"_blank\" rel=\"noopener\">Projekt Complemento<\/a> zu besuchen, wo Sie eine detaillierte Beschreibung und weitere Beispiele meiner Auftragsarbeiten finden.<\/p>\n<p>[\/et_pb_text][et_pb_button button_url=&#8220;\/de\/kontakt\/&#8220; button_text=&#8220;Kontakt&#8220; _builder_version=&#8220;4.16&#8243; _module_preset=&#8220;default&#8220; global_colors_info=&#8220;{}&#8220;][\/et_pb_button][\/et_pb_column][\/et_pb_row][\/et_pb_section][et_pb_section fb_built=&#8220;1&#8243; _builder_version=&#8220;4.23&#8243; _module_preset=&#8220;default&#8220; background_enable_color=&#8220;off&#8220; custom_padding=&#8220;0px||0px||true|false&#8220; hover_enabled=&#8220;0&#8243; global_colors_info=&#8220;{}&#8220; sticky_enabled=&#8220;0&#8243; locked=&#8220;off&#8220; min_height=&#8220;300px&#8220; alt=&#8220;Snow in the forest&#8220; title_text=&#8220;Wald&#8220; background_image=&#8220;https:\/\/nestorbarbitta.de\/wp-content\/uploads\/2021\/11\/wald.jpg&#8220; parallax=&#8220;on&#8220; width=&#8220;100%&#8220;][\/et_pb_section]<\/p>\n","protected":false},"excerpt":{"rendered":"<p>Professioneller Fotografiedienst Ich bin ein professioneller Fotograf, spezialisiert auf Portr\u00e4t-, Produkt-, Firmenveranstaltungen, Fotojournalismus, darstellende K\u00fcnste, Theater, Tanz, Musik und Luftaufnahmen mit Drohnen. Ich habe meinen Abschluss in Audiovisuellem Design an der Universit\u00e4t von Buenos Aires, Argentinien gemacht. Ich habe als freiberuflicher Fotograf f\u00fcr verschiedene Kunden gearbeitet, darunter Unternehmen, Organisationen, Freiberufler und K\u00fcnstler. Ich habe auch [&hellip;]<\/p>\n","protected":false},"author":1,"featured_media":0,"parent":0,"menu_order":0,"comment_status":"closed","ping_status":"closed","template":"","meta":{"_et_pb_use_builder":"on","_et_pb_old_content":"","_et_gb_content_width":"","footnotes":""},"class_list":["post-26499","page","type-page","status-publish","hentry"],"_links":{"self":[{"href":"https:\/\/nestorbarbitta.de\/de\/wp-json\/wp\/v2\/pages\/26499","targetHints":{"allow":["GET"]}}],"collection":[{"href":"https:\/\/nestorbarbitta.de\/de\/wp-json\/wp\/v2\/pages"}],"about":[{"href":"https:\/\/nestorbarbitta.de\/de\/wp-json\/wp\/v2\/types\/page"}],"author":[{"embeddable":true,"href":"https:\/\/nestorbarbitta.de\/de\/wp-json\/wp\/v2\/users\/1"}],"replies":[{"embeddable":true,"href":"https:\/\/nestorbarbitta.de\/de\/wp-json\/wp\/v2\/comments?post=26499"}],"version-history":[{"count":18,"href":"https:\/\/nestorbarbitta.de\/de\/wp-json\/wp\/v2\/pages\/26499\/revisions"}],"predecessor-version":[{"id":31171,"href":"https:\/\/nestorbarbitta.de\/de\/wp-json\/wp\/v2\/pages\/26499\/revisions\/31171"}],"wp:attachment":[{"href":"https:\/\/nestorbarbitta.de\/de\/wp-json\/wp\/v2\/media?parent=26499"}],"curies":[{"name":"wp","href":"https:\/\/api.w.org\/{rel}","templated":true}]}}