{"id":27010,"date":"2020-07-05T11:59:24","date_gmt":"2020-07-05T10:59:24","guid":{"rendered":"https:\/\/nestorbarbitta.de\/?page_id=27010"},"modified":"2024-11-14T19:01:44","modified_gmt":"2024-11-14T18:01:44","slug":"wir-die-plaetze","status":"publish","type":"page","link":"https:\/\/nestorbarbitta.de\/de\/wir-die-plaetze\/","title":{"rendered":"Wir, die Pl\u00e4tze"},"content":{"rendered":"<p>[et_pb_section fb_built=&#8220;1&#8243; _builder_version=&#8220;4.16&#8243; custom_padding=&#8220;0px||25px|||&#8220; global_colors_info=&#8220;{}&#8220;][et_pb_row _builder_version=&#8220;4.16&#8243; custom_padding=&#8220;16px||0px|||&#8220; global_colors_info=&#8220;{}&#8220;][et_pb_column type=&#8220;4_4&#8243; _builder_version=&#8220;4.16&#8243; global_colors_info=&#8220;{}&#8220;][et_pb_post_title meta=&#8220;off&#8220; featured_image=&#8220;off&#8220; _builder_version=&#8220;4.16&#8243; title_level=&#8220;h2&#8243; title_font=&#8220;|700|||||||&#8220; title_text_align=&#8220;center&#8220; title_text_color=&#8220;#000000&#8243; text_orientation=&#8220;center&#8220; custom_margin=&#8220;||11px|||&#8220; global_colors_info=&#8220;{}&#8220;][\/et_pb_post_title][et_pb_video src=&#8220;https:\/\/vimeo.com\/437201100&#8243; _builder_version=&#8220;4.16&#8243; global_colors_info=&#8220;{}&#8220;][\/et_pb_video][et_pb_text _builder_version=&#8220;4.16&#8243; text_text_color=&#8220;#131517&#8243; header_text_color=&#8220;#131517&#8243; header_2_text_color=&#8220;#131517&#8243; header_3_text_color=&#8220;#131517&#8243; global_colors_info=&#8220;{}&#8220;]<\/p>\n<h2><strong>\u00dcber die Auff\u00fchrung:<\/strong><\/h2>\n<h3><strong>Pr\u00e4sentation<\/strong><\/h3>\n<p style=\"text-align: justify;\"Bei dieser Art von Experiment haben wir eine Schauspielerin und einen Fotografen zusammengebracht. Mit unserer Videoperformance wollen wir gemeinsam mit Ihnen \u00fcber unsere Rolle in der Gesellschaft angesichts einer neuen Art des Denkens \u00fcber die Welt nachdenken.\n\n<\/p>\n<h3><strong>Das Thema<\/strong><\/h3>\n<p style=\"text-align: justify;\">K\u00f6nnen wir einen anderen Standpunkt zu den Dingen haben, die uns t\u00e4glich passieren? Es besteht eine normalisierende Verbindung zwischen R\u00e4umen und ihren Bewohnern. Die Disposition der Menschen in den von uns besetzten R\u00e4umen. Die Orte, die unser routinem\u00e4\u00dfiges Verhalten bestimmen. Wie war unser Leben eingeschlossen? Wie wird dieser Rhythmus von nun an sein?<\/p>\n<h3><strong>Das Werkzeug<\/strong><\/h3>\n<p style=\"text-align: justify;\">Als K\u00fcnstlerinnen und K\u00fcnstler k\u00f6nnen wir jedes beliebige Werkzeug benutzen und es uns aneignen und so der Leere entgegentreten, die uns die Technologie aufzuzwingen versucht. In dieser Performance verwenden wir Drohnenbilder als dokumentarisches Aufnahmeinstrument, Bilder aus sozialen Netzwerken, die auf Anfrage oder angeeignet wurden. Anhand der B\u00fchnenauff\u00fchrung werden wir versuchen, das Schwanken der Empfindungen, die w\u00e4hrend der Gefangenschaft erlebt wurden, und ihre anschlie\u00dfende Folgerung zu manifestieren. Der Mensch wurde an die Grenze seiner Rationalit\u00e4t gezogen und gezwungen, sich mit seinen verborgensten Grenzen auseinanderzusetzen.<\/p>\n<p>[\/et_pb_text][\/et_pb_column][\/et_pb_row][\/et_pb_section][et_pb_section fb_built=&#8220;1&#8243; _builder_version=&#8220;4.16&#8243; custom_padding=&#8220;10px||||false|false&#8220; global_colors_info=&#8220;{}&#8220;][et_pb_row _builder_version=&#8220;4.16&#8243; custom_padding=&#8220;18px||16px|||&#8220; global_colors_info=&#8220;{}&#8220;][et_pb_column type=&#8220;4_4&#8243; _builder_version=&#8220;4.16&#8243; global_colors_info=&#8220;{}&#8220;][et_pb_text _builder_version=&#8220;4.16&#8243; text_text_color=&#8220;#000000&#8243; header_text_color=&#8220;#131517&#8243; header_2_text_color=&#8220;#131517&#8243; global_colors_info=&#8220;{}&#8220;]<\/p>\n<h2 style=\"text-align: left;\"><strong>\u00dcber die K\u00fcnstler<\/strong><\/h2>\n<p>[\/et_pb_text][\/et_pb_column][\/et_pb_row][et_pb_row column_structure=&#8220;1_2,1_2&#8243; _builder_version=&#8220;4.16&#8243; custom_margin=&#8220;|auto|-3px|auto||&#8220; global_colors_info=&#8220;{}&#8220;][et_pb_column type=&#8220;1_2&#8243; _builder_version=&#8220;4.16&#8243; global_colors_info=&#8220;{}&#8220;][et_pb_image src=&#8220;https:\/\/nestorbarbitta.de\/wp-content\/uploads\/2020\/07\/chela-sacan-web.jpg&#8220; title_text=&#8220;chela-sacan-web&#8220; _builder_version=&#8220;4.16&#8243; border_radii=&#8220;on|10px|10px|10px|10px&#8220; global_colors_info=&#8220;{}&#8220;][\/et_pb_image][et_pb_social_media_follow _builder_version=&#8220;4.16&#8243; text_orientation=&#8220;center&#8220; custom_margin=&#8220;-48px|||||&#8220; global_colors_info=&#8220;{}&#8220;][et_pb_social_media_follow_network social_network=&#8220;instagram&#8220; url=&#8220;https:\/\/www.instagram.com\/chelasacan\/&#8220; _builder_version=&#8220;4.16&#8243; background_color=&#8220;#ea2c59&#8243; global_colors_info=&#8220;{}&#8220; follow_button=&#8220;off&#8220; url_new_window=&#8220;on&#8220;]instagram[\/et_pb_social_media_follow_network][et_pb_social_media_follow_network social_network=&#8220;facebook&#8220; url=&#8220;https:\/\/www.facebook.com\/marcesacan&#8220; _builder_version=&#8220;4.16&#8243; background_color=&#8220;#3b5998&#8243; global_colors_info=&#8220;{}&#8220; follow_button=&#8220;off&#8220; url_new_window=&#8220;on&#8220;]facebook[\/et_pb_social_media_follow_network][et_pb_social_media_follow_network social_network=&#8220;youtube&#8220; url=&#8220;https:\/\/www.youtube.com\/channel\/UCko2LjwP04-vbKifqWtr00A&#8220; _builder_version=&#8220;4.16&#8243; background_color=&#8220;#a82400&#8243; global_colors_info=&#8220;{}&#8220; follow_button=&#8220;off&#8220; url_new_window=&#8220;on&#8220;]youtube[\/et_pb_social_media_follow_network][\/et_pb_social_media_follow][et_pb_text _builder_version=&#8220;4.16&#8243; text_text_color=&#8220;#000000&#8243; header_text_color=&#8220;#000000&#8243; header_2_text_color=&#8220;#000000&#8243; header_3_text_color=&#8220;#000000&#8243; header_4_text_color=&#8220;#000000&#8243; header_5_text_color=&#8220;#35363a&#8220; header_6_text_color=&#8220;#35363a&#8220; global_colors_info=&#8220;{}&#8220;]<\/p>\n<h2><strong>Chela Sacan<\/strong><\/h2>\n<h5>Schauspielerin<\/h5>\n<p>Marcela (Chela) Sac\u00e1n wurde am 9. April 1990 in Buenos Aires (Argentinien) geboren. Sie schloss ihr Schauspielstudium an der Nationalen Universit\u00e4t der K\u00fcnste mit einem Diplom ab. Sie studierte am Nationaltheater San Mart\u00edn. Au\u00dferdem bei Claudio Tolcachir (Timbre-4-Schule) und Norman Briski (Caliban-Theater).<\/p>\n<p>Sie bildete sich bei Emilio Tamer im Stehen aus und verbesserte ihre Gesangstechniken bei Daniela Basso. Im Theaterbereich nahm sie an mehreren Projekten mit renommierten Regisseuren des Off-Circuit-Theaters teil: unter anderem mit Claudio P\u00e9rsico, Lucas Santa Ana und Blanca Rizzo.<\/p>\n<p>Sie wirkte in internationalen Filmen, Serien und Werbespots mit verschiedenen Regisseuren wie Juan Jos\u00e9 Campanella und Andy Fogwill mit.<\/p>\n<p>Im Jahr 2019 leitete sie eine Veranstaltung mit dem renommierten Schauspieler und Komiker Mart\u00edn Bossi.<\/p>\n<p>Gegenw\u00e4rtig lebt sie in Berlin, wo sie an den audiovisuellen Aktivit\u00e4ten und dem k\u00fcnstlerischen Kreislauf der Stadt teilnimmt.<\/p>\n<div id=\"gtx-trans\" style=\"position: absolute; left: 73px; top: 174.262px;\">\n<div class=\"gtx-trans-icon\">\u00a0<\/div>\n<\/div>\n<p>[\/et_pb_text][\/et_pb_column][et_pb_column type=&#8220;1_2&#8243; _builder_version=&#8220;4.16&#8243; global_colors_info=&#8220;{}&#8220;][et_pb_image src=&#8220;https:\/\/nestorbarbitta.de\/wp-content\/uploads\/2020\/07\/nes-wetheplaces.jpg&#8220; title_text=&#8220;nes-wetheplaces&#8220; _builder_version=&#8220;4.16&#8243; border_radii=&#8220;on|10px|10px|10px|10px&#8220; global_colors_info=&#8220;{}&#8220;][\/et_pb_image][et_pb_social_media_follow _builder_version=&#8220;4.16&#8243; text_orientation=&#8220;center&#8220; custom_margin=&#8220;-48px|||||&#8220; global_colors_info=&#8220;{}&#8220;][et_pb_social_media_follow_network social_network=&#8220;instagram&#8220; url=&#8220;https:\/\/www.instagram.com\/nestorbarbitta\/&#8220; _builder_version=&#8220;4.16&#8243; background_color=&#8220;#ea2c59&#8243; global_colors_info=&#8220;{}&#8220; follow_button=&#8220;off&#8220; url_new_window=&#8220;on&#8220;]instagram[\/et_pb_social_media_follow_network][et_pb_social_media_follow_network social_network=&#8220;facebook&#8220; url=&#8220;https:\/\/www.facebook.com\/nbarbitta\/&#8220; _builder_version=&#8220;4.16&#8243; background_color=&#8220;#3b5998&#8243; global_colors_info=&#8220;{}&#8220; follow_button=&#8220;off&#8220; url_new_window=&#8220;on&#8220;]facebook[\/et_pb_social_media_follow_network][et_pb_social_media_follow_network social_network=&#8220;twitter&#8220; url=&#8220;http:\/\/twitter.com\/nestorbarbitta&#8220; _builder_version=&#8220;4.22.2&#8243; background_color=&#8220;#000000&#8243; global_colors_info=&#8220;{}&#8220; follow_button=&#8220;off&#8220; url_new_window=&#8220;on&#8220;]twitter[\/et_pb_social_media_follow_network][et_pb_social_media_follow_network social_network=&#8220;youtube&#8220; url=&#8220;https:\/\/youtube.com\/nestorbarbitta&#8220; _builder_version=&#8220;4.16&#8243; background_color=&#8220;#a82400&#8243; global_colors_info=&#8220;{}&#8220; follow_button=&#8220;off&#8220; url_new_window=&#8220;on&#8220;]youtube[\/et_pb_social_media_follow_network][et_pb_social_media_follow_network social_network=&#8220;vimeo&#8220; url=&#8220;https:\/\/vimeo.com\/nestorbarbitta&#8220; _builder_version=&#8220;4.16&#8243; background_color=&#8220;#45bbff&#8220; global_colors_info=&#8220;{}&#8220; follow_button=&#8220;off&#8220; url_new_window=&#8220;on&#8220;]vimeo[\/et_pb_social_media_follow_network][\/et_pb_social_media_follow][et_pb_text _builder_version=&#8220;4.16&#8243; text_text_color=&#8220;#000000&#8243; header_text_color=&#8220;#000000&#8243; header_2_text_color=&#8220;#000000&#8243; header_3_text_color=&#8220;#000000&#8243; header_4_text_color=&#8220;#000000&#8243; header_5_text_color=&#8220;#35363a&#8220; header_6_text_color=&#8220;#35363a&#8220; global_colors_info=&#8220;{}&#8220;]<\/p>\n<h2><strong>Nestor Barbitta<\/strong><\/h2>\n<h5>Fotograf \/ Bildender K\u00fcnstler<\/h5>\n<p>Audiovisueller Designer hat an der Universit\u00e4t von Buenos Aires studiert. Fotojournalist und Lehrer mehrerer Workshops in Bildungseinrichtungen und sozialen Projekten.<\/p>\n<p>Er leitete die Workshops der renommierten argentinischen Fotografen Eduardo Gil und Carlos Bosch.<\/p>\n<p>Seine Fotografien wurden in Argentinien, Madrid und Berlin ausgestellt.<\/p>\n<p>Seine Drohnenbilder waren Teil der Videoinstallation f\u00fcr die Ausstellung \u201eApollo und Dionysos in der argentinischen Architektur\u201c im MARQ.<\/p>\n<p>Seine Luftaufnahmen vom Chacarita-Friedhof wurden 2019 auf der Internationalen Architekturbiennale von Buenos Aires ausgestellt.<\/p>\n<p>In den Jahren 2018 und 2019 nahm er als Finalist am prestigetr\u00e4chtigen Premio Ita\u00fa Artes Visuales teil und gewann 2020 den 3.<\/p>\n<p>Seine Ausstellung \u201eKoordinaten des Alltagslebens\u201c wurde in der Argentinischen Botschaft in Berlin gezeigt.<\/p>\n<p>Er lebt seit mehr als einem Jahr in Berlin.<\/p>\n<div id=\"gtx-trans\" style=\"position: absolute; left: 393px; top: 447.663px;\">\n<div class=\"gtx-trans-icon\">\u00a0<\/div>\n<\/div>\n<p>[\/et_pb_text][\/et_pb_column][\/et_pb_row][\/et_pb_section][et_pb_section fb_built=&#8220;1&#8243; _builder_version=&#8220;4.16&#8243; global_colors_info=&#8220;{}&#8220;][et_pb_row _builder_version=&#8220;4.16&#8243; global_colors_info=&#8220;{}&#8220;][et_pb_column type=&#8220;4_4&#8243; _builder_version=&#8220;4.16&#8243; global_colors_info=&#8220;{}&#8220;][et_pb_text _builder_version=&#8220;4.16&#8243; text_text_color=&#8220;#131517&#8243; header_text_color=&#8220;#131517&#8243; header_2_text_color=&#8220;#131517&#8243; global_colors_info=&#8220;{}&#8220;]<\/p>\n<h2>Diese Auff\u00fchrung erfolgt im Rahmen von<\/h2>\n<h1 style=\"text-align: center;\"><strong>This is an Intervention<\/strong><\/h1>\n<p style=\"text-align: center;\"><a href=\"http:\/\/www.thisisanintervention.info\/index.html#\" target=\"_blank\" rel=\"noopener noreferrer\">www.thisisanintervention.info<\/a><\/p>\n<div id=\"gtx-trans\" style=\"position: absolute; left: -102px; top: 4.9125px;\">\n<div class=\"gtx-trans-icon\">\u00a0<\/div>\n<\/div>\n<p>[\/et_pb_text][\/et_pb_column][\/et_pb_row][\/et_pb_section]<\/p>\n","protected":false},"excerpt":{"rendered":"<p>\u00dcber die Auff\u00fchrung: Pr\u00e4sentation<\/p>\n","protected":false},"author":1,"featured_media":0,"parent":0,"menu_order":0,"comment_status":"closed","ping_status":"closed","template":"","meta":{"_et_pb_use_builder":"on","_et_pb_old_content":"","_et_gb_content_width":"","footnotes":""},"class_list":["post-27010","page","type-page","status-publish","hentry"],"_links":{"self":[{"href":"https:\/\/nestorbarbitta.de\/de\/wp-json\/wp\/v2\/pages\/27010","targetHints":{"allow":["GET"]}}],"collection":[{"href":"https:\/\/nestorbarbitta.de\/de\/wp-json\/wp\/v2\/pages"}],"about":[{"href":"https:\/\/nestorbarbitta.de\/de\/wp-json\/wp\/v2\/types\/page"}],"author":[{"embeddable":true,"href":"https:\/\/nestorbarbitta.de\/de\/wp-json\/wp\/v2\/users\/1"}],"replies":[{"embeddable":true,"href":"https:\/\/nestorbarbitta.de\/de\/wp-json\/wp\/v2\/comments?post=27010"}],"version-history":[{"count":4,"href":"https:\/\/nestorbarbitta.de\/de\/wp-json\/wp\/v2\/pages\/27010\/revisions"}],"predecessor-version":[{"id":31301,"href":"https:\/\/nestorbarbitta.de\/de\/wp-json\/wp\/v2\/pages\/27010\/revisions\/31301"}],"wp:attachment":[{"href":"https:\/\/nestorbarbitta.de\/de\/wp-json\/wp\/v2\/media?parent=27010"}],"curies":[{"name":"wp","href":"https:\/\/api.w.org\/{rel}","templated":true}]}}