{"id":28249,"date":"2021-04-19T15:32:17","date_gmt":"2021-04-19T14:32:17","guid":{"rendered":"https:\/\/nestorbarbitta.de\/sportstadt-la-boca\/"},"modified":"2021-06-08T16:07:32","modified_gmt":"2021-06-08T15:07:32","slug":"sportstadt-la-boca","status":"publish","type":"page","link":"https:\/\/nestorbarbitta.de\/de\/sportstadt-la-boca\/","title":{"rendered":"Sportstadt La Boca"},"content":{"rendered":"<p>[et_pb_section fb_built=&#8220;1&#8243; _builder_version=&#8220;4.9.4&#8243; custom_padding=&#8220;0px||15px||false|false&#8220; sticky_enabled=&#8220;0&#8243; background_enable_color=&#8220;off&#8220;][et_pb_row use_custom_gutter=&#8220;on&#8220; gutter_width=&#8220;1&#8243; _builder_version=&#8220;4.2.2&#8243; width=&#8220;90%&#8220; max_width=&#8220;100%&#8220; custom_margin=&#8220;0px|0px|0px|0px|false|false&#8220; custom_padding=&#8220;0px|0px|0px|0px|false|false&#8220; background_size=&#8220;initial&#8220; background_position=&#8220;top_left&#8220; background_repeat=&#8220;repeat&#8220; module_alignment=&#8220;center&#8220;][et_pb_column type=&#8220;4_4&#8243; _builder_version=&#8220;3.25&#8243; custom_padding=&#8220;|||&#8220; custom_padding__hover=&#8220;|||&#8220;][et_pb_gallery gallery_ids=&#8220;28980,28983,28986,28989,28992,28995,28998,29001,29004,29007,29010,29013,29016&#8243; posts_number=&#8220;20&#8243; show_title_and_caption=&#8220;off&#8220; show_pagination=&#8220;off&#8220; zoom_icon_color=&#8220;#000000&#8243; hover_icon=&#8220;%%51%%&#8220; module_class=&#8220;col-width&#8220; _builder_version=&#8220;4.9.4&#8243; border_width_all=&#8220;5px&#8220; border_color_all=&#8220;#EEF5F7&#8243;][\/et_pb_gallery][\/et_pb_column][\/et_pb_row][et_pb_row _builder_version=&#8220;4.2.2&#8243; width=&#8220;90%&#8220; max_width=&#8220;none&#8220;][et_pb_column type=&#8220;4_4&#8243; _builder_version=&#8220;4.2.2&#8243;][et_pb_text _builder_version=&#8220;4.9.4&#8243;]<\/p>\n<div align=\"justify\">Ende der 60er Jahre fing ein anspruchsvolles Projekt an: die Ciudad Deportiva de la Boca zu kreieren (eine sportliche Stadt von Fu\u00dfballverein Boca Juniors). F\u00fcr Jahre kam man langsam voran, man wollte ein neues Stadion bauen. Als die Milit\u00e4rdiktatur kam, gab man den Traum f\u00fcr immer auf.<\/div>\n<div align=\"justify\">Um das Jahr 2010 wurden die Grundst\u00fccke von einer durch ihre Kaufh\u00e4user bekannten Firma abgekauft. Der Plan f\u00fcr diese Grundst\u00fccke \u00a0war, dass sie zu einem luxuri\u00f6sen Viertel w\u00fcrden, am Beispiel von anderen reichen Vierteln wie Nordelta oder Puerto Madero.<\/div>\n<div align=\"justify\">Ein Hindernis daf\u00fcr ist ein Fluss, der die \u00abzuk\u00fcnftige Venedig\u00bb von der Villa Rodrigo Bueno (einer armen Siedlung) trennt.<\/div>\n<div align=\"justify\">Man wei\u00df nicht, wann man diese luxuri\u00f6se Viertel errichten wird und wann man das einzige Geb\u00e4ude abrei\u00dfen wird \u2013 eine alte Unterhaltungsanlage, die mittlerweile vom gesellschaftlichen Ged\u00e4chtnis verschwindet.<\/div>\n<div align=\"justify\"><strong>Eine Stadt, die nie sein konnte<\/strong>.<\/div>\n<p>[\/et_pb_text][\/et_pb_column][\/et_pb_row][\/et_pb_section]<\/p>\n","protected":false},"excerpt":{"rendered":"<p>Ende der 60er Jahre fing ein anspruchsvolles Projekt an: die Ciudad Deportiva de la Boca zu kreieren (eine sportliche Stadt von Fu\u00dfballverein Boca Juniors). F\u00fcr Jahre kam man langsam voran, man wollte ein neues Stadion bauen. Als die Milit\u00e4rdiktatur kam, gab man den Traum f\u00fcr immer auf. Um das Jahr 2010 wurden die Grundst\u00fccke von [&hellip;]<\/p>\n","protected":false},"author":1,"featured_media":0,"parent":0,"menu_order":0,"comment_status":"closed","ping_status":"closed","template":"","meta":{"_et_pb_use_builder":"on","_et_pb_old_content":"","_et_gb_content_width":"","footnotes":""},"class_list":["post-28249","page","type-page","status-publish","hentry"],"_links":{"self":[{"href":"https:\/\/nestorbarbitta.de\/de\/wp-json\/wp\/v2\/pages\/28249","targetHints":{"allow":["GET"]}}],"collection":[{"href":"https:\/\/nestorbarbitta.de\/de\/wp-json\/wp\/v2\/pages"}],"about":[{"href":"https:\/\/nestorbarbitta.de\/de\/wp-json\/wp\/v2\/types\/page"}],"author":[{"embeddable":true,"href":"https:\/\/nestorbarbitta.de\/de\/wp-json\/wp\/v2\/users\/1"}],"replies":[{"embeddable":true,"href":"https:\/\/nestorbarbitta.de\/de\/wp-json\/wp\/v2\/comments?post=28249"}],"version-history":[{"count":4,"href":"https:\/\/nestorbarbitta.de\/de\/wp-json\/wp\/v2\/pages\/28249\/revisions"}],"predecessor-version":[{"id":29917,"href":"https:\/\/nestorbarbitta.de\/de\/wp-json\/wp\/v2\/pages\/28249\/revisions\/29917"}],"wp:attachment":[{"href":"https:\/\/nestorbarbitta.de\/de\/wp-json\/wp\/v2\/media?parent=28249"}],"curies":[{"name":"wp","href":"https:\/\/api.w.org\/{rel}","templated":true}]}}