{"id":31115,"date":"2023-10-31T12:02:46","date_gmt":"2023-10-31T11:02:46","guid":{"rendered":"https:\/\/nestorbarbitta.de\/kriegszeit-die-grenze-zwischen-der-ukraine-und-polen\/"},"modified":"2023-10-31T12:02:47","modified_gmt":"2023-10-31T11:02:47","slug":"kriegszeit-die-grenze-zwischen-der-ukraine-und-polen","status":"publish","type":"page","link":"https:\/\/nestorbarbitta.de\/de\/kriegszeit-die-grenze-zwischen-der-ukraine-und-polen\/","title":{"rendered":"Kriegszeit: Die Grenze zwischen der Ukraine und Polen."},"content":{"rendered":"<p>[et_pb_section fb_built=&#8220;1&#8243; _builder_version=&#8220;4.9.4&#8243; background_enable_color=&#8220;off&#8220; custom_padding=&#8220;0px||15px||false|false&#8220; global_colors_info=&#8220;{}&#8220;][et_pb_row use_custom_gutter=&#8220;on&#8220; gutter_width=&#8220;1&#8243; _builder_version=&#8220;4.14.8&#8243; background_size=&#8220;initial&#8220; background_position=&#8220;top_left&#8220; background_repeat=&#8220;repeat&#8220; width=&#8220;100%&#8220; max_width=&#8220;none&#8220; module_alignment=&#8220;center&#8220; custom_margin=&#8220;0px|0px|0px|0px|false|false&#8220; custom_padding=&#8220;0px|0px|0px|0px|false|false&#8220; global_colors_info=&#8220;{}&#8220;][et_pb_column type=&#8220;4_4&#8243; _builder_version=&#8220;3.25&#8243; custom_padding=&#8220;|||&#8220; global_colors_info=&#8220;{}&#8220; custom_padding__hover=&#8220;|||&#8220;][et_pb_gallery gallery_ids=&#8220;30654,30657,30660,30639,30633,30672,30636,30642,30645,30648,30669,30663,30624,30627,30630,30651&#8243; posts_number=&#8220;20&#8243; orientation=&#8220;portrait&#8220; show_pagination=&#8220;off&#8220; module_class=&#8220;col-width&#8220; _builder_version=&#8220;4.14.8&#8243; width=&#8220;90%&#8220; width_tablet=&#8220;100%&#8220; width_phone=&#8220;100%&#8220; width_last_edited=&#8220;on|phone&#8220; module_alignment=&#8220;center&#8220; custom_margin=&#8220;|||82px||&#8220; hover_enabled=&#8220;0&#8243; border_width_all=&#8220;5px&#8220; border_color_all=&#8220;#EEF5F7&#8243; global_colors_info=&#8220;{}&#8220; title_font_size=&#8220;14px&#8220; title_font=&#8220;|600|||||||&#8220; caption_font_size=&#8220;12px&#8220; caption_text_align=&#8220;justify&#8220; sticky_enabled=&#8220;0&#8243;][\/et_pb_gallery][\/et_pb_column][\/et_pb_row][et_pb_row _builder_version=&#8220;4.2.2&#8243; width=&#8220;90%&#8220; max_width=&#8220;none&#8220; global_colors_info=&#8220;{}&#8220;][et_pb_column type=&#8220;4_4&#8243; _builder_version=&#8220;4.2.2&#8243; global_colors_info=&#8220;{}&#8220;][et_pb_text _builder_version=&#8220;4.14.8&#8243; global_colors_info=&#8220;{}&#8220;]<\/p>\n<div align=\"justify\">\n<p>Przemy\u015bl, Polen, liegt 900 km von Berlin entfernt. Dies ist die gr\u00f6\u00dfte Stadt in der N\u00e4he des Grenz\u00fcbergangs Medyka an der ukrainischen Grenze. Dort sind wir mit dem deutschen Fotografen <a href=\"https:\/\/www.instagram.com\/jakob.schottstaedt\/\" target=\"_blank\" rel=\"noopener\">Jakob Schottst\u00e4dt<\/a> hingefahren. Dank der Zusammenarbeit vieler Menschen konnten wir die Kosten unserer Reise decken und dokumentieren, was mit den Kriegsfl\u00fcchtlingen aus der Ukraine geschieht. Dies ist nur einer der Punkte an der Grenze, aber es gibt viele weitere. W\u00e4hrend ich diese Zeilen schreibe, sind immer noch Tausende von Menschen auf der Flucht vor dem Wahnsinn, und viele Tausend weitere sterben dort aufgrund des st\u00e4ndigen Beschusses durch die russische Armee.<\/p>\n<p>Wenn wir an verschiedenen Fl\u00fcchtlingsaufnahmestellen ankommen, entsteht zun\u00e4chst der Eindruck, dass inmitten des Chaos Ordnung herrscht. Freiwillige kommen und gehen, einige Soldaten bewachen den Ort mit vermummten Gesichtern. Manchmal dr\u00e4ngt sich eine Flut von Menschen in einem Raum, auf der Suche nach Orientierung, Schlangen bilden sich, es entsteht das Gef\u00fchl, dass sie verloren sind, sie wissen nicht, wohin sie gehen sollen, das Panorama ist trostlos.<\/p>\n<p>Sie haben alles zur\u00fcckgelassen, manche tragen nur eine Tasche bei sich, ihr Leben ist zur\u00fcckgeblieben, und sie haben nichts weiter als das, was sie bei sich tragen.<\/p>\n<p>Die Fl\u00fcchtlinge sprechen nur Ukrainisch oder Russisch, die Kommunikation ist sehr schwierig, und sie h\u00f6ren nicht auf zu kommen.<\/p>\n<p>Die K\u00e4lte ist schrecklich, die Menschenmenge ist zu gro\u00df, das Gef\u00fchl, dass das, was wir tun, zu wenig ist.<\/p>\n<p>Es ist unm\u00f6glich, sich in ihre Haut zu versetzen, wir k\u00f6nnen nur mitf\u00fchlen, ohne zu vergessen, dass es uns genauso treffen k\u00f6nnte, jeden von uns.<\/p>\n<p>Heute richten sich alle Augen der Welt auf die Ukraine, aber an vielen anderen Orten werden Menschen wie sie vertrieben, weder mehr noch weniger wichtig, die ihre Heimat verlassen und alles zur\u00fccklassen m\u00fcssen.<\/p>\n<p>Dies ist eine visuelle Erinnerung an einige Tage an der Grenze, wo Solidarit\u00e4t das wichtigste Kapital ist, das wir Menschen haben k\u00f6nnen.<\/p>\n<p>Noch ein weiterer Beweis daf\u00fcr, wie l\u00e4cherlich Kriege sind, wie ungerechtfertigt. Heute rufe ich laut: Nein zum Krieg, \u00fcberhaupt keinen Krieg.<\/p>\n<\/div>\n<p>[\/et_pb_text][\/et_pb_column][\/et_pb_row][\/et_pb_section]<\/p>\n","protected":false},"excerpt":{"rendered":"<p>Przemy\u015bl, Polen, liegt 900 km von Berlin entfernt. Dies ist die gr\u00f6\u00dfte Stadt in der N\u00e4he des Grenz\u00fcbergangs Medyka an der ukrainischen Grenze. Dort sind wir mit dem deutschen Fotografen Jakob Schottst\u00e4dt hingefahren. Dank der Zusammenarbeit vieler Menschen konnten wir die Kosten unserer Reise decken und dokumentieren, was mit den Kriegsfl\u00fcchtlingen aus der Ukraine geschieht. [&hellip;]<\/p>\n","protected":false},"author":1,"featured_media":0,"parent":0,"menu_order":0,"comment_status":"closed","ping_status":"closed","template":"","meta":{"_et_pb_use_builder":"on","_et_pb_old_content":"","_et_gb_content_width":"","footnotes":""},"class_list":["post-31115","page","type-page","status-publish","hentry"],"_links":{"self":[{"href":"https:\/\/nestorbarbitta.de\/de\/wp-json\/wp\/v2\/pages\/31115","targetHints":{"allow":["GET"]}}],"collection":[{"href":"https:\/\/nestorbarbitta.de\/de\/wp-json\/wp\/v2\/pages"}],"about":[{"href":"https:\/\/nestorbarbitta.de\/de\/wp-json\/wp\/v2\/types\/page"}],"author":[{"embeddable":true,"href":"https:\/\/nestorbarbitta.de\/de\/wp-json\/wp\/v2\/users\/1"}],"replies":[{"embeddable":true,"href":"https:\/\/nestorbarbitta.de\/de\/wp-json\/wp\/v2\/comments?post=31115"}],"version-history":[{"count":3,"href":"https:\/\/nestorbarbitta.de\/de\/wp-json\/wp\/v2\/pages\/31115\/revisions"}],"predecessor-version":[{"id":31118,"href":"https:\/\/nestorbarbitta.de\/de\/wp-json\/wp\/v2\/pages\/31115\/revisions\/31118"}],"wp:attachment":[{"href":"https:\/\/nestorbarbitta.de\/de\/wp-json\/wp\/v2\/media?parent=31115"}],"curies":[{"name":"wp","href":"https:\/\/api.w.org\/{rel}","templated":true}]}}