{"id":26480,"date":"2020-02-06T18:58:26","date_gmt":"2020-02-06T18:58:26","guid":{"rendered":"http:\/\/nestorbarbitta.de\/?page_id=26480"},"modified":"2021-04-29T11:34:20","modified_gmt":"2021-04-29T10:34:20","slug":"audiovisual-media","status":"publish","type":"page","link":"https:\/\/nestorbarbitta.de\/en\/audiovisual-media\/","title":{"rendered":"Audiovisual media"},"content":{"rendered":"<p>[et_pb_section fb_built=&#8221;1&#8243; module_class=&#8221; et_pb_specialty_fullwidth&#8221; _builder_version=&#8221;4.2.2&#8243; width=&#8221;100%&#8221; custom_margin=&#8221;0px|0px|0px|0px|false|false&#8221; custom_padding=&#8221;0px|0px|0px|0px|false|false&#8221;][et_pb_row column_structure=&#8221;1_2,1_2&#8243; use_custom_gutter=&#8221;on&#8221; gutter_width=&#8221;1&#8243; make_equal=&#8221;on&#8221; _builder_version=&#8221;4.2.2&#8243; background_enable_image=&#8221;off&#8221; width=&#8221;100%&#8221; max_width=&#8221;100%&#8221; custom_margin=&#8221;0px|0px|0px|0px|false|false&#8221; custom_padding=&#8221;0px|0px|0px|0px|false|false&#8221; hover_enabled=&#8221;0&#8243; sticky_enabled=&#8221;0&#8243;][et_pb_column type=&#8221;1_2&#8243; _builder_version=&#8221;4.2.2&#8243; hover_enabled=&#8221;0&#8243; sticky_enabled=&#8221;0&#8243;][et_pb_button button_url=&#8221;https:\/\/vimeo.com\/543077145&#8243; button_text=&#8221;I&#8221; button_alignment=&#8221;center&#8221; module_class=&#8221;vp-s vp-yt-type&#8221; _builder_version=&#8221;4.9.4&#8243; custom_button=&#8221;on&#8221; button_text_color=&#8221;#ffffff&#8221; button_bg_image=&#8221;https:\/\/nestorbarbitta.de\/wp-content\/uploads\/2021\/04\/siempre-se-vuelve-a-buenos-aires-captura.jpg&#8221; button_border_width=&#8221;0px&#8221; button_border_radius=&#8221;0px&#8221; button_font=&#8221;Elegant Icons||||||||&#8221; button_icon=&#8221;%%129%%&#8221; custom_padding=&#8221;150px||150px||false|false&#8221; hover_enabled=&#8221;0&#8243; custom_css_main_element=&#8221;Width: 100%;&#8221; sticky_enabled=&#8221;0&#8243; title_text=&#8221;Siempre se vuelve a Buenos Aires &#8211; Videoclip&#8221;][\/et_pb_button][et_pb_button button_url=&#8221;https:\/\/vimeo.com\/269770375&#8243; button_text=&#8221;I&#8221; button_alignment=&#8221;center&#8221; module_class=&#8221;vp-s vp-yt-type&#8221; _builder_version=&#8221;4.2.2&#8243; custom_button=&#8221;on&#8221; button_text_color=&#8221;#ffffff&#8221; button_bg_image=&#8221;http:\/\/nestorbarbitta.de\/wp-content\/uploads\/2018\/04\/cck03-e1526321696881.jpg&#8221; button_border_width=&#8221;0px&#8221; button_border_radius=&#8221;0px&#8221; button_font=&#8221;Elegant Icons||||||||&#8221; button_icon=&#8221;%%129%%&#8221; custom_padding=&#8221;150px||150px||false|false&#8221; hover_enabled=&#8221;0&#8243; custom_css_main_element=&#8221;Width: 100%;&#8221; sticky_enabled=&#8221;0&#8243;][\/et_pb_button][et_pb_button button_url=&#8221;https:\/\/vimeo.com\/269768616&#8243; button_text=&#8221;I&#8221; button_alignment=&#8221;center&#8221; module_class=&#8221;vp-s vp-yt-type&#8221; _builder_version=&#8221;4.9.4&#8243; custom_button=&#8221;on&#8221; button_text_color=&#8221;#ffffff&#8221; button_bg_image=&#8221;https:\/\/nestorbarbitta.de\/wp-content\/uploads\/2021\/04\/pantalla-video-trochita.jpg&#8221; button_border_width=&#8221;0px&#8221; button_border_radius=&#8221;0px&#8221; button_font=&#8221;Elegant Icons||||||||&#8221; button_icon=&#8221;%%129%%&#8221; custom_padding=&#8221;150px||150px||false|false&#8221; hover_enabled=&#8221;0&#8243; custom_css_main_element=&#8221;Width: 100%;&#8221; title_text=&#8221;Antigua Trochita Patag\u00f3nica&#8221; sticky_enabled=&#8221;0&#8243;][\/et_pb_button][et_pb_button button_url=&#8221;https:\/\/vimeo.com\/383711161&#8243; button_text=&#8221;I&#8221; button_alignment=&#8221;center&#8221; module_class=&#8221;vp-s vp-yt-type&#8221; _builder_version=&#8221;4.9.4&#8243; custom_button=&#8221;on&#8221; button_text_color=&#8221;#ffffff&#8221; button_bg_image=&#8221;https:\/\/nestorbarbitta.de\/wp-content\/uploads\/2021\/04\/pantalla-video-aa.jpg&#8221; button_border_width=&#8221;0px&#8221; button_border_radius=&#8221;0px&#8221; button_font=&#8221;Elegant Icons||||||||&#8221; button_icon=&#8221;%%129%%&#8221; custom_padding=&#8221;150px||150px||false|false&#8221; hover_enabled=&#8221;0&#8243; custom_css_main_element=&#8221;Width: 100%;&#8221; title_text=&#8221;pantalla-video-aa&#8221; sticky_enabled=&#8221;0&#8243;][\/et_pb_button][\/et_pb_column][et_pb_column type=&#8221;1_2&#8243; _builder_version=&#8221;4.2.2&#8243;][et_pb_button button_url=&#8221;https:\/\/vimeo.com\/543084328&#8243; button_text=&#8221;I&#8221; button_alignment=&#8221;center&#8221; module_class=&#8221;vp-s vp-yt-type&#8221; _builder_version=&#8221;4.9.4&#8243; custom_button=&#8221;on&#8221; button_text_color=&#8221;#ffffff&#8221; button_bg_image=&#8221;https:\/\/nestorbarbitta.de\/wp-content\/uploads\/2021\/04\/catering-gloria-berlin-captura.jpg&#8221; button_border_width=&#8221;0px&#8221; button_border_radius=&#8221;0px&#8221; button_font=&#8221;Elegant Icons||||||||&#8221; button_icon=&#8221;%%129%%&#8221; custom_padding=&#8221;150px||150px||false|false&#8221; hover_enabled=&#8221;0&#8243; custom_css_main_element=&#8221;Width: 100%;&#8221; title_text=&#8221;catering-gloria-berlin-captura&#8221; sticky_enabled=&#8221;0&#8243;][\/et_pb_button][et_pb_button button_url=&#8221;https:\/\/vimeo.com\/269768328&#8243; button_text=&#8221;I&#8221; button_alignment=&#8221;center&#8221; module_class=&#8221;vp-s vp-yt-type&#8221; _builder_version=&#8221;4.9.4&#8243; custom_button=&#8221;on&#8221; button_text_color=&#8221;#ffffff&#8221; button_bg_image=&#8221;https:\/\/nestorbarbitta.de\/wp-content\/uploads\/2021\/04\/portada-videos-torino.jpg&#8221; button_border_width=&#8221;0px&#8221; button_border_radius=&#8221;0px&#8221; button_font=&#8221;Elegant Icons||||||||&#8221; button_icon=&#8221;%%129%%&#8221; custom_padding=&#8221;150px||150px||false|false&#8221; hover_enabled=&#8221;0&#8243; custom_css_main_element=&#8221;Width: 100%;&#8221; title_text=&#8221;Torino Coupe&#8221; sticky_enabled=&#8221;0&#8243;][\/et_pb_button][et_pb_button button_url=&#8221;https:\/\/vimeo.com\/309939305&#8243; button_text=&#8221;I&#8221; button_alignment=&#8221;center&#8221; module_class=&#8221;vp-s vp-yt-type&#8221; _builder_version=&#8221;4.9.4&#8243; custom_button=&#8221;on&#8221; button_text_color=&#8221;#ffffff&#8221; button_bg_image=&#8221;https:\/\/nestorbarbitta.de\/wp-content\/uploads\/2021\/04\/pantalla-video-mykeego.jpg&#8221; button_border_width=&#8221;0px&#8221; button_border_radius=&#8221;0px&#8221; button_font=&#8221;Elegant Icons||||||||&#8221; button_icon=&#8221;%%129%%&#8221; custom_padding=&#8221;150px||150px||false|false&#8221; hover_enabled=&#8221;0&#8243; custom_css_main_element=&#8221;Width: 100%;&#8221; sticky_enabled=&#8221;0&#8243; title_text=&#8221;Mykeego Spot&#8221;][\/et_pb_button][et_pb_button button_url=&#8221;https:\/\/vimeo.com\/309942298&#8243; button_text=&#8221;I&#8221; button_alignment=&#8221;center&#8221; module_class=&#8221;vp-s vp-yt-type&#8221; _builder_version=&#8221;4.9.4&#8243; custom_button=&#8221;on&#8221; button_text_color=&#8221;#ffffff&#8221; button_bg_image=&#8221;https:\/\/nestorbarbitta.de\/wp-content\/uploads\/2021\/04\/pantalla-video-chubut.jpg&#8221; button_border_width=&#8221;0px&#8221; button_border_radius=&#8221;0px&#8221; button_font=&#8221;Elegant Icons||||||||&#8221; button_icon=&#8221;%%129%%&#8221; custom_padding=&#8221;150px||150px||false|false&#8221; hover_enabled=&#8221;0&#8243; custom_css_main_element=&#8221;Width: 100%;&#8221; sticky_enabled=&#8221;0&#8243; title_text=&#8221;Chubut&#8221;][\/et_pb_button][\/et_pb_column][\/et_pb_row][\/et_pb_section]<\/p>\n","protected":false},"excerpt":{"rendered":"","protected":false},"author":1,"featured_media":0,"parent":0,"menu_order":0,"comment_status":"closed","ping_status":"open","template":"","meta":{"_et_pb_use_builder":"on","_et_pb_old_content":"<p>Esto es una p\u00e1gina de ejemplo. Es diferente a una entrada porque permanece fija en un lugar y se mostrar\u00e1 en la navegaci\u00f3n de tu sitio (en la mayor\u00eda de los temas). La mayor\u00eda de la gente empieza con una p\u00e1gina de Acerca de, que les presenta a los potenciales visitantes del sitio. Podr\u00eda ser algo como esto:<\/p><blockquote><p>\u00a1Hola! Soy mensajero por el d\u00eda, aspirante a actor por la noche, y este es mi blog. Vivo en Madrid, tengo un perrazo llamado Duque y me gustan las pi\u00f1as coladas (y que me pille un chaparr\u00f3n)<\/p><\/blockquote><p>...o algo as\u00ed:<\/p><blockquote><p>La empresa XYZ se fund\u00f3 en 1971 y ha estado ofreciendo \"cosas\" de calidad al p\u00fablico desde entonces. Situada en Madrid, XYZ emplea a m\u00e1s de 2.000 personas y hace todo tipo de cosas sorprendentes para la comunidad de Madrid.<\/p><\/blockquote><p>Si eres nuevo en WordPress deber\u00edas ir a <a href=\"http:\/\/nestorbarbitta.de\/wp-admin\/\">tu escritorio<\/a> para borrar esta p\u00e1gina y crear p\u00e1ginas nuevas con tu propio contenido. \u00a1P\u00e1salo bien!<\/p>","_et_gb_content_width":"","footnotes":""},"class_list":["post-26480","page","type-page","status-publish","hentry"],"_links":{"self":[{"href":"https:\/\/nestorbarbitta.de\/en\/wp-json\/wp\/v2\/pages\/26480","targetHints":{"allow":["GET"]}}],"collection":[{"href":"https:\/\/nestorbarbitta.de\/en\/wp-json\/wp\/v2\/pages"}],"about":[{"href":"https:\/\/nestorbarbitta.de\/en\/wp-json\/wp\/v2\/types\/page"}],"author":[{"embeddable":true,"href":"https:\/\/nestorbarbitta.de\/en\/wp-json\/wp\/v2\/users\/1"}],"replies":[{"embeddable":true,"href":"https:\/\/nestorbarbitta.de\/en\/wp-json\/wp\/v2\/comments?post=26480"}],"version-history":[{"count":0,"href":"https:\/\/nestorbarbitta.de\/en\/wp-json\/wp\/v2\/pages\/26480\/revisions"}],"wp:attachment":[{"href":"https:\/\/nestorbarbitta.de\/en\/wp-json\/wp\/v2\/media?parent=26480"}],"curies":[{"name":"wp","href":"https:\/\/api.w.org\/{rel}","templated":true}]}}