{"id":101,"date":"2017-05-02T19:28:15","date_gmt":"2017-05-02T19:28:15","guid":{"rendered":"http:\/\/nestorbarbitta.de\/?page_id=101"},"modified":"2023-11-06T16:18:39","modified_gmt":"2023-11-06T15:18:39","slug":"fotografia-de-arquitectura","status":"publish","type":"page","link":"https:\/\/nestorbarbitta.de\/es\/fotografia-de-arquitectura\/","title":{"rendered":"Fotograf\u00eda de arquitectura"},"content":{"rendered":"<p>[et_pb_section fb_built=\u00bb1&#8243; _builder_version=\u00bb4.23&#8243; custom_margin=\u00bb0px|0px|0px|0px|false|false\u00bb custom_padding=\u00bb0px|0px|0px|0px|false|false\u00bb hover_enabled=\u00bb0&#8243; global_colors_info=\u00bb{}\u00bb background_color=\u00bb#131517&#8243; sticky_enabled=\u00bb0&#8243;][et_pb_row use_custom_gutter=\u00bbon\u00bb gutter_width=\u00bb1&#8243; _builder_version=\u00bb4.16&#8243; background_size=\u00bbinitial\u00bb background_position=\u00bbtop_left\u00bb background_repeat=\u00bbrepeat\u00bb width=\u00bb100%\u00bb max_width=\u00bb100%\u00bb custom_margin=\u00bb0px|0px|0px|0px|false|false\u00bb custom_padding=\u00bb0px|0px|0px|0px|false|false\u00bb global_colors_info=\u00bb{}\u00bb][et_pb_column type=\u00bb4_4&#8243; _builder_version=\u00bb4.16&#8243; custom_padding=\u00bb|||\u00bb global_colors_info=\u00bb{}\u00bb custom_padding__hover=\u00bb|||\u00bb][et_pb_gallery gallery_ids=\u00bb24835,24871,24868,24869,24882,24883,24839,24874,24873,24865,24846,24879,24875,24864,24848,24849,24832,24851,26709,26711,26712,26713,26714,26715,26716,26717,26718,26719,26720,26721,26723,26724,26725,26726,26727&#8243; gallery_orderby=\u00bbrand\u00bb posts_number=\u00bb40&#8243; orientation=\u00bbportrait\u00bb show_title_and_caption=\u00bboff\u00bb show_pagination=\u00bboff\u00bb zoom_icon_color=\u00bb#000000&#8243; hover_overlay_color=\u00bbrgba(255,255,255,0.5)\u00bb hover_icon=\u00bb%%51%%\u00bb module_class=\u00bbcol-width\u00bb _builder_version=\u00bb4.4.8&#8243; custom_margin=\u00bb0px|0px|0px|0px|false|false\u00bb custom_padding=\u00bb0px|0px|0px|0px|false|false\u00bb pagination_font_size_tablet=\u00bb51&#8243; pagination_line_height_tablet=\u00bb2&#8243; custom_css_gallery_item=\u00bbpadding: 3px;\u00bb][\/et_pb_gallery][\/et_pb_column][\/et_pb_row][\/et_pb_section][et_pb_section fb_built=\u00bb1&#8243; _builder_version=\u00bb4.23&#8243; _module_preset=\u00bbdefault\u00bb background_enable_color=\u00bboff\u00bb custom_padding=\u00bb0px||0px||true|false\u00bb hover_enabled=\u00bb0&#8243; global_colors_info=\u00bb{}\u00bb sticky_enabled=\u00bb0&#8243;][et_pb_row _builder_version=\u00bb4.23&#8243; _module_preset=\u00bbdefault\u00bb hover_enabled=\u00bb0&#8243; global_colors_info=\u00bb{}\u00bb max_width=\u00bbnone\u00bb width=\u00bb90%\u00bb sticky_enabled=\u00bb0&#8243;][et_pb_column type=\u00bb4_4&#8243; _builder_version=\u00bb4.16&#8243; _module_preset=\u00bbdefault\u00bb global_colors_info=\u00bb{}\u00bb][et_pb_text _builder_version=\u00bb4.16&#8243; _module_preset=\u00bbdefault\u00bb text_line_height=\u00bb1.8em\u00bb header_font=\u00bbAbel|||||on|||\u00bb header_text_align=\u00bbleft\u00bb header_line_height=\u00bb1.4em\u00bb header_2_font=\u00bbAbel||||||||\u00bb header_2_text_align=\u00bbleft\u00bb header_2_line_height=\u00bb1.4em\u00bb header_3_font=\u00bbAbel||||||||\u00bb header_3_font_size=\u00bb26px\u00bb header_3_line_height=\u00bb1.4em\u00bb text_orientation=\u00bbjustified\u00bb global_colors_info=\u00bb{}\u00bb]<\/p>\n<h1>Fotograf\u00eda de arquitectura<\/h1>\n<p>La fotograf\u00eda de arquitectura (tambi\u00e9n fotograf\u00eda arquitect\u00f3nica) es una especialidad que registra y describe los espacios construidos por el hombre. La uni\u00f3n entre el arte de la fotograf\u00eda y el arte de la arquitectura tiene su origen en la propia creaci\u00f3n de la fotograf\u00eda. La primera fotograf\u00eda tomada por Joseph Niepce en 1826 fue de un grupo de edificios desde una ventana. Esta imagen, que a\u00fan se conserva, muestra el inter\u00e9s del fot\u00f3grafo por las luces y las sombras, base fundamental de la imagen fotogr\u00e1fica.<\/p>\n<p>Desde lo urbano, la fotograf\u00eda de arquitectura permite describir la ciudad y el contexto de la obra arquitect\u00f3nica. Una imagen puede mostrar claramente la relaci\u00f3n de un edificio o estructura con el entorno que le rodea.<\/p>\n<h2>Fotograf\u00eda de interiores.<\/h2>\n<p>En el contexto de la fotograf\u00eda de interiores o del dise\u00f1o de interiores, las im\u00e1genes documentan la relaci\u00f3n entre el espacio creado por el arquitecto o el dise\u00f1ador de interiores, y los diferentes elementos que lo habitan, como el mobiliario, los colores, las texturas, las fuentes de luz y la iluminaci\u00f3n.<\/p>\n<p>La fotograf\u00eda arquitect\u00f3nica permite mostrar o visualizar el espacio (la obra) y el equilibrio entre el vac\u00edo y su relaci\u00f3n con aquello que lo contiene. Un edificio se sit\u00faa en el contexto de la ciudad, la obra dialoga con su entorno, destacando o mimetiz\u00e1ndose, pasando desapercibida o haci\u00e9ndose notar.<\/p>\n<h2>Servicio de fotograf\u00eda arquitect\u00f3nica<\/h2>\n<p>Mi especializaci\u00f3n en fotograf\u00eda de arquitectura me permite documentar diversos proyectos de diferentes arquitectos. Mis im\u00e1genes de arquitectura han sido publicadas en libros y revistas especializadas, portafolios de estudios o empresas constructoras, cat\u00e1logos de Real State, inmobiliarias, exposiciones de arquitectura y tambi\u00e9n han sido utilizadas como material de estudio en carreras de arquitectura, dise\u00f1o y urbanismo. Los servicios de fotograf\u00eda de arquitectura son muy \u00fatiles para empresas constructoras, urbanistas y promotores inmobiliarios.<\/p>\n<h2>Servicios profesionales de fotograf\u00eda de arquitectura e interiorismo<\/h2>\n<p>Si tienes alguna duda o necesitas asesoramiento para tu proyecto de arquitectura o interiorismo puedes ponerte en contacto conmigo a trav\u00e9s del formulario de contacto que encontrar\u00e1s en el siguiente bot\u00f3n.<\/p>\n<p>[\/et_pb_text][et_pb_button button_url=\u00bbhttps:\/\/nestorbarbitta.de\/es\/contacto\/\u00bb button_text=\u00bbContacto\u00bb _builder_version=\u00bb4.16&#8243; _module_preset=\u00bbdefault\u00bb global_colors_info=\u00bb{}\u00bb][\/et_pb_button][\/et_pb_column][\/et_pb_row][et_pb_row _builder_version=\u00bb4.16&#8243; _module_preset=\u00bbdefault\u00bb width=\u00bb100%\u00bb max_width=\u00bbnone\u00bb custom_padding=\u00bb0px|0px|0px|0px|true|true\u00bb global_colors_info=\u00bb{}\u00bb][et_pb_column type=\u00bb4_4&#8243; _builder_version=\u00bb4.16&#8243; _module_preset=\u00bbdefault\u00bb global_colors_info=\u00bb{}\u00bb][et_pb_image src=\u00bbhttps:\/\/nestorbarbitta.de\/wp-content\/uploads\/2021\/06\/plaza-congreso-buenos-aires-drone.jpg\u00bb alt=\u00bbFotograf\u00eda de arquitectura &#8211; Plaza Congreso &#8211; Buenos Aires\u00bb title_text=\u00bbPlaza Congreso &#8211; Buenos Aires\u00bb force_fullwidth=\u00bbon\u00bb _builder_version=\u00bb4.16&#8243; _module_preset=\u00bbdefault\u00bb custom_margin=\u00bb|0px||0px|false|true\u00bb custom_padding=\u00bb0px|0px|0px|0px|true|true\u00bb global_colors_info=\u00bb{}\u00bb][\/et_pb_image][\/et_pb_column][\/et_pb_row][\/et_pb_section]<\/p>\n","protected":false},"excerpt":{"rendered":"<p>Fotograf\u00eda de arquitectura La fotograf\u00eda de arquitectura (tambi\u00e9n fotograf\u00eda arquitect\u00f3nica) es una especialidad que registra y describe los espacios construidos por el hombre. La uni\u00f3n entre el arte de la fotograf\u00eda y el arte de la arquitectura tiene su origen en la propia creaci\u00f3n de la fotograf\u00eda. La primera fotograf\u00eda tomada por Joseph Niepce en [&hellip;]<\/p>\n","protected":false},"author":1,"featured_media":0,"parent":0,"menu_order":0,"comment_status":"closed","ping_status":"closed","template":"","meta":{"_et_pb_use_builder":"on","_et_pb_old_content":"","_et_gb_content_width":"","footnotes":""},"class_list":["post-101","page","type-page","status-publish","hentry"],"_links":{"self":[{"href":"https:\/\/nestorbarbitta.de\/es\/wp-json\/wp\/v2\/pages\/101","targetHints":{"allow":["GET"]}}],"collection":[{"href":"https:\/\/nestorbarbitta.de\/es\/wp-json\/wp\/v2\/pages"}],"about":[{"href":"https:\/\/nestorbarbitta.de\/es\/wp-json\/wp\/v2\/types\/page"}],"author":[{"embeddable":true,"href":"https:\/\/nestorbarbitta.de\/es\/wp-json\/wp\/v2\/users\/1"}],"replies":[{"embeddable":true,"href":"https:\/\/nestorbarbitta.de\/es\/wp-json\/wp\/v2\/comments?post=101"}],"version-history":[{"count":6,"href":"https:\/\/nestorbarbitta.de\/es\/wp-json\/wp\/v2\/pages\/101\/revisions"}],"predecessor-version":[{"id":31144,"href":"https:\/\/nestorbarbitta.de\/es\/wp-json\/wp\/v2\/pages\/101\/revisions\/31144"}],"wp:attachment":[{"href":"https:\/\/nestorbarbitta.de\/es\/wp-json\/wp\/v2\/media?parent=101"}],"curies":[{"name":"wp","href":"https:\/\/api.w.org\/{rel}","templated":true}]}}