{"id":163,"date":"2017-07-25T13:58:51","date_gmt":"2017-07-25T13:58:51","guid":{"rendered":"http:\/\/nestorbarbitta.de\/?page_id=163"},"modified":"2020-06-04T18:50:31","modified_gmt":"2020-06-04T17:50:31","slug":"curso-piloto-de-drone","status":"publish","type":"page","link":"https:\/\/nestorbarbitta.de\/es\/curso-piloto-de-drone\/","title":{"rendered":"Curso Piloto de Drone"},"content":{"rendered":"<p>[et_pb_section fb_built=\u00bb1&#8243; fullwidth=\u00bbon\u00bb admin_label=\u00bbsection\u00bb _builder_version=\u00bb3.22&#8243;][et_pb_fullwidth_slider admin_label=\u00bbFullwidth Slider\u00bb _builder_version=\u00bb3.16&#8243; custom_padding=\u00bb|||\u00bb custom_padding_tablet=\u00bb|||\u00bb custom_padding_phone=\u00bb|||\u00bb box_shadow_style=\u00bbpreset6&#8243; box_shadow_blur=\u00bb10px\u00bb box_shadow_color=\u00bbrgba(0,0,0,0.1)\u00bb remove_inner_shadow=\u00bboff\u00bb hide_content_on_mobile=\u00bboff\u00bb hide_cta_on_mobile=\u00bboff\u00bb show_inner_shadow=\u00bbon\u00bb button_letter_spacing_hover=\u00bb0&#8243; button_text_size__hover_enabled=\u00bboff\u00bb button_one_text_size__hover_enabled=\u00bboff\u00bb button_two_text_size__hover_enabled=\u00bboff\u00bb button_text_color__hover_enabled=\u00bboff\u00bb button_one_text_color__hover_enabled=\u00bboff\u00bb button_two_text_color__hover_enabled=\u00bboff\u00bb button_border_width__hover_enabled=\u00bboff\u00bb button_one_border_width__hover_enabled=\u00bboff\u00bb button_two_border_width__hover_enabled=\u00bboff\u00bb button_border_color__hover_enabled=\u00bboff\u00bb button_one_border_color__hover_enabled=\u00bboff\u00bb button_two_border_color__hover_enabled=\u00bboff\u00bb button_border_radius__hover_enabled=\u00bboff\u00bb button_one_border_radius__hover_enabled=\u00bboff\u00bb button_two_border_radius__hover_enabled=\u00bboff\u00bb button_letter_spacing__hover_enabled=\u00bbon\u00bb button_letter_spacing__hover=\u00bb0&#8243; button_one_letter_spacing__hover_enabled=\u00bboff\u00bb button_two_letter_spacing__hover_enabled=\u00bboff\u00bb button_bg_color__hover_enabled=\u00bboff\u00bb button_one_bg_color__hover_enabled=\u00bboff\u00bb button_two_bg_color__hover_enabled=\u00bboff\u00bb][et_pb_slide heading=\u00bbAprend\u00e9 a volar tu drone en poco tiempo y aprovecha tu equipamiento al m\u00e1ximo.\u00bb use_bg_overlay=\u00bboff\u00bb use_text_overlay=\u00bboff\u00bb _builder_version=\u00bb3.16&#8243; header_font=\u00bb||||\u00bb body_font=\u00bb||||\u00bb background_color=\u00bb#ffffff\u00bb background_image=\u00bbhttp:\/\/nestorbarbitta.de\/wp-content\/uploads\/2017\/07\/parque-alerces.jpg\u00bb button_icon_placement=\u00bbright\u00bb button_on_hover=\u00bbon\u00bb button_text_size__hover_enabled=\u00bboff\u00bb button_one_text_size__hover_enabled=\u00bboff\u00bb button_two_text_size__hover_enabled=\u00bboff\u00bb button_text_color__hover_enabled=\u00bboff\u00bb button_one_text_color__hover_enabled=\u00bboff\u00bb button_two_text_color__hover_enabled=\u00bboff\u00bb button_border_width__hover_enabled=\u00bboff\u00bb button_one_border_width__hover_enabled=\u00bboff\u00bb button_two_border_width__hover_enabled=\u00bboff\u00bb button_border_color__hover_enabled=\u00bboff\u00bb button_one_border_color__hover_enabled=\u00bboff\u00bb button_two_border_color__hover_enabled=\u00bboff\u00bb button_border_radius__hover_enabled=\u00bboff\u00bb button_one_border_radius__hover_enabled=\u00bboff\u00bb button_two_border_radius__hover_enabled=\u00bboff\u00bb button_letter_spacing__hover_enabled=\u00bboff\u00bb button_one_letter_spacing__hover_enabled=\u00bboff\u00bb button_two_letter_spacing__hover_enabled=\u00bboff\u00bb button_bg_color__hover_enabled=\u00bboff\u00bb button_one_bg_color__hover_enabled=\u00bboff\u00bb button_two_bg_color__hover_enabled=\u00bboff\u00bb][\/et_pb_slide][\/et_pb_fullwidth_slider][\/et_pb_section][et_pb_section fb_built=\u00bb1&#8243; inner_shadow=\u00bbon\u00bb admin_label=\u00bbsection\u00bb _builder_version=\u00bb3.22&#8243; background_color=\u00bb#f7f7f7&#8243;][et_pb_row admin_label=\u00bbrow\u00bb _builder_version=\u00bb3.25&#8243; background_size=\u00bbinitial\u00bb background_position=\u00bbtop_left\u00bb background_repeat=\u00bbrepeat\u00bb][et_pb_column type=\u00bb4_4&#8243; _builder_version=\u00bb3.25&#8243; custom_padding=\u00bb|||\u00bb custom_padding__hover=\u00bb|||\u00bb][et_pb_text admin_label=\u00bbText\u00bb _builder_version=\u00bb3.27.4&#8243; background_size=\u00bbinitial\u00bb background_position=\u00bbtop_left\u00bb background_repeat=\u00bbrepeat\u00bb text_orientation=\u00bbjustified\u00bb hover_enabled=\u00bb0&#8243; use_border_color=\u00bboff\u00bb border_color=\u00bb#ffffff\u00bb border_style=\u00bbsolid\u00bb]<\/p>\n<h1>Curso personalizado de operaci\u00f3n de drone (Piloto\/operador VANT)<\/h1>\n<p>La tecnolog\u00eda de Drones es muy nueva y permite un uso muy diverso. Existen drones para el entretenimiento personal hasta equipos profesionales para el uso comercial (Producci\u00f3n Audiovisual, Fotograf\u00eda A\u00e9rea, Control de instalaciones, AGRO, Industrias, Electricidad, Seguridad, Vialidad, etc.)<\/p>\n<p>Desde mi experiencia como piloto autorizado por <strong>ANAC<\/strong>, cre\u00e9 este curso para todos aquellos que quieran aprender a volar su drone, teniendo en cuenta las normas de vuelo existentes en nuestro pa\u00eds, como as\u00ed tambi\u00e9n para quienes simplemente quieren utilizar su equipo como entretenimiento.<\/p>\n<p>El curso se conforma de dos partes, una te\u00f3rica y una pr\u00e1ctica que se pueden realizar en una jornada.<\/p>\n<p>El <strong>ANAC<\/strong> (Administraci\u00f3n Nacional de Aviaci\u00f3n Civil) es el ente que se encarga de regular el espacio a\u00e9reo en la argentina. A partir de su resoluci\u00f3n Resoluci\u00f3n ANAC N\u00b0 527\/2015 determina que para el uso profesional de dichos equipos es necesario seguir una serie de pasos entre los cuales se encuentra tramitar una <strong>Licencia de Operador VANT (Piloto de Dron)<\/strong>. Esta licencia se tramita rindiendo un examen te\u00f3rico y pr\u00e1ctico, adem\u00e1s de presentar un apto f\u00edsico.<\/p>\n<div class='et-box et-info'>\n\t\t\t\t\t<div class='et-box-content'>Este no es un curso oficial, pero te voy a brindar las herramientas para que puedas hacer los tramites ante ANAC si eso te interesa.<\/div><\/div>\n<p>Adem\u00e1s, podemos realizar clases de perfeccionamiento para mejorar el dominio de la aeronave.<\/p>\n<p><strong>Durante el curso veremos los siguientes temas.<\/strong><\/p>\n<ul>\n<li><strong>Armado del equipo<\/strong><\/li>\n<li><strong>Protocolo de encendido <\/strong><\/li>\n<li><strong>Protocolo de seguridad<\/strong><\/li>\n<li><strong>Despegue y aterrizaje<\/strong><\/li>\n<li><strong>Maniobras b\u00e1sicas <\/strong><\/li>\n<li><strong>Modos se vuelo seg\u00fan el modelo<\/strong><\/li>\n<li><strong>Vuelo sin GPS ATI mode<\/strong><\/li>\n<li><strong>Vuelo con GPS<\/strong><\/li>\n<li><strong>Vuelo<\/strong><\/li>\n<li><strong>Maniobras requeridas para el examen ANAC.<\/strong><\/li>\n<\/ul>\n<p>[\/et_pb_text][et_pb_cta title=\u00bbEscribime por cualquier duda o consulta\u00bb button_url=\u00bbhttp:\/\/nestorbarbitta.de\/contacto\/\u00bb button_text=\u00bbFormulario de contacto\u00bb admin_label=\u00bbCall To Action\u00bb _builder_version=\u00bb3.16&#8243; background_color=\u00bb#8300e9&#8243; background_size=\u00bbinitial\u00bb background_position=\u00bbtop_left\u00bb background_repeat=\u00bbrepeat\u00bb button_letter_spacing_hover=\u00bb0&#8243; use_border_color=\u00bboff\u00bb border_color=\u00bb#ffffff\u00bb border_style=\u00bbsolid\u00bb button_text_size__hover_enabled=\u00bboff\u00bb button_one_text_size__hover_enabled=\u00bboff\u00bb button_two_text_size__hover_enabled=\u00bboff\u00bb button_text_color__hover_enabled=\u00bboff\u00bb button_one_text_color__hover_enabled=\u00bboff\u00bb button_two_text_color__hover_enabled=\u00bboff\u00bb button_border_width__hover_enabled=\u00bboff\u00bb button_one_border_width__hover_enabled=\u00bboff\u00bb button_two_border_width__hover_enabled=\u00bboff\u00bb button_border_color__hover_enabled=\u00bboff\u00bb button_one_border_color__hover_enabled=\u00bboff\u00bb button_two_border_color__hover_enabled=\u00bboff\u00bb button_border_radius__hover_enabled=\u00bboff\u00bb button_one_border_radius__hover_enabled=\u00bboff\u00bb button_two_border_radius__hover_enabled=\u00bboff\u00bb button_letter_spacing__hover_enabled=\u00bbon\u00bb button_letter_spacing__hover=\u00bb0&#8243; button_one_letter_spacing__hover_enabled=\u00bboff\u00bb button_two_letter_spacing__hover_enabled=\u00bboff\u00bb button_bg_color__hover_enabled=\u00bboff\u00bb button_one_bg_color__hover_enabled=\u00bboff\u00bb button_two_bg_color__hover_enabled=\u00bboff\u00bb][\/et_pb_cta][\/et_pb_column][\/et_pb_row][\/et_pb_section][et_pb_section fb_built=\u00bb1&#8243; admin_label=\u00bbsection\u00bb _builder_version=\u00bb3.22&#8243; background_color=\u00bb#222b34&#8243;][et_pb_row admin_label=\u00bbrow\u00bb _builder_version=\u00bb3.25&#8243; background_size=\u00bbinitial\u00bb background_position=\u00bbtop_left\u00bb background_repeat=\u00bbrepeat\u00bb][et_pb_column type=\u00bb4_4&#8243; _builder_version=\u00bb3.25&#8243; custom_padding=\u00bb|||\u00bb custom_padding__hover=\u00bb|||\u00bb][et_pb_text admin_label=\u00bbText\u00bb _builder_version=\u00bb3.27.4&#8243; background_size=\u00bbinitial\u00bb background_position=\u00bbtop_left\u00bb background_repeat=\u00bbrepeat\u00bb text_orientation=\u00bbcenter\u00bb background_layout=\u00bbdark\u00bb module_alignment=\u00bbcenter\u00bb use_border_color=\u00bboff\u00bb border_color=\u00bb#ffffff\u00bb border_style=\u00bbsolid\u00bb]<\/p>\n<h1>MIS IMAGENES CON DRONE<\/h1>\n<p>[\/et_pb_text][\/et_pb_column][\/et_pb_row][et_pb_row admin_label=\u00bbrow\u00bb _builder_version=\u00bb3.25&#8243; background_size=\u00bbinitial\u00bb background_position=\u00bbtop_left\u00bb background_repeat=\u00bbrepeat\u00bb column_structure=\u00bb1_3,1_3,1_3&#8243;][et_pb_column type=\u00bb1_3&#8243; _builder_version=\u00bb3.25&#8243; custom_padding=\u00bb|||\u00bb custom_padding__hover=\u00bb|||\u00bb][et_pb_team_member name=\u00bbEl CCK al atardecer\u00bb image_url=\u00bbhttp:\/\/nestorbarbitta.de\/wp-content\/uploads\/2017\/07\/cck-atardecer.jpg\u00bb admin_label=\u00bbTeam Member\u00bb _builder_version=\u00bb3.0.87&#8243; background_size=\u00bbinitial\u00bb background_position=\u00bbtop_left\u00bb background_repeat=\u00bbrepeat\u00bb background_layout=\u00bbdark\u00bb animation=\u00bbfade_in\u00bb use_border_color=\u00bboff\u00bb border_color=\u00bb#ffffff\u00bb border_style=\u00bbsolid\u00bb][\/et_pb_team_member][et_pb_team_member name=\u00bbEx Ciudad Deportiva de La Boca\u00bb image_url=\u00bbhttp:\/\/nestorbarbitta.de\/wp-content\/uploads\/2017\/07\/ciudad-de-la-boca.jpg\u00bb admin_label=\u00bbTeam Member\u00bb _builder_version=\u00bb3.0.87&#8243; background_size=\u00bbinitial\u00bb background_position=\u00bbtop_left\u00bb background_repeat=\u00bbrepeat\u00bb background_layout=\u00bbdark\u00bb animation=\u00bbfade_in\u00bb use_border_color=\u00bboff\u00bb border_color=\u00bb#ffffff\u00bb border_style=\u00bbsolid\u00bb][\/et_pb_team_member][\/et_pb_column][et_pb_column type=\u00bb1_3&#8243; _builder_version=\u00bb3.25&#8243; custom_padding=\u00bb|||\u00bb custom_padding__hover=\u00bb|||\u00bb][et_pb_team_member name=\u00bbRuta 40 cerca de Esquel\u00bb image_url=\u00bbhttp:\/\/nestorbarbitta.de\/wp-content\/uploads\/2017\/07\/patagonia2.jpg\u00bb admin_label=\u00bbTeam Member\u00bb _builder_version=\u00bb3.0.87&#8243; background_size=\u00bbinitial\u00bb background_position=\u00bbtop_left\u00bb background_repeat=\u00bbrepeat\u00bb background_layout=\u00bbdark\u00bb animation=\u00bbfade_in\u00bb use_border_color=\u00bboff\u00bb border_color=\u00bb#ffffff\u00bb border_style=\u00bbsolid\u00bb][\/et_pb_team_member][et_pb_team_member name=\u00bbPuerto Madero\u00bb image_url=\u00bbhttp:\/\/nestorbarbitta.de\/wp-content\/uploads\/2017\/07\/puerto-madero.jpg\u00bb admin_label=\u00bbTeam Member\u00bb _builder_version=\u00bb3.0.87&#8243; background_size=\u00bbinitial\u00bb background_position=\u00bbtop_left\u00bb background_repeat=\u00bbrepeat\u00bb background_layout=\u00bbdark\u00bb animation=\u00bbfade_in\u00bb use_border_color=\u00bboff\u00bb border_color=\u00bb#ffffff\u00bb border_style=\u00bbsolid\u00bb][\/et_pb_team_member][\/et_pb_column][et_pb_column type=\u00bb1_3&#8243; _builder_version=\u00bb3.25&#8243; custom_padding=\u00bb|||\u00bb custom_padding__hover=\u00bb|||\u00bb][et_pb_team_member name=\u00bbMorro de San Pablo\u00bb image_url=\u00bbhttp:\/\/nestorbarbitta.de\/wp-content\/uploads\/2017\/07\/morro-e1500995129687.jpg\u00bb admin_label=\u00bbTeam Member\u00bb _builder_version=\u00bb3.0.87&#8243; background_size=\u00bbinitial\u00bb background_position=\u00bbtop_left\u00bb background_repeat=\u00bbrepeat\u00bb background_layout=\u00bbdark\u00bb animation=\u00bbfade_in\u00bb use_border_color=\u00bboff\u00bb border_color=\u00bb#ffffff\u00bb border_style=\u00bbsolid\u00bb][\/et_pb_team_member][et_pb_team_member name=\u00bbRuta 40 y el r\u00edo Correntoso\u00bb image_url=\u00bbhttp:\/\/nestorbarbitta.de\/wp-content\/uploads\/2017\/07\/patagonia.jpg\u00bb admin_label=\u00bbTeam Member\u00bb _builder_version=\u00bb3.0.87&#8243; background_size=\u00bbinitial\u00bb background_position=\u00bbtop_left\u00bb background_repeat=\u00bbrepeat\u00bb background_layout=\u00bbdark\u00bb animation=\u00bbfade_in\u00bb use_border_color=\u00bboff\u00bb border_color=\u00bb#ffffff\u00bb border_style=\u00bbsolid\u00bb][\/et_pb_team_member][\/et_pb_column][\/et_pb_row][\/et_pb_section]<\/p>\n","protected":false},"excerpt":{"rendered":"<p>Curso personalizado de operaci\u00f3n de drone (Piloto\/operador VANT) La tecnolog\u00eda de Drones es muy nueva y permite un uso muy diverso. Existen drones para el entretenimiento personal hasta equipos profesionales para el uso comercial (Producci\u00f3n Audiovisual, Fotograf\u00eda A\u00e9rea, Control de instalaciones, AGRO, Industrias, Electricidad, Seguridad, Vialidad, etc.) Desde mi experiencia como piloto autorizado por ANAC, [&hellip;]<\/p>\n","protected":false},"author":1,"featured_media":0,"parent":0,"menu_order":0,"comment_status":"closed","ping_status":"closed","template":"","meta":{"_et_pb_use_builder":"on","_et_pb_old_content":"","_et_gb_content_width":"","footnotes":""},"class_list":["post-163","page","type-page","status-publish","hentry"],"_links":{"self":[{"href":"https:\/\/nestorbarbitta.de\/es\/wp-json\/wp\/v2\/pages\/163","targetHints":{"allow":["GET"]}}],"collection":[{"href":"https:\/\/nestorbarbitta.de\/es\/wp-json\/wp\/v2\/pages"}],"about":[{"href":"https:\/\/nestorbarbitta.de\/es\/wp-json\/wp\/v2\/types\/page"}],"author":[{"embeddable":true,"href":"https:\/\/nestorbarbitta.de\/es\/wp-json\/wp\/v2\/users\/1"}],"replies":[{"embeddable":true,"href":"https:\/\/nestorbarbitta.de\/es\/wp-json\/wp\/v2\/comments?post=163"}],"version-history":[{"count":0,"href":"https:\/\/nestorbarbitta.de\/es\/wp-json\/wp\/v2\/pages\/163\/revisions"}],"wp:attachment":[{"href":"https:\/\/nestorbarbitta.de\/es\/wp-json\/wp\/v2\/media?parent=163"}],"curies":[{"name":"wp","href":"https:\/\/api.w.org\/{rel}","templated":true}]}}