{"id":27007,"date":"2020-07-05T11:59:24","date_gmt":"2020-07-05T10:59:24","guid":{"rendered":"https:\/\/nestorbarbitta.de\/?page_id=27007"},"modified":"2024-11-14T19:02:02","modified_gmt":"2024-11-14T18:02:02","slug":"nosotros-los-lugares","status":"publish","type":"page","link":"https:\/\/nestorbarbitta.de\/es\/nosotros-los-lugares\/","title":{"rendered":"Nosotros, los lugares"},"content":{"rendered":"<p>[et_pb_section fb_built=\u00bb1&#8243; _builder_version=\u00bb4.16&#8243; custom_padding=\u00bb0px||25px|||\u00bb global_colors_info=\u00bb{}\u00bb][et_pb_row _builder_version=\u00bb4.16&#8243; custom_padding=\u00bb16px||0px|||\u00bb global_colors_info=\u00bb{}\u00bb][et_pb_column type=\u00bb4_4&#8243; _builder_version=\u00bb4.16&#8243; global_colors_info=\u00bb{}\u00bb][et_pb_post_title meta=\u00bboff\u00bb featured_image=\u00bboff\u00bb _builder_version=\u00bb4.16&#8243; title_level=\u00bbh2&#8243; title_font=\u00bb|700|||||||\u00bb title_text_align=\u00bbcenter\u00bb title_text_color=\u00bb#000000&#8243; text_orientation=\u00bbcenter\u00bb custom_margin=\u00bb||11px|||\u00bb global_colors_info=\u00bb{}\u00bb][\/et_pb_post_title][et_pb_video src=\u00bbhttps:\/\/vimeo.com\/437201100&#8243; _builder_version=\u00bb4.16&#8243; global_colors_info=\u00bb{}\u00bb][\/et_pb_video][et_pb_text _builder_version=\u00bb4.16&#8243; text_text_color=\u00bb#131517&#8243; header_text_color=\u00bb#131517&#8243; header_2_text_color=\u00bb#131517&#8243; header_3_text_color=\u00bb#131517&#8243; global_colors_info=\u00bb{}\u00bb]<\/p>\n<h2><strong>Sobre la performance:<\/strong><\/h2>\n<h3><strong>Presentaci\u00f3n<\/strong><\/h3>\n<p>En esta suerte de experimento nos juntamos una actriz y un fot\u00f3grafo. Con nuestra videoperformance queremos reflexionar junto a ustedes acerca de nuestro roll dentro de la sociedad de cara a una nueva forma de pensar el mundo.<\/p>\n<h3><strong>El tema<\/strong><\/h3>\n<p>\u00bfPodemos tener un punto de vista distinto sobre las cosas que nos suceden en lo cotidiano? Existe un v\u00ednculo normalizador entre los espacios y sus habitantes. La disposici\u00f3n de los seres humanos en los espacios que ocupamos. Los lugares determinando nuestras conductas rutinarias. \u00bfC\u00f3mo fue nuestra vida encerrados? \u00bfC\u00f3mo ser\u00e1 este ritmo de aqu\u00ed en adelante.<\/p>\n<h3><strong>Las herramientas<\/strong><\/h3>\n<div class=\"et_pb_section et_pb_section_1 et_section_regular\">\n<div class=\"et_pb_row et_pb_row_1\">\n<div class=\"et_pb_column et_pb_column_4_4 et_pb_column_2  et_pb_css_mix_blend_mode_passthrough et-last-child\">\n<div class=\"et_pb_module et_pb_text et_pb_text_0  et_pb_text_align_left et_pb_bg_layout_light\">\n<div class=\"et_pb_text_inner\">\n<p>Como artistas podemos utilizar cualquier herramienta y apropiarnos de ella, enfrent\u00e1ndonos as\u00ed a la vacuidad que la tecnolog\u00eda intenta imponernos. En esta performance utilizamos im\u00e1genes de drone como medio de registro documental, material de redes sociales obtenidas a pedido o apropi\u00e1ndonos de ellas. Mediante el desempe\u00f1o esc\u00e9nico intentaremos manifestar el vaiv\u00e9n de sensaciones vividas durante el confinamiento y su posterior inferencia. El ser humano arrastrado al l\u00edmite de su racionalidad y obligado a lidiar con sus limitaciones m\u00e1s rec\u00f3nditas.<\/p>\n<\/div>\n<\/div>\n<\/div>\n<\/div>\n<\/div>\n<p>[\/et_pb_text][\/et_pb_column][\/et_pb_row][\/et_pb_section][et_pb_section fb_built=\u00bb1&#8243; _builder_version=\u00bb4.16&#8243; custom_padding=\u00bb10px||||false|false\u00bb global_colors_info=\u00bb{}\u00bb][et_pb_row _builder_version=\u00bb4.16&#8243; custom_padding=\u00bb18px||16px|||\u00bb global_colors_info=\u00bb{}\u00bb][et_pb_column type=\u00bb4_4&#8243; _builder_version=\u00bb4.16&#8243; global_colors_info=\u00bb{}\u00bb][et_pb_text _builder_version=\u00bb4.16&#8243; text_text_color=\u00bb#000000&#8243; header_text_color=\u00bb#131517&#8243; header_2_text_color=\u00bb#131517&#8243; global_colors_info=\u00bb{}\u00bb]<\/p>\n<div class=\"et_pb_row et_pb_row_2\">\n<div class=\"et_pb_column et_pb_column_4_4 et_pb_column_3  et_pb_css_mix_blend_mode_passthrough et-last-child\">\n<div class=\"et_pb_module et_pb_text et_pb_text_1  et_pb_text_align_left et_pb_bg_layout_light\">\n<div class=\"et_pb_text_inner\">\n<h2><strong>Sobre los artistas<\/strong><\/h2>\n<\/div>\n<\/div>\n<\/div>\n<\/div>\n<p>[\/et_pb_text][\/et_pb_column][\/et_pb_row][et_pb_row column_structure=\u00bb1_2,1_2&#8243; _builder_version=\u00bb4.16&#8243; custom_margin=\u00bb|auto|-3px|auto||\u00bb global_colors_info=\u00bb{}\u00bb][et_pb_column type=\u00bb1_2&#8243; _builder_version=\u00bb4.16&#8243; global_colors_info=\u00bb{}\u00bb][et_pb_image src=\u00bbhttps:\/\/nestorbarbitta.de\/wp-content\/uploads\/2020\/07\/chela-sacan-web.jpg\u00bb title_text=\u00bbchela-sacan-web\u00bb _builder_version=\u00bb4.16&#8243; border_radii=\u00bbon|10px|10px|10px|10px\u00bb global_colors_info=\u00bb{}\u00bb][\/et_pb_image][et_pb_social_media_follow _builder_version=\u00bb4.16&#8243; text_orientation=\u00bbcenter\u00bb custom_margin=\u00bb-48px|||||\u00bb global_colors_info=\u00bb{}\u00bb][et_pb_social_media_follow_network social_network=\u00bbinstagram\u00bb url=\u00bbhttps:\/\/www.instagram.com\/chelasacan\/\u00bb _builder_version=\u00bb4.16&#8243; background_color=\u00bb#ea2c59&#8243; global_colors_info=\u00bb{}\u00bb follow_button=\u00bboff\u00bb url_new_window=\u00bbon\u00bb]instagram[\/et_pb_social_media_follow_network][et_pb_social_media_follow_network social_network=\u00bbfacebook\u00bb url=\u00bbhttps:\/\/www.facebook.com\/marcesacan\u00bb _builder_version=\u00bb4.16&#8243; background_color=\u00bb#3b5998&#8243; global_colors_info=\u00bb{}\u00bb follow_button=\u00bboff\u00bb url_new_window=\u00bbon\u00bb]facebook[\/et_pb_social_media_follow_network][et_pb_social_media_follow_network social_network=\u00bbyoutube\u00bb url=\u00bbhttps:\/\/www.youtube.com\/channel\/UCko2LjwP04-vbKifqWtr00A\u00bb _builder_version=\u00bb4.16&#8243; background_color=\u00bb#a82400&#8243; global_colors_info=\u00bb{}\u00bb follow_button=\u00bboff\u00bb url_new_window=\u00bbon\u00bb]youtube[\/et_pb_social_media_follow_network][\/et_pb_social_media_follow][et_pb_text _builder_version=\u00bb4.16&#8243; text_text_color=\u00bb#000000&#8243; header_text_color=\u00bb#000000&#8243; header_2_text_color=\u00bb#000000&#8243; header_3_text_color=\u00bb#000000&#8243; header_4_text_color=\u00bb#000000&#8243; header_5_text_color=\u00bb#35363a\u00bb header_6_text_color=\u00bb#35363a\u00bb global_colors_info=\u00bb{}\u00bb]<\/p>\n<h2><strong>Chela Sacan<\/strong><\/h2>\n<h5>Actriz<\/h5>\n<p>Naci\u00f3 en Buenos Aires, Argentina. Es Licenciada en actuaci\u00f3n graduada en la Universidad Nacional de las Artes. Estudi\u00f3 en El Teatro Nacional San Mart\u00edn, en la escuela de Claudio Tolcachir (Timbre 4) y con Norman Briski (Teatro Caliban).<\/p>\n<p>Se form\u00f3 en stand up con Emilio Tamer y perfeccion\u00f3 su voz y canto con la docente Daniela Basso.<\/p>\n<p>En teatro particip\u00f3 de diversos proyectos con reconocidos directores del circuito off como Claudio P\u00e9rsico, Lucas Santa Ana y Blanca Rizzo, entre otros.<\/p>\n<p>Particip\u00f3 en pel\u00edculas, series y publicidades internacionales con directores como Juan Jos\u00e9 Campanella y Andy Fogwill.<\/p>\n<p>En 2019 condujo un evento junto al reconocido actor y comediante Mart\u00edn Bossi.<\/p>\n<p>Actualmente reside en Berl\u00edn donde participa de la actividad audiovisual y el circuito art\u00edstico de la ciudad.<\/p>\n<div id=\"gtx-trans\" style=\"position: absolute; left: 73px; top: 174.262px;\">\n<div class=\"gtx-trans-icon\">\u00a0<\/div>\n<\/div>\n<p>[\/et_pb_text][\/et_pb_column][et_pb_column type=\u00bb1_2&#8243; _builder_version=\u00bb4.16&#8243; global_colors_info=\u00bb{}\u00bb][et_pb_image src=\u00bbhttps:\/\/nestorbarbitta.de\/wp-content\/uploads\/2020\/07\/nes-wetheplaces.jpg\u00bb title_text=\u00bbnes-wetheplaces\u00bb _builder_version=\u00bb4.16&#8243; border_radii=\u00bbon|10px|10px|10px|10px\u00bb global_colors_info=\u00bb{}\u00bb][\/et_pb_image][et_pb_social_media_follow _builder_version=\u00bb4.16&#8243; text_orientation=\u00bbcenter\u00bb custom_margin=\u00bb-48px|||||\u00bb global_colors_info=\u00bb{}\u00bb][et_pb_social_media_follow_network social_network=\u00bbinstagram\u00bb url=\u00bbhttps:\/\/www.instagram.com\/nestorbarbitta\/\u00bb _builder_version=\u00bb4.16&#8243; background_color=\u00bb#ea2c59&#8243; global_colors_info=\u00bb{}\u00bb follow_button=\u00bboff\u00bb url_new_window=\u00bbon\u00bb]instagram[\/et_pb_social_media_follow_network][et_pb_social_media_follow_network social_network=\u00bbfacebook\u00bb url=\u00bbhttps:\/\/www.facebook.com\/nbarbitta\/\u00bb _builder_version=\u00bb4.16&#8243; background_color=\u00bb#3b5998&#8243; global_colors_info=\u00bb{}\u00bb follow_button=\u00bboff\u00bb url_new_window=\u00bbon\u00bb]facebook[\/et_pb_social_media_follow_network][et_pb_social_media_follow_network social_network=\u00bbtwitter\u00bb url=\u00bbhttp:\/\/twitter.com\/nestorbarbitta\u00bb _builder_version=\u00bb4.22.2&#8243; background_color=\u00bb#000000&#8243; global_colors_info=\u00bb{}\u00bb follow_button=\u00bboff\u00bb url_new_window=\u00bbon\u00bb]twitter[\/et_pb_social_media_follow_network][et_pb_social_media_follow_network social_network=\u00bbyoutube\u00bb url=\u00bbhttps:\/\/youtube.com\/nestorbarbitta\u00bb _builder_version=\u00bb4.16&#8243; background_color=\u00bb#a82400&#8243; global_colors_info=\u00bb{}\u00bb follow_button=\u00bboff\u00bb url_new_window=\u00bbon\u00bb]youtube[\/et_pb_social_media_follow_network][et_pb_social_media_follow_network social_network=\u00bbvimeo\u00bb url=\u00bbhttps:\/\/vimeo.com\/nestorbarbitta\u00bb _builder_version=\u00bb4.16&#8243; background_color=\u00bb#45bbff\u00bb global_colors_info=\u00bb{}\u00bb follow_button=\u00bboff\u00bb url_new_window=\u00bbon\u00bb]vimeo[\/et_pb_social_media_follow_network][\/et_pb_social_media_follow][et_pb_text _builder_version=\u00bb4.16&#8243; text_text_color=\u00bb#000000&#8243; header_text_color=\u00bb#000000&#8243; header_2_text_color=\u00bb#000000&#8243; header_3_text_color=\u00bb#000000&#8243; header_4_text_color=\u00bb#000000&#8243; header_5_text_color=\u00bb#35363a\u00bb header_6_text_color=\u00bb#35363a\u00bb global_colors_info=\u00bb{}\u00bb]<\/p>\n<h2><strong>Nestor Barbitta<\/strong><\/h2>\n<h5>Fot\u00f3grafo \/ Artista visual<\/h5>\n<p>Dise\u00f1ador de Imagen y Sonido graduado en la Universidad de Buenos Aires. Fotoperiodista y docente de diversos talleres en instituciones de aprendizaje y proyectos sociales.<\/p>\n<p>Realiz\u00f3 los talleres de los reconocidos fot\u00f3grafos argentinos Eduardo Gil y Carlos Bosch.<\/p>\n<p>Sus fotograf\u00edas fueron expuestas en Argentina, Madrid y Berl\u00edn.<\/p>\n<p>Sus im\u00e1genes de drone conformaron la video instalaci\u00f3n de la muestra \u201cApolo y Dionisos en la arquitectura argentina\u201d exhibida en el MARQ.<\/p>\n<p>Su fotograf\u00eda a\u00e9rea del Cementerio de la Chacarita fue expuesta en la Bienal Internacional de Arquitectura de Buenos Aires de 2019.<\/p>\n<p>Particip\u00f3 como finalista del prestigioso premio Ita\u00fa Artes Visuales durante 2018 y 2019, llev\u00e1ndose en el 2020 el 3er premio adquisici\u00f3n.<\/p>\n<p>Su muestra \u201cCoordenadas de la vida cotidiana\u201d fue exhibida en la Embajada Argentina en la ciudad de Berl\u00edn.<\/p>\n<p>Actualmente reside en Berl\u00edn desde hace m\u00e1s de un a\u00f1o.<\/p>\n<div id=\"gtx-trans\" style=\"position: absolute; left: 393px; top: 447.663px;\">\n<div class=\"gtx-trans-icon\">\u00a0<\/div>\n<\/div>\n<p>[\/et_pb_text][\/et_pb_column][\/et_pb_row][\/et_pb_section][et_pb_section fb_built=\u00bb1&#8243; _builder_version=\u00bb4.16&#8243; global_colors_info=\u00bb{}\u00bb][et_pb_row _builder_version=\u00bb4.16&#8243; global_colors_info=\u00bb{}\u00bb][et_pb_column type=\u00bb4_4&#8243; _builder_version=\u00bb4.16&#8243; global_colors_info=\u00bb{}\u00bb][et_pb_text _builder_version=\u00bb4.16&#8243; text_text_color=\u00bb#131517&#8243; header_text_color=\u00bb#131517&#8243; header_2_text_color=\u00bb#131517&#8243; global_colors_info=\u00bb{}\u00bb]<\/p>\n<h2 style=\"text-align: center;\"><strong>Esta performance forma parte de<\/strong><\/h2>\n<h1 style=\"text-align: center;\"><strong>This is an Intervention<\/strong><\/h1>\n<p style=\"text-align: center;\"><a href=\"http:\/\/www.thisisanintervention.info\/index.html#\" target=\"_blank\" rel=\"noopener noreferrer\">www.thisisanintervention.info<\/a><\/p>\n<div id=\"gtx-trans\" style=\"position: absolute; left: -102px; top: 4.9125px;\">\n<div class=\"gtx-trans-icon\">\u00a0<\/div>\n<\/div>\n<p>[\/et_pb_text][\/et_pb_column][\/et_pb_row][\/et_pb_section]<\/p>\n","protected":false},"excerpt":{"rendered":"<p>Sobre la performance: Presentaci\u00f3n En esta suerte de experimento nos juntamos una actriz y un fot\u00f3grafo. Con nuestra videoperformance queremos reflexionar junto a ustedes acerca de nuestro roll dentro de la sociedad de cara a una nueva forma de pensar el mundo. El tema \u00bfPodemos tener un punto de vista distinto sobre las cosas que [&hellip;]<\/p>\n","protected":false},"author":1,"featured_media":0,"parent":0,"menu_order":0,"comment_status":"closed","ping_status":"closed","template":"","meta":{"_et_pb_use_builder":"on","_et_pb_old_content":"","_et_gb_content_width":"","footnotes":""},"class_list":["post-27007","page","type-page","status-publish","hentry"],"_links":{"self":[{"href":"https:\/\/nestorbarbitta.de\/es\/wp-json\/wp\/v2\/pages\/27007","targetHints":{"allow":["GET"]}}],"collection":[{"href":"https:\/\/nestorbarbitta.de\/es\/wp-json\/wp\/v2\/pages"}],"about":[{"href":"https:\/\/nestorbarbitta.de\/es\/wp-json\/wp\/v2\/types\/page"}],"author":[{"embeddable":true,"href":"https:\/\/nestorbarbitta.de\/es\/wp-json\/wp\/v2\/users\/1"}],"replies":[{"embeddable":true,"href":"https:\/\/nestorbarbitta.de\/es\/wp-json\/wp\/v2\/comments?post=27007"}],"version-history":[{"count":4,"href":"https:\/\/nestorbarbitta.de\/es\/wp-json\/wp\/v2\/pages\/27007\/revisions"}],"predecessor-version":[{"id":31305,"href":"https:\/\/nestorbarbitta.de\/es\/wp-json\/wp\/v2\/pages\/27007\/revisions\/31305"}],"wp:attachment":[{"href":"https:\/\/nestorbarbitta.de\/es\/wp-json\/wp\/v2\/media?parent=27007"}],"curies":[{"name":"wp","href":"https:\/\/api.w.org\/{rel}","templated":true}]}}