{"id":28276,"date":"2021-04-19T15:34:35","date_gmt":"2021-04-19T14:34:35","guid":{"rendered":"https:\/\/nestorbarbitta.de\/la-ciudad-de-la-boca\/"},"modified":"2021-06-08T16:07:38","modified_gmt":"2021-06-08T15:07:38","slug":"la-ciudad-de-la-boca","status":"publish","type":"page","link":"https:\/\/nestorbarbitta.de\/es\/la-ciudad-de-la-boca\/","title":{"rendered":"La Ciudad de la Boca"},"content":{"rendered":"<p>[et_pb_section fb_built=\u00bb1&#8243; _builder_version=\u00bb4.9.4&#8243; custom_padding=\u00bb0px||15px||false|false\u00bb sticky_enabled=\u00bb0&#8243; background_enable_color=\u00bboff\u00bb][et_pb_row use_custom_gutter=\u00bbon\u00bb gutter_width=\u00bb1&#8243; _builder_version=\u00bb4.2.2&#8243; width=\u00bb90%\u00bb max_width=\u00bb100%\u00bb custom_margin=\u00bb0px|0px|0px|0px|false|false\u00bb custom_padding=\u00bb0px|0px|0px|0px|false|false\u00bb background_size=\u00bbinitial\u00bb background_position=\u00bbtop_left\u00bb background_repeat=\u00bbrepeat\u00bb module_alignment=\u00bbcenter\u00bb][et_pb_column type=\u00bb4_4&#8243; _builder_version=\u00bb3.25&#8243; custom_padding=\u00bb|||\u00bb custom_padding__hover=\u00bb|||\u00bb][et_pb_gallery gallery_ids=\u00bb28981,28984,28987,28990,28993,28996,28999,29002,29005,29008,29011,29014,29017&#8243; posts_number=\u00bb20&#8243; show_title_and_caption=\u00bboff\u00bb show_pagination=\u00bboff\u00bb zoom_icon_color=\u00bb#000000&#8243; hover_icon=\u00bb%%51%%\u00bb module_class=\u00bbcol-width\u00bb _builder_version=\u00bb4.9.4&#8243; border_width_all=\u00bb5px\u00bb border_color_all=\u00bb#EEF5F7&#8243;][\/et_pb_gallery][\/et_pb_column][\/et_pb_row][et_pb_row _builder_version=\u00bb4.2.2&#8243; width=\u00bb90%\u00bb max_width=\u00bbnone\u00bb][et_pb_column type=\u00bb4_4&#8243; _builder_version=\u00bb4.2.2&#8243;][et_pb_text _builder_version=\u00bb4.9.4&#8243;]<\/p>\n<div align=\"justify\">A fines de los a\u00f1os 60 se inici\u00f3 un proyecto fara\u00f3nico: crear la Ciudad Deportiva de la Boca (del club Boca Juniors). Durante a\u00f1os se avanz\u00f3 lentamente, se proyectaba construir all\u00ed un nuevo estadio. Cuando lleg\u00f3 la dictadura militar, el sue\u00f1o se abandon\u00f3 para siempre. Alrededor del a\u00f1o 2010, los terrenos fueron comprados por una empresa conocida por ser due\u00f1os de varios Shoppings. El plan para esos terrenos fue convertirlos en un barrio exclusivo, al estilo de Nordelta o Puerto Madero. Un impedimento para este plan es solo un peque\u00f1o r\u00edo separa esta \u00abfutura Venecia\u00bb de la Villa Rodrigo Bueno. No se sabe cu\u00e1ndo se contruir\u00e1 este barrio exclusivo y se terminar\u00e1 de demoler el \u00fanico edificio que se construy\u00f3 en aquel entonces: una vieja confiter\u00eda que mientras tanto va desapareciendo lentamente de la memoria. Una <strong>ciudad que nunca fue<\/strong>.<\/div>\n<p>[\/et_pb_text][\/et_pb_column][\/et_pb_row][\/et_pb_section]<\/p>\n","protected":false},"excerpt":{"rendered":"<p>A fines de los a\u00f1os 60 se inici\u00f3 un proyecto fara\u00f3nico: crear la Ciudad Deportiva de la Boca (del club Boca Juniors). Durante a\u00f1os se avanz\u00f3 lentamente, se proyectaba construir all\u00ed un nuevo estadio. Cuando lleg\u00f3 la dictadura militar, el sue\u00f1o se abandon\u00f3 para siempre. Alrededor del a\u00f1o 2010, los terrenos fueron comprados por una [&hellip;]<\/p>\n","protected":false},"author":1,"featured_media":0,"parent":0,"menu_order":0,"comment_status":"closed","ping_status":"closed","template":"","meta":{"_et_pb_use_builder":"on","_et_pb_old_content":"","_et_gb_content_width":"","footnotes":""},"class_list":["post-28276","page","type-page","status-publish","hentry"],"_links":{"self":[{"href":"https:\/\/nestorbarbitta.de\/es\/wp-json\/wp\/v2\/pages\/28276","targetHints":{"allow":["GET"]}}],"collection":[{"href":"https:\/\/nestorbarbitta.de\/es\/wp-json\/wp\/v2\/pages"}],"about":[{"href":"https:\/\/nestorbarbitta.de\/es\/wp-json\/wp\/v2\/types\/page"}],"author":[{"embeddable":true,"href":"https:\/\/nestorbarbitta.de\/es\/wp-json\/wp\/v2\/users\/1"}],"replies":[{"embeddable":true,"href":"https:\/\/nestorbarbitta.de\/es\/wp-json\/wp\/v2\/comments?post=28276"}],"version-history":[{"count":4,"href":"https:\/\/nestorbarbitta.de\/es\/wp-json\/wp\/v2\/pages\/28276\/revisions"}],"predecessor-version":[{"id":29921,"href":"https:\/\/nestorbarbitta.de\/es\/wp-json\/wp\/v2\/pages\/28276\/revisions\/29921"}],"wp:attachment":[{"href":"https:\/\/nestorbarbitta.de\/es\/wp-json\/wp\/v2\/media?parent=28276"}],"curies":[{"name":"wp","href":"https:\/\/api.w.org\/{rel}","templated":true}]}}