{"id":30678,"date":"2022-04-04T09:20:51","date_gmt":"2022-04-04T08:20:51","guid":{"rendered":"https:\/\/nestorbarbitta.de\/tiempos-de-guerra-la-frontera-entre-ucrania-y-polonia\/"},"modified":"2022-04-04T09:20:52","modified_gmt":"2022-04-04T08:20:52","slug":"tiempos-de-guerra-la-frontera-entre-ucrania-y-polonia","status":"publish","type":"page","link":"https:\/\/nestorbarbitta.de\/es\/tiempos-de-guerra-la-frontera-entre-ucrania-y-polonia\/","title":{"rendered":"Tiempos de guerra: La frontera entre Ucrania y Polonia."},"content":{"rendered":"<p>[et_pb_section fb_built=\u00bb1&#8243; _builder_version=\u00bb4.9.4&#8243; background_enable_color=\u00bboff\u00bb custom_padding=\u00bb0px||15px||false|false\u00bb global_colors_info=\u00bb{}\u00bb][et_pb_row use_custom_gutter=\u00bbon\u00bb gutter_width=\u00bb1&#8243; _builder_version=\u00bb4.14.8&#8243; background_size=\u00bbinitial\u00bb background_position=\u00bbtop_left\u00bb background_repeat=\u00bbrepeat\u00bb width=\u00bb100%\u00bb max_width=\u00bbnone\u00bb module_alignment=\u00bbcenter\u00bb custom_margin=\u00bb0px|0px|0px|0px|false|false\u00bb custom_padding=\u00bb0px|0px|0px|0px|false|false\u00bb global_colors_info=\u00bb{}\u00bb][et_pb_column type=\u00bb4_4&#8243; _builder_version=\u00bb3.25&#8243; custom_padding=\u00bb|||\u00bb global_colors_info=\u00bb{}\u00bb custom_padding__hover=\u00bb|||\u00bb][et_pb_gallery gallery_ids=\u00bb30655,30658,30661,30640,30634,30673,30637,30643,30646,30649,30670,30664,30625,30628,30631,30652&#8243; posts_number=\u00bb20&#8243; orientation=\u00bbportrait\u00bb show_pagination=\u00bboff\u00bb module_class=\u00bbcol-width\u00bb _builder_version=\u00bb4.14.8&#8243; width=\u00bb90%\u00bb width_tablet=\u00bb100%\u00bb width_phone=\u00bb100%\u00bb width_last_edited=\u00bbon|phone\u00bb module_alignment=\u00bbcenter\u00bb custom_margin=\u00bb|||82px||\u00bb hover_enabled=\u00bb0&#8243; border_width_all=\u00bb5px\u00bb border_color_all=\u00bb#EEF5F7&#8243; global_colors_info=\u00bb{}\u00bb title_font_size=\u00bb14px\u00bb title_font=\u00bb|600|||||||\u00bb caption_font_size=\u00bb12px\u00bb caption_text_align=\u00bbjustify\u00bb sticky_enabled=\u00bb0&#8243;][\/et_pb_gallery][\/et_pb_column][\/et_pb_row][et_pb_row _builder_version=\u00bb4.2.2&#8243; width=\u00bb90%\u00bb max_width=\u00bbnone\u00bb global_colors_info=\u00bb{}\u00bb][et_pb_column type=\u00bb4_4&#8243; _builder_version=\u00bb4.2.2&#8243; global_colors_info=\u00bb{}\u00bb][et_pb_text _builder_version=\u00bb4.14.8&#8243; global_colors_info=\u00bb{}\u00bb]<\/p>\n<div align=\"justify\">\n<p>A 900 km de Berl\u00edn se encuentra Przemy\u015bl, en Polonia. Es la ciudad m\u00e1s grande cerca del paso fronterizo de Medyka en la frontera ucraniana. All\u00ed fuimos con el fot\u00f3grafo alem\u00e1n <a href=\"https:\/\/www.instagram.com\/jakob.schottstaedt\/\" target=\"_blank\" rel=\"noopener\">Jakob Schottst\u00e4dt<\/a>. Gracias a la colaboraci\u00f3n de muchas personas, pudimos cubrir los gastos de nuestro viaje y documentar lo que les ocurre a los refugiados que huyen de la guerra en Ucrania. Este es s\u00f3lo uno de los puntos de la frontera, pero hay muchos otros. Mientras escribo estas l\u00edneas, miles de personas siguen escapando de la locura y muchos miles m\u00e1s mueren all\u00ed por los constantes bombardeos del ej\u00e9rcito ruso.<br \/>\nCuando llegamos a los distintos puntos de acogida de refugiados, la primera impresi\u00f3n es de orden en el caos. Los voluntarios van y vienen, algunos soldados vigilan el lugar con la cara cubierta. A veces una marea de gente se agolpa en alg\u00fan espacio consultando, buscando orientaci\u00f3n, se forman filas, la sensaci\u00f3n es que est\u00e1n perdidos, no saben por d\u00f3nde ir, el panorama es desolador.<br \/>\nHan dejado todo atr\u00e1s, algunos s\u00f3lo traen una bolsa, su vida ha quedado atr\u00e1s y no tienen m\u00e1s que lo que llevan consigo.<br \/>\nLos refugiados s\u00f3lo hablan ucraniano o ruso, es muy dif\u00edcil comunicarse y no paran de llegar y llegar.<br \/>\nEl fr\u00edo es terrible, la cantidad de gente es demasiada, la sensaci\u00f3n de que lo que hacemos es muy poco.<br \/>\nEs imposible estar en su piel, s\u00f3lo podemos empatizar con ellos, sin olvidar que podr\u00edamos ser nosotros, cualquiera de nosotros.<br \/>\nHoy todos los ojos del mundo est\u00e1n puestos en Ucrania pero en muchos otros lugares hay personas que, como ellos, ni m\u00e1s ni menos, est\u00e1n siendo desplazadas de sus hogares, dej\u00e1ndolo todo, qued\u00e1ndose sin nada.<br \/>\nEste es un recuerdo visual de unos d\u00edas en la frontera, donde la solidaridad es el capital m\u00e1s importante que podemos tener los seres humanos.<br \/>\nUna demostraci\u00f3n m\u00e1s de lo rid\u00edculo de las guerras, de lo injustificable. Hoy grito fuerte: no a la guerra, no a la guerra.<\/p>\n<\/div>\n<p>[\/et_pb_text][\/et_pb_column][\/et_pb_row][\/et_pb_section]<\/p>\n","protected":false},"excerpt":{"rendered":"<p>A 900 km de Berl\u00edn se encuentra Przemy\u015bl, en Polonia. Es la ciudad m\u00e1s grande cerca del paso fronterizo de Medyka en la frontera ucraniana. All\u00ed fuimos con el fot\u00f3grafo alem\u00e1n Jakob Schottst\u00e4dt. Gracias a la colaboraci\u00f3n de muchas personas, pudimos cubrir los gastos de nuestro viaje y documentar lo que les ocurre a los [&hellip;]<\/p>\n","protected":false},"author":1,"featured_media":0,"parent":0,"menu_order":0,"comment_status":"closed","ping_status":"closed","template":"","meta":{"_et_pb_use_builder":"on","_et_pb_old_content":"","_et_gb_content_width":"","footnotes":""},"class_list":["post-30678","page","type-page","status-publish","hentry"],"_links":{"self":[{"href":"https:\/\/nestorbarbitta.de\/es\/wp-json\/wp\/v2\/pages\/30678","targetHints":{"allow":["GET"]}}],"collection":[{"href":"https:\/\/nestorbarbitta.de\/es\/wp-json\/wp\/v2\/pages"}],"about":[{"href":"https:\/\/nestorbarbitta.de\/es\/wp-json\/wp\/v2\/types\/page"}],"author":[{"embeddable":true,"href":"https:\/\/nestorbarbitta.de\/es\/wp-json\/wp\/v2\/users\/1"}],"replies":[{"embeddable":true,"href":"https:\/\/nestorbarbitta.de\/es\/wp-json\/wp\/v2\/comments?post=30678"}],"version-history":[{"count":3,"href":"https:\/\/nestorbarbitta.de\/es\/wp-json\/wp\/v2\/pages\/30678\/revisions"}],"predecessor-version":[{"id":30681,"href":"https:\/\/nestorbarbitta.de\/es\/wp-json\/wp\/v2\/pages\/30678\/revisions\/30681"}],"wp:attachment":[{"href":"https:\/\/nestorbarbitta.de\/es\/wp-json\/wp\/v2\/media?parent=30678"}],"curies":[{"name":"wp","href":"https:\/\/api.w.org\/{rel}","templated":true}]}}