{"id":56,"date":"2017-04-20T19:03:50","date_gmt":"2017-04-20T19:03:50","guid":{"rendered":"http:\/\/nestorbarbitta.de\/?page_id=56"},"modified":"2021-08-03T13:52:13","modified_gmt":"2021-08-03T12:52:13","slug":"sobre-mi","status":"publish","type":"page","link":"https:\/\/nestorbarbitta.de\/es\/sobre-mi\/","title":{"rendered":"Sobre mi"},"content":{"rendered":"<p>[et_pb_section fb_built=\u00bb1&#8243; _builder_version=\u00bb4.9.4&#8243; background_color=\u00bb#FFFFFF\u00bb custom_padding=\u00bb0px||0px||true|false\u00bb][et_pb_row _builder_version=\u00bb4.9.4&#8243; _module_preset=\u00bbdefault\u00bb custom_padding=\u00bb0px|0px|0px|0px|true|true\u00bb][et_pb_column type=\u00bb4_4&#8243; _builder_version=\u00bb4.9.4&#8243; _module_preset=\u00bbdefault\u00bb][et_pb_image src=\u00bbhttps:\/\/nestorbarbitta.de\/wp-content\/uploads\/2021\/06\/nestorbarbitta-foto4x4.jpg\u00bb alt=\u00bbNestor Barbitta Visual Artist\u00bb title_text=\u00bbNestor Barbitta Visual Artist\u00bb force_fullwidth=\u00bbon\u00bb _builder_version=\u00bb4.9.4&#8243; _module_preset=\u00bbdefault\u00bb width_last_edited=\u00bboff|desktop\u00bb max_width_tablet=\u00bb\u00bb max_width_phone=\u00bb\u00bb max_width_last_edited=\u00bbon|phone\u00bb module_alignment=\u00bbcenter\u00bb custom_padding=\u00bb0px|0px|0px|0px|true|true\u00bb module_alignment_phone=\u00bbcenter\u00bb module_alignment_last_edited=\u00bboff|desktop\u00bb][\/et_pb_image][\/et_pb_column][\/et_pb_row][et_pb_row _builder_version=\u00bb3.25&#8243; background_size=\u00bbinitial\u00bb background_position=\u00bbtop_left\u00bb background_repeat=\u00bbrepeat\u00bb custom_margin=\u00bb-9px|auto||auto||\u00bb custom_padding=\u00bb19px|||||\u00bb][et_pb_column type=\u00bb4_4&#8243; _builder_version=\u00bb3.25&#8243; custom_padding=\u00bb|||\u00bb custom_padding__hover=\u00bb|||\u00bb][et_pb_text _builder_version=\u00bb4.9.4&#8243; text_orientation=\u00bbjustified\u00bb]<\/p>\n<p>Dise\u00f1ador de Imagen y Sonido graduado en la Universidad de Buenos Aires. Fotoperiodista y docente de diversos talleres en instituciones de aprendizaje y proyectos sociales.<\/p>\n<p>Se desempe\u00f1\u00f3 tambi\u00e9n como responsable de la creaci\u00f3n de contenidos audiovisuales para diversos organismos gubernamentales en Argentina.<\/p>\n<p>Es miembro de ARGRA desde 2012 y sus fotos han sido publicadas tanto en medios nacionales como internacionales.<\/p>\n<p>Asisti\u00f3 al\u00a0<a href=\"http:\/\/www.eduardogil.com\/\/talleres\/\" target=\"_blank\" rel=\"noopener noreferrer\">Taller de Est\u00e9tica Fotogr\u00e1fica TEF<\/a>, a cargo del fot\u00f3grafo Eduardo Gil.<\/p>\n<p>En 2016 particip\u00f3 con una de sus obras de la muestra internacional \u201cNorte al Sur\u201d realizada en el CCEBA. En el mismo a\u00f1o, otra de sus fotograf\u00edas fue parte de la muestra 50\/50 BsAs, realizada en Centro Cultural San Mart\u00edn.<\/p>\n<p>Algunas de sus fotos fueron expuestas en la muestra conjunta del Igers Gallery en el\u00a0<a href=\"https:\/\/espacio.fundaciontelefonica.com\/\" target=\"_blank\" rel=\"noopener noreferrer\">Espacio Fundaci\u00f3n Telef\u00f3nica de Madrid<\/a>.<\/p>\n<p>A fines de 2017, sus im\u00e1genes de drone conformaron la video instalaci\u00f3n de la muestra \u201cApolo y Dionisos en la arquitectura argentina\u201d, sobre los arquitectos Mario Roberto \u00c1lvarez y Clorindo Testa, exhibida en el MARQ.<\/p>\n<p>En 2018 y 2019 particip\u00f3 como finalista del prestigioso permio Ita\u00fa Artes Visuales, en ambas oportunidades con fotograf\u00edas a\u00e9reas realizadas con drone.<\/p>\n<p>Hasta principios del 2019 realiz\u00f3 el Taller\u00a0<a href=\"http:\/\/eltallercontinuo.blogspot.com\/\" target=\"_blank\" rel=\"noopener noreferrer\">Estrategias para la b\u00fasqueda de un lenguaje personal<\/a>\u00a0con el reconocido fot\u00f3grafo Carlos Bosch.<\/p>\n<p>Fue invitado a exhibir su serie de fotograf\u00edas a\u00e9reas\u00a0<a href=\"https:\/\/nestorbarbitta.de\/coordenadas-de-la-vida-cotidiana\/\">\u00abCoordenadas de la vida cotidiana\u00bb<\/a>\u00a0en la ciudad de Berlin, entre los meses de mayo y julio del 2019, en la sala Borges de la Embajada Argentina.<\/p>\n<p>En Noviembre de 2019 algunas de sus fotos formaron parte del libro del CCK (Centro Cultural Kirchner) de Argentina.<\/p>\n<p>Su fotograf\u00eda a\u00e9rea del Cementerio de la Chacarita fue expuesta como parte del proyecto \u00abChacarita moderna\u00bb en la Bienal Internacional de Arquitectura de Buenos Aires en Octubre de 2019.<\/p>\n<p>Una selecci\u00f3n de fotograf\u00edas de Buenos Aires obtuvo el tercer puesto del premio \u00abBuenos Aires desde el BID\u00bb a mediados de 2019.<\/p>\n<p>Su video performance\u00a0<a href=\"https:\/\/nestorbarbitta.de\/es\/nosotros-los-lugares\/\">\u00abWe, the places\u00bb<\/a>, form\u00f3 parte del proyecto de intervenciones urbanas\u00a0<a href=\"http:\/\/www.thisisanintervention.info\/\" target=\"_blank\" rel=\"noopener noreferrer\">\u00abThis is an intervention\u00bb<\/a>\u00a0en el emblem\u00e1tico barrio de Kreuzberg en Berl\u00edn en Julio del 2020.<\/p>\n<p>Ganador del 3er premio adquisici\u00f3n<strong>\u00a0Ita\u00fa Artes Visuales 2019-2020<\/strong>\u00a0con su fotograf\u00eda a\u00e9rea<strong>\u00a0\u00abPartido\u00bb<\/strong>.<\/p>\n<p>Es piloto profesional de drone y tambi\u00e9n un artista visual \u00e1vido de incursionar en nuevas tecnolog\u00edas y soportes.<\/p>\n<p>[\/et_pb_text][\/et_pb_column][\/et_pb_row][et_pb_row _builder_version=\u00bb4.9.4&#8243; _module_preset=\u00bbdefault\u00bb custom_padding=\u00bb0px|0px|0px|0px|true|true\u00bb][et_pb_column type=\u00bb4_4&#8243; _builder_version=\u00bb4.9.4&#8243; _module_preset=\u00bbdefault\u00bb][et_pb_image src=\u00bbhttps:\/\/nestorbarbitta.de\/wp-content\/uploads\/2021\/06\/nestorbarbitta-photoautomat-cv.jpg\u00bb alt=\u00bbPhotoautomat Berlin\u00bb title_text=\u00bbPhotoautomat Berlin\u00bb force_fullwidth=\u00bbon\u00bb _builder_version=\u00bb4.9.4&#8243; _module_preset=\u00bbdefault\u00bb width_last_edited=\u00bboff|desktop\u00bb max_width_tablet=\u00bb\u00bb max_width_phone=\u00bb\u00bb max_width_last_edited=\u00bbon|phone\u00bb module_alignment=\u00bbcenter\u00bb custom_padding=\u00bb0px|0px|0px|0px|true|true\u00bb module_alignment_phone=\u00bbcenter\u00bb module_alignment_last_edited=\u00bboff|desktop\u00bb][\/et_pb_image][\/et_pb_column][\/et_pb_row][\/et_pb_section]<\/p>\n","protected":false},"excerpt":{"rendered":"<p>Dise\u00f1ador de Imagen y Sonido graduado en la Universidad de Buenos Aires. Fotoperiodista y docente de diversos talleres en instituciones de aprendizaje y proyectos sociales. Se desempe\u00f1\u00f3 tambi\u00e9n como responsable de la creaci\u00f3n de contenidos audiovisuales para diversos organismos gubernamentales en Argentina. Es miembro de ARGRA desde 2012 y sus fotos han sido publicadas tanto [&hellip;]<\/p>\n","protected":false},"author":1,"featured_media":0,"parent":0,"menu_order":0,"comment_status":"closed","ping_status":"closed","template":"","meta":{"_et_pb_use_builder":"on","_et_pb_old_content":"","_et_gb_content_width":"","footnotes":""},"class_list":["post-56","page","type-page","status-publish","hentry"],"_links":{"self":[{"href":"https:\/\/nestorbarbitta.de\/es\/wp-json\/wp\/v2\/pages\/56","targetHints":{"allow":["GET"]}}],"collection":[{"href":"https:\/\/nestorbarbitta.de\/es\/wp-json\/wp\/v2\/pages"}],"about":[{"href":"https:\/\/nestorbarbitta.de\/es\/wp-json\/wp\/v2\/types\/page"}],"author":[{"embeddable":true,"href":"https:\/\/nestorbarbitta.de\/es\/wp-json\/wp\/v2\/users\/1"}],"replies":[{"embeddable":true,"href":"https:\/\/nestorbarbitta.de\/es\/wp-json\/wp\/v2\/comments?post=56"}],"version-history":[{"count":5,"href":"https:\/\/nestorbarbitta.de\/es\/wp-json\/wp\/v2\/pages\/56\/revisions"}],"predecessor-version":[{"id":30177,"href":"https:\/\/nestorbarbitta.de\/es\/wp-json\/wp\/v2\/pages\/56\/revisions\/30177"}],"wp:attachment":[{"href":"https:\/\/nestorbarbitta.de\/es\/wp-json\/wp\/v2\/media?parent=56"}],"curies":[{"name":"wp","href":"https:\/\/api.w.org\/{rel}","templated":true}]}}