{"id":3592,"date":"2020-06-20T17:16:50","date_gmt":"2020-06-20T15:16:50","guid":{"rendered":"https:\/\/nestorbarbitta.de\/shop\/contact\/"},"modified":"2023-03-31T13:45:08","modified_gmt":"2023-03-31T11:45:08","slug":"kontakt","status":"publish","type":"page","link":"https:\/\/nestorbarbitta.de\/shop\/de\/kontakt\/","title":{"rendered":"Kontakt"},"content":{"rendered":"<p>[et_pb_section fb_built=&#8220;1&#8243; admin_label=&#8220;Contact&#8220; module_id=&#8220;contactpopup&#8220; _builder_version=&#8220;4.20.2&#8243; _module_preset=&#8220;default&#8220; module_alignment=&#8220;center&#8220; custom_padding=&#8220;0px||0px||false|false&#8220; da_popup_slug=&#8220;contactpopup&#8220; da_disable_devices=&#8220;off|off|off&#8220; locked=&#8220;off&#8220; collapsed=&#8220;off&#8220; global_colors_info=&#8220;{}&#8220; da_is_popup=&#8220;off&#8220; da_exit_intent=&#8220;off&#8220; da_has_close=&#8220;on&#8220; da_alt_close=&#8220;off&#8220; da_dark_close=&#8220;off&#8220; da_not_modal=&#8220;on&#8220; da_is_singular=&#8220;off&#8220; da_with_loader=&#8220;off&#8220; da_has_shadow=&#8220;on&#8220;][et_pb_row column_structure=&#8220;1_2,1_2&#8243; use_custom_gutter=&#8220;on&#8220; gutter_width=&#8220;1&#8243; make_equal=&#8220;on&#8220; _builder_version=&#8220;4.20.2&#8243; _module_preset=&#8220;default&#8220; background_color=&#8220;#13828A&#8220; width=&#8220;100%&#8220; max_width=&#8220;100%&#8220; custom_padding=&#8220;0px||0px||false|false&#8220; global_colors_info=&#8220;{}&#8220;][et_pb_column type=&#8220;1_2&#8243; _builder_version=&#8220;4.20.2&#8243; _module_preset=&#8220;default&#8220; background_color=&#8220;RGBA(255,255,255,0)&#8220; custom_padding=&#8220;120px|60px|120px|15%|true|false&#8220; custom_padding_tablet=&#8220;70px|70px|70px|70px|true|true&#8220; custom_padding_phone=&#8220;30px|30px|30px|30px|true|true&#8220; custom_padding_last_edited=&#8220;on|phone&#8220; global_colors_info=&#8220;{}&#8220;][et_pb_text _builder_version=&#8220;4.20.2&#8243; _module_preset=&#8220;c16985e1-e0d6-4022-964d-e2bfc04fa633&#8243; header_font=&#8220;|600|||||||&#8220; header_text_color=&#8220;#FFFFFF&#8220; header_font_size=&#8220;75px&#8220; header_line_height=&#8220;1.2em&#8220; header_3_font=&#8220;|600|||||||&#8220; header_3_text_color=&#8220;#FFFFFF&#8220; header_3_font_size=&#8220;28px&#8220; text_orientation=&#8220;justified&#8220; background_layout=&#8220;dark&#8220; custom_margin=&#8220;||30px||false|false&#8220; header_font_size_tablet=&#8220;40px&#8220; header_font_size_phone=&#8220;24px&#8220; header_font_size_last_edited=&#8220;on|desktop&#8220; global_colors_info=&#8220;{}&#8220;]<\/p>\n<h3>Haben Sie noch Fragen?<\/h3>\n<p>F\u00fcllen Sie das Formular mit Ihrer Frage aus und ich werde mich so schnell wie m\u00f6glich bei Ihnen melden.<\/p>\n<p>[\/et_pb_text][et_pb_contact_form use_spam_service=&#8220;on&#8220; recaptcha_list=&#8220;nestorbarbittade|nestorbarbittade-0&#8243; email=&#8220;shop@nestorbarbitta.de&#8220; success_message=&#8220;Vielen Dank f\u00fcr Ihre Nachricht, wir werden uns so schnell wie m\u00f6glich bei Ihnen melden.&#8220; module_id=&#8220;et_pb_contact_form_0&#8243; module_class=&#8220;popupform&#8220; _builder_version=&#8220;4.20.2&#8243; _module_preset=&#8220;5e3e188f-e30c-4fb5-a14e-87f877a4619f&#8220; _unique_id=&#8220;37352547-b97b-4413-85e2-b00056b20234&#8243; form_field_background_color=&#8220;RGBA(255,255,255,0)&#8220; form_field_text_color=&#8220;#FFFFFF&#8220; form_field_focus_text_color=&#8220;#FFFFFF&#8220; form_field_custom_padding=&#8220;16px|18px|16px|18px|true|true&#8220; form_field_font=&#8220;|700||on|||||&#8220; custom_button=&#8220;on&#8220; button_text_size=&#8220;14px&#8220; button_text_color=&#8220;#0A0A0A&#8220; button_bg_color=&#8220;#FFFFFF&#8220; button_border_color=&#8220;#FFFFFF&#8220; button_border_radius=&#8220;0px&#8220; button_font=&#8220;Inter|700||on|||||&#8220; button_custom_padding=&#8220;16px|24px|16px|24px|true|true&#8220; hover_enabled=&#8220;0&#8243; border_width_all=&#8220;2px&#8220; border_color_all=&#8220;#FFFFFF&#8220; locked=&#8220;off&#8220; global_colors_info=&#8220;{}&#8220; custom_message=&#8220;Nombre: %%Name%%||et_pb_line_break_holder||Email: %%Email%%||et_pb_line_break_holder||Asunto: %%Subjetc%%||et_pb_line_break_holder||Mensaje: %%Message%%&#8220; sticky_enabled=&#8220;0&#8243;][et_pb_contact_field field_id=&#8220;Name&#8220; field_title=&#8220;Name&#8220; fullwidth_field=&#8220;on&#8220; _builder_version=&#8220;4.20.2&#8243; _module_preset=&#8220;default&#8220; form_field_font=&#8220;|700||on|||||&#8220; global_colors_info=&#8220;{}&#8220; button_text_size__hover_enabled=&#8220;off&#8220; button_one_text_size__hover_enabled=&#8220;off&#8220; button_two_text_size__hover_enabled=&#8220;off&#8220; button_text_color__hover_enabled=&#8220;off&#8220; button_one_text_color__hover_enabled=&#8220;off&#8220; button_two_text_color__hover_enabled=&#8220;off&#8220; button_border_width__hover_enabled=&#8220;off&#8220; button_one_border_width__hover_enabled=&#8220;off&#8220; button_two_border_width__hover_enabled=&#8220;off&#8220; button_border_color__hover_enabled=&#8220;off&#8220; button_one_border_color__hover_enabled=&#8220;off&#8220; button_two_border_color__hover_enabled=&#8220;off&#8220; button_border_radius__hover_enabled=&#8220;off&#8220; button_one_border_radius__hover_enabled=&#8220;off&#8220; button_two_border_radius__hover_enabled=&#8220;off&#8220; button_letter_spacing__hover_enabled=&#8220;off&#8220; button_one_letter_spacing__hover_enabled=&#8220;off&#8220; button_two_letter_spacing__hover_enabled=&#8220;off&#8220; button_bg_color__hover_enabled=&#8220;off&#8220; button_one_bg_color__hover_enabled=&#8220;off&#8220; button_two_bg_color__hover_enabled=&#8220;off&#8220;][\/et_pb_contact_field][et_pb_contact_field field_id=&#8220;Email&#8220; field_title=&#8220;E-Mail Adresse&#8220; field_type=&#8220;email&#8220; fullwidth_field=&#8220;on&#8220; _builder_version=&#8220;4.20.2&#8243; _module_preset=&#8220;default&#8220; form_field_font=&#8220;|700||on|||||&#8220; global_colors_info=&#8220;{}&#8220; button_text_size__hover_enabled=&#8220;off&#8220; button_one_text_size__hover_enabled=&#8220;off&#8220; button_two_text_size__hover_enabled=&#8220;off&#8220; button_text_color__hover_enabled=&#8220;off&#8220; button_one_text_color__hover_enabled=&#8220;off&#8220; button_two_text_color__hover_enabled=&#8220;off&#8220; button_border_width__hover_enabled=&#8220;off&#8220; button_one_border_width__hover_enabled=&#8220;off&#8220; button_two_border_width__hover_enabled=&#8220;off&#8220; button_border_color__hover_enabled=&#8220;off&#8220; button_one_border_color__hover_enabled=&#8220;off&#8220; button_two_border_color__hover_enabled=&#8220;off&#8220; button_border_radius__hover_enabled=&#8220;off&#8220; button_one_border_radius__hover_enabled=&#8220;off&#8220; button_two_border_radius__hover_enabled=&#8220;off&#8220; button_letter_spacing__hover_enabled=&#8220;off&#8220; button_one_letter_spacing__hover_enabled=&#8220;off&#8220; button_two_letter_spacing__hover_enabled=&#8220;off&#8220; button_bg_color__hover_enabled=&#8220;off&#8220; button_one_bg_color__hover_enabled=&#8220;off&#8220; button_two_bg_color__hover_enabled=&#8220;off&#8220;][\/et_pb_contact_field][et_pb_contact_field field_id=&#8220;Subject&#8220; field_title=&#8220;Betreff&#8220; field_type=&#8220;select&#8220; select_options=&#8220;%91{%22value%22:%22Online Shop verwandte Abfrage%22,%22checked%22:0,%22dragID%22:-1},{%22value%22:%22Abfrage zu einem bestimmten Foto%22,%22checked%22:0,%22dragID%22:0},{%22value%22:%22Eine andere Art von Anfrage%22,%22checked%22:0,%22dragID%22:1}%93&#8243; fullwidth_field=&#8220;on&#8220; _builder_version=&#8220;4.20.2&#8243; _module_preset=&#8220;default&#8220; form_field_background_color=&#8220;#13828A&#8220; form_field_text_color=&#8220;#FFFFFF&#8220; form_field_font=&#8220;|700||on|||||&#8220; hover_enabled=&#8220;0&#8243; global_colors_info=&#8220;{}&#8220; sticky_enabled=&#8220;0&#8243;][\/et_pb_contact_field][et_pb_contact_field field_id=&#8220;Message&#8220; field_title=&#8220;Nachricht&#8220; field_type=&#8220;text&#8220; fullwidth_field=&#8220;on&#8220; _builder_version=&#8220;4.20.2&#8243; _module_preset=&#8220;default&#8220; form_field_font=&#8220;|700||on|||||&#8220; global_colors_info=&#8220;{}&#8220; button_text_size__hover_enabled=&#8220;off&#8220; button_one_text_size__hover_enabled=&#8220;off&#8220; button_two_text_size__hover_enabled=&#8220;off&#8220; button_text_color__hover_enabled=&#8220;off&#8220; button_one_text_color__hover_enabled=&#8220;off&#8220; button_two_text_color__hover_enabled=&#8220;off&#8220; button_border_width__hover_enabled=&#8220;off&#8220; button_one_border_width__hover_enabled=&#8220;off&#8220; button_two_border_width__hover_enabled=&#8220;off&#8220; button_border_color__hover_enabled=&#8220;off&#8220; button_one_border_color__hover_enabled=&#8220;off&#8220; button_two_border_color__hover_enabled=&#8220;off&#8220; button_border_radius__hover_enabled=&#8220;off&#8220; button_one_border_radius__hover_enabled=&#8220;off&#8220; button_two_border_radius__hover_enabled=&#8220;off&#8220; button_letter_spacing__hover_enabled=&#8220;off&#8220; button_one_letter_spacing__hover_enabled=&#8220;off&#8220; button_two_letter_spacing__hover_enabled=&#8220;off&#8220; button_bg_color__hover_enabled=&#8220;off&#8220; button_one_bg_color__hover_enabled=&#8220;off&#8220; button_two_bg_color__hover_enabled=&#8220;off&#8220;][\/et_pb_contact_field][\/et_pb_contact_form][\/et_pb_column][et_pb_column type=&#8220;1_2&#8243; _builder_version=&#8220;4.17.4&#8243; _module_preset=&#8220;default&#8220; background_color=&#8220;#FFFFFF&#8220; custom_padding=&#8220;120px|15%|120px|60px|true|false&#8220; custom_padding_tablet=&#8220;70px|70px|70px|70px|true|true&#8220; custom_padding_phone=&#8220;30px|30px|30px|30px|true|true&#8220; custom_padding_last_edited=&#8220;on|phone&#8220; border_width_all=&#8220;4px&#8220; border_color_all=&#8220;#0A0A0A&#8220; global_colors_info=&#8220;{}&#8220;][et_pb_text admin_label=&#8220;Title&#8220; _builder_version=&#8220;4.20.2&#8243; text_font=&#8220;||||||||&#8220; header_font=&#8220;||||||||&#8220; header_2_font=&#8220;||||||||&#8220; header_2_font_size=&#8220;36px&#8220; header_2_line_height=&#8220;1.4em&#8220; custom_margin=&#8220;||5px|&#8220; animation_style=&#8220;fold&#8220; animation_direction=&#8220;bottom&#8220; animation_intensity_fold=&#8220;20%&#8220; animation_starting_opacity=&#8220;100%&#8220; locked=&#8220;off&#8220; global_colors_info=&#8220;{}&#8220;]<\/p>\n<h2>Kontakt Informationen<\/h2>\n<p>[\/et_pb_text][et_pb_divider color=&#8220;#000000&#8243; divider_position=&#8220;center&#8220; divider_weight=&#8220;2px&#8220; _builder_version=&#8220;4.20.2&#8243; max_width=&#8220;100%&#8220; module_alignment=&#8220;left&#8220; custom_margin=&#8220;||30px|&#8220; locked=&#8220;off&#8220; global_colors_info=&#8220;{}&#8220;][\/et_pb_divider][et_pb_text _builder_version=&#8220;4.20.2&#8243; text_font=&#8220;||||||||&#8220; text_font_size=&#8220;15px&#8220; text_line_height=&#8220;1.8em&#8220; custom_margin=&#8220;||35px|&#8220; animation_style=&#8220;fold&#8220; animation_direction=&#8220;bottom&#8220; animation_intensity_fold=&#8220;20%&#8220; animation_starting_opacity=&#8220;100%&#8220; locked=&#8220;off&#8220; global_colors_info=&#8220;{}&#8220;]<\/p>\n<p>Nestor Barbitta<br \/>Boxhagener Stra\u00dfe 119B<br \/>10245 Berlin<br \/>Deutschland<\/p>\n<p>Tel.: +49 176 36531593<\/p>\n<p>[\/et_pb_text][et_pb_text _builder_version=&#8220;4.20.2&#8243; _module_preset=&#8220;aaa7c440-590a-4078-ae0c-0f3c699ac51c&#8220; header_font=&#8220;||||||||&#8220; header_3_font=&#8220;|500|||||||&#8220; header_3_text_color=&#8220;#000000&#8243; header_3_font_size=&#8220;25px&#8220; header_3_line_height=&#8220;1.4em&#8220; custom_margin=&#8220;||0px||false|false&#8220; header_3_font_size_tablet=&#8220;&#8220; header_3_font_size_phone=&#8220;20px&#8220; header_3_font_size_last_edited=&#8220;on|phone&#8220; locked=&#8220;off&#8220; global_colors_info=&#8220;{}&#8220;]<\/p>\n<h3>Finden Sie mich auch auf<\/h3>\n<p>[\/et_pb_text][et_pb_social_media_follow icon_color=&#8220;#0A0A0A&#8220; _builder_version=&#8220;4.20.2&#8243; _module_preset=&#8220;default&#8220; global_colors_info=&#8220;{}&#8220;][et_pb_social_media_follow_network social_network=&#8220;instagram&#8220; url=&#8220;https:\/\/instagram.com\/nestorbarbitta\/&#8220; _builder_version=&#8220;4.20.2&#8243; _module_preset=&#8220;default&#8220; global_colors_info=&#8220;{}&#8220; follow_button=&#8220;off&#8220; url_new_window=&#8220;on&#8220;]instagram[\/et_pb_social_media_follow_network][et_pb_social_media_follow_network social_network=&#8220;facebook&#8220; url=&#8220;https:\/\/facebook.com\/nbarbitta&#8220; _builder_version=&#8220;4.20.2&#8243; _module_preset=&#8220;default&#8220; global_colors_info=&#8220;{}&#8220; follow_button=&#8220;off&#8220; url_new_window=&#8220;on&#8220;]facebook[\/et_pb_social_media_follow_network][et_pb_social_media_follow_network social_network=&#8220;linkedin&#8220; url=&#8220;https:\/\/www.linkedin.com\/in\/nestorbarbitta\/&#8220; _builder_version=&#8220;4.20.2&#8243; _module_preset=&#8220;default&#8220; background_enable_color=&#8220;off&#8220; global_colors_info=&#8220;{}&#8220; follow_button=&#8220;off&#8220; url_new_window=&#8220;on&#8220;]linkedin[\/et_pb_social_media_follow_network][\/et_pb_social_media_follow][\/et_pb_column][\/et_pb_row][\/et_pb_section]<\/p>\n","protected":false},"excerpt":{"rendered":"<p>Haben Sie noch Fragen? F\u00fcllen Sie das Formular mit Ihrer Frage aus und ich werde mich so schnell wie m\u00f6glich bei Ihnen melden.Kontakt InformationenNestor BarbittaBoxhagener Stra\u00dfe 119B10245 BerlinDeutschland Tel.: +49 176 36531593Finden Sie mich auch auf<\/p>\n","protected":false},"author":1,"featured_media":0,"parent":0,"menu_order":0,"comment_status":"closed","ping_status":"closed","template":"","meta":{"_et_pb_use_builder":"on","_et_pb_old_content":"","_et_gb_content_width":"","footnotes":""},"class_list":["post-3592","page","type-page","status-publish","hentry"],"_links":{"self":[{"href":"https:\/\/nestorbarbitta.de\/shop\/de\/wp-json\/wp\/v2\/pages\/3592","targetHints":{"allow":["GET"]}}],"collection":[{"href":"https:\/\/nestorbarbitta.de\/shop\/de\/wp-json\/wp\/v2\/pages"}],"about":[{"href":"https:\/\/nestorbarbitta.de\/shop\/de\/wp-json\/wp\/v2\/types\/page"}],"author":[{"embeddable":true,"href":"https:\/\/nestorbarbitta.de\/shop\/de\/wp-json\/wp\/v2\/users\/1"}],"replies":[{"embeddable":true,"href":"https:\/\/nestorbarbitta.de\/shop\/de\/wp-json\/wp\/v2\/comments?post=3592"}],"version-history":[{"count":20,"href":"https:\/\/nestorbarbitta.de\/shop\/de\/wp-json\/wp\/v2\/pages\/3592\/revisions"}],"predecessor-version":[{"id":3614,"href":"https:\/\/nestorbarbitta.de\/shop\/de\/wp-json\/wp\/v2\/pages\/3592\/revisions\/3614"}],"wp:attachment":[{"href":"https:\/\/nestorbarbitta.de\/shop\/de\/wp-json\/wp\/v2\/media?parent=3592"}],"curies":[{"name":"wp","href":"https:\/\/api.w.org\/{rel}","templated":true}]}}