{"id":2340,"date":"2020-11-18T17:33:35","date_gmt":"2021-07-13T11:21:52","guid":{"rendered":"https:\/\/nestorbarbitta.de\/shop\/catalog\/milonga\/"},"modified":"2023-05-04T16:09:47","modified_gmt":"2023-05-04T14:09:47","slug":"tango-dance-photography-milonga","status":"publish","type":"product","link":"https:\/\/nestorbarbitta.de\/shop\/de\/catalog\/tango-dance-photography-milonga\/","title":{"rendered":"Milonga"},"content":{"rendered":"<p><em>Tango-Tanzfotografie mit Drohne bei einer \u201eMilonga\u201c in Buenos Aires, Argentinien. Diese Luftaufnahmen und andere Stadtlandschaften werden auf gro\u00dfformatigem Hahnem\u00fchle Qualit\u00e4tspapier gedruckt. Alle meine Kunstwerke werden mit einem Echtheitszertifikat geliefert.<\/em><\/p>\n<p>Es ist unm\u00f6glich, an Buenos Aires zu denken, ohne an Tango zu denken. Weit davon entfernt, ein Tanz zu sein, der sich in seiner eigenen Generation ersch\u00f6pft, wird er auch unter vielen jungen Menschen lebendig gehalten, die sich entschlie\u00dfen, ihn tanzen zu lernen.<br \/>\nEs gibt viele Orte in Buenos Aires, an denen sich professionelle T\u00e4nzer, Lehrlinge und Neugierige treffen, um <a href=\"https:\/\/turismo.buenosaires.gob.ar\/en\/agrupador-noticias\/tango\" target=\"_blank\" rel=\"noopener\">Tango<\/a> zu tanzen. Diese Orte sind als &#8222;Milonga&#8220; bekannt.<\/p>\n<p>Es gibt traditionelle Milongas, in bestimmten Vierteln, wo sich nur diejenigen treffen, die sehr gut tanzen und die Tanzfl\u00e4che nicht mit irgendwelchen Anf\u00e4ngern teilen wollen.<\/p>\n<p>Aber es gibt auch weniger versteckte R\u00e4ume, die offener sind f\u00fcr all jene, die ihre ersten Schritte in diesem sinnlichen und intimen Tanz machen.<br \/>\nDiejenigen, die nicht tanzen, warten am Rande der Tanzfl\u00e4che. Sie studieren die Bewegungen und warten \u00e4ngstlich darauf, von einem anderen zum n\u00e4chsten St\u00fcck aufgefordert zu werden.<\/p>\n<p>In der Regel ist es beim Tango die Frau, die sich von den Bewegungen des Mannes f\u00fchren lassen muss. Es gibt keine vorherige Choreographie. Alles ist Subtilit\u00e4t und spontane Kreation. Eine Umarmung von gro\u00dfer Intimit\u00e4t zwischen zwei Fremden.<\/p>\n<p>Sie sind eingeladen, meine Sektion <a href=\"https:\/\/nestorbarbitta.de\/shop\/en\/photography\/coordinates-of-everyday-life\/\">&#8222;Koordinaten des t\u00e4glichen Lebens&#8220;<\/a>zu besuchen, um andere \u00e4hnliche Kunstwerke zu sehen.<\/p>\n","protected":false},"excerpt":{"rendered":"<p>Tango-Tanzfotografie mit Drohne bei einer \u201eMilonga\u201c in Buenos Aires, Argentinien. Diese Luftaufnahmen und andere Stadtlandschaften werden auf gro\u00dfformatigem Hahnem\u00fchle Qualit\u00e4tspapier gedruckt. Alle meine Kunstwerke werden mit einem Echtheitszertifikat geliefert. Es ist unm\u00f6glich, an Buenos Aires zu denken, ohne an Tango zu denken. Weit davon entfernt, ein Tanz zu sein, der sich in seiner eigenen Generation [&hellip;]<\/p>\n","protected":false},"featured_media":2301,"comment_status":"closed","ping_status":"closed","template":"","meta":{"_et_pb_use_builder":"","_et_pb_old_content":"","_et_gb_content_width":""},"product_brand":[],"product_cat":[155],"product_tag":[],"class_list":{"0":"post-2340","1":"product","2":"type-product","3":"status-publish","4":"has-post-thumbnail","6":"product_cat-koordinaten-des-taglichen-lebens","8":"first","9":"instock","10":"sold-individually","11":"shipping-taxable","12":"purchasable","13":"product-type-variable"},"_links":{"self":[{"href":"https:\/\/nestorbarbitta.de\/shop\/de\/wp-json\/wp\/v2\/product\/2340","targetHints":{"allow":["GET"]}}],"collection":[{"href":"https:\/\/nestorbarbitta.de\/shop\/de\/wp-json\/wp\/v2\/product"}],"about":[{"href":"https:\/\/nestorbarbitta.de\/shop\/de\/wp-json\/wp\/v2\/types\/product"}],"replies":[{"embeddable":true,"href":"https:\/\/nestorbarbitta.de\/shop\/de\/wp-json\/wp\/v2\/comments?post=2340"}],"wp:featuredmedia":[{"embeddable":true,"href":"https:\/\/nestorbarbitta.de\/shop\/de\/wp-json\/wp\/v2\/media\/2301"}],"wp:attachment":[{"href":"https:\/\/nestorbarbitta.de\/shop\/de\/wp-json\/wp\/v2\/media?parent=2340"}],"wp:term":[{"taxonomy":"product_brand","embeddable":true,"href":"https:\/\/nestorbarbitta.de\/shop\/de\/wp-json\/wp\/v2\/product_brand?post=2340"},{"taxonomy":"product_cat","embeddable":true,"href":"https:\/\/nestorbarbitta.de\/shop\/de\/wp-json\/wp\/v2\/product_cat?post=2340"},{"taxonomy":"product_tag","embeddable":true,"href":"https:\/\/nestorbarbitta.de\/shop\/de\/wp-json\/wp\/v2\/product_tag?post=2340"}],"curies":[{"name":"wp","href":"https:\/\/api.w.org\/{rel}","templated":true}]}}