{"id":2461,"date":"2021-07-08T12:43:59","date_gmt":"2021-07-13T12:02:52","guid":{"rendered":"https:\/\/nestorbarbitta.de\/shop\/catalog\/partido-international-praemierte-fotografie\/"},"modified":"2023-05-04T16:09:46","modified_gmt":"2023-05-04T14:09:46","slug":"aerial-city-landscape-photography-partido","status":"publish","type":"product","link":"https:\/\/nestorbarbitta.de\/shop\/de\/catalog\/aerial-city-landscape-photography-partido\/","title":{"rendered":"Partido \u2013 International pr\u00e4mierte Fotografie"},"content":{"rendered":"<p><em>Stadtlandschaftsfotografie aus der Luft, aufgenommen mit einer Drohne und gedruckt auf hochwertigem Hahnem\u00fchle Papier Diese Luftaufnahme eines Flusses und andere Stadtlandschaftsbilder sind Kunstwerke in limitierter Auflage und werden alle mit einem Echtheitszertifikat geliefert.<\/em><\/p>\n<p>Am Ufer des Flusses \u201cRiachuelo\u201d, auf einer seltsamen Halbinsel, die vom Distrikt Avellaneda gebildet wird, wo die Vororte nur f\u00fcr wenige Quadratmeter in die Hauptstadt eindringen, liegt der Club Victoriano Arenas. Es ist die Heimat einer der ersten Frauenfu\u00dfballmannschaften, die f\u00fcr die Gr\u00fcndung des professionellen Frauenfu\u00dfballs k\u00e4mpften.<\/p>\n<p>Gleich auf der anderen Seite des Riachuelo, der die Halbinsel umgibt, befindet sich Villa 21-24, eines der am meisten gef\u00e4hrdeten Viertel der Autonomen Stadt Buenos Aires. Auf der einen Seite die Suche nach Gleichberechtigung, auf der anderen Seite die krude Demonstration einer Gesellschaft, die diejenigen am Rande eines verschmutzten Flusses zur\u00fcckl\u00e4sst, die vom System ausgesto\u00dfen werden.<\/p>\n<p>Ich suchte fast ein Jahr lang nach diesem Bild, bis es mir gelang, einen Besuch im Club zu arrangieren. In meiner Serie &#8222;Koordinaten des t\u00e4glichen Lebens&#8220;, zu der auch dieses Bild geh\u00f6rt, m\u00f6chte ich als K\u00fcnstlerin die Luftbildfotografie als Mittel nutzen, um uns selbst zu befragen: Wie besetzen wir R\u00e4ume? Nehmen wir sie in Besitz oder nehmen sie Besitz von unseren Verhaltensweisen?<\/p>\n<p>Diese Fotografie erhielt den 3. <a href=\"https:\/\/www.fundacionitau.org.ar\/el-premio-itau-de-artes-visuales-llega-a-google-arts-culture\/\" target=\"_blank\" rel=\"noopener\">Ita\u00fa Visual Arts Acquisition Award 2019-2020.<\/a><\/p>\n<p>Sie sind eingeladen, meine Sektion <a href=\"https:\/\/nestorbarbitta.de\/shop\/en\/photography\/coordinates-of-everyday-life\/\">&#8222;Koordinaten des t\u00e4glichen Lebens&#8220;<\/a>zu besuchen, um andere \u00e4hnliche Kunstwerke zu sehen.<\/p>\n","protected":false},"excerpt":{"rendered":"<p>Stadtlandschaftsfotografie aus der Luft, aufgenommen mit einer Drohne und gedruckt auf hochwertigem Hahnem\u00fchle Papier Diese Luftaufnahme eines Flusses und andere Stadtlandschaftsbilder sind Kunstwerke in limitierter Auflage und werden alle mit einem Echtheitszertifikat geliefert. Am Ufer des Flusses \u201cRiachuelo\u201d, auf einer seltsamen Halbinsel, die vom Distrikt Avellaneda gebildet wird, wo die Vororte nur f\u00fcr wenige Quadratmeter [&hellip;]<\/p>\n","protected":false},"featured_media":2293,"comment_status":"open","ping_status":"closed","template":"","meta":{"_et_pb_use_builder":"","_et_pb_old_content":"","_et_gb_content_width":""},"product_brand":[],"product_cat":[155],"product_tag":[],"class_list":{"0":"post-2461","1":"product","2":"type-product","3":"status-publish","4":"has-post-thumbnail","6":"product_cat-koordinaten-des-taglichen-lebens","8":"first","9":"instock","10":"sold-individually","11":"shipping-taxable","12":"purchasable","13":"product-type-variable"},"_links":{"self":[{"href":"https:\/\/nestorbarbitta.de\/shop\/de\/wp-json\/wp\/v2\/product\/2461","targetHints":{"allow":["GET"]}}],"collection":[{"href":"https:\/\/nestorbarbitta.de\/shop\/de\/wp-json\/wp\/v2\/product"}],"about":[{"href":"https:\/\/nestorbarbitta.de\/shop\/de\/wp-json\/wp\/v2\/types\/product"}],"replies":[{"embeddable":true,"href":"https:\/\/nestorbarbitta.de\/shop\/de\/wp-json\/wp\/v2\/comments?post=2461"}],"wp:featuredmedia":[{"embeddable":true,"href":"https:\/\/nestorbarbitta.de\/shop\/de\/wp-json\/wp\/v2\/media\/2293"}],"wp:attachment":[{"href":"https:\/\/nestorbarbitta.de\/shop\/de\/wp-json\/wp\/v2\/media?parent=2461"}],"wp:term":[{"taxonomy":"product_brand","embeddable":true,"href":"https:\/\/nestorbarbitta.de\/shop\/de\/wp-json\/wp\/v2\/product_brand?post=2461"},{"taxonomy":"product_cat","embeddable":true,"href":"https:\/\/nestorbarbitta.de\/shop\/de\/wp-json\/wp\/v2\/product_cat?post=2461"},{"taxonomy":"product_tag","embeddable":true,"href":"https:\/\/nestorbarbitta.de\/shop\/de\/wp-json\/wp\/v2\/product_tag?post=2461"}],"curies":[{"name":"wp","href":"https:\/\/api.w.org\/{rel}","templated":true}]}}