{"id":2465,"date":"2020-06-19T17:07:29","date_gmt":"2021-07-13T12:11:26","guid":{"rendered":"https:\/\/nestorbarbitta.de\/shop\/catalog\/bristol-strand-sonderedition\/"},"modified":"2025-03-14T09:44:21","modified_gmt":"2025-03-14T08:44:21","slug":"colorful-aerial-photography-bristol-beach","status":"publish","type":"product","link":"https:\/\/nestorbarbitta.de\/shop\/de\/catalog\/colorful-aerial-photography-bristol-beach\/","title":{"rendered":"Bristol Strand"},"content":{"rendered":"<p>&#8222;La Bristol&#8220; ist einer der beliebtesten Str\u00e4nde an der argentinischen Atlantikk\u00fcste, und einer der traditionsreichsten in der Stadt Mar del Plata. Es gibt keinen Argentinier, der jemals einen Sommer in Mar del Plata verbracht hat, und der nicht mindestens einen Tag die Erfahrung gemacht hat, in <a href=\"https:\/\/en.wikipedia.org\/wiki\/Playa_Bristol\" target=\"_blank\" rel=\"noopener\">Bristol-Strand<\/a> zu sein.<\/p>\n<p>Sommer f\u00fcr Sommer versammeln sich Tausende von Menschen in diesem nicht sehr breiten Raum aus braunem Sand und grauem, rauem Meer. Oft ist der Abstand zwischen den Schirmen so gering, dass die Habseligkeiten der einzelnen Familien mit denen der Nachbarfamilien vermischt und verwechselt werden.<br \/>\nDie Tradition des Sommers in Mar del Plata bedeutet \u00dcberf\u00fcllung, stundenlanges Ausgesetztsein in der Sonne, Mate trinken, das typische Geb\u00e4ck der Stra\u00dfenverk\u00e4ufer essen und unter dem Schutz des Sonnenschirms Spiele spielen, fast immer mit Karten. Ein geordnetes Chaos. Eine Flut von Menschen auf der Durchreise.<\/p>\n<p>W\u00e4hlen wir wirklich aus, wo wir unseren Urlaub verbringen? Oder m\u00fcssen wir uns als Teil des Schwarms f\u00fchlen, auch wenn wir eine Pause von unserer Routine einlegen?<\/p>\n<p>Dieses Foto war auf der Shortlist f\u00fcr mehrere internationale Preise. Es befindet sich in einer speziellen gro\u00dfen Serie von 10 Drucken.<\/p>\n","protected":false},"excerpt":{"rendered":"<a href=\"#requestquote\" class=\"big-button bigbluebotonconsulta\">Angebot anfragen<\/a>\n","protected":false},"featured_media":2305,"comment_status":"closed","ping_status":"closed","template":"","meta":{"_et_pb_use_builder":"","_et_pb_old_content":"","_et_gb_content_width":""},"product_brand":[],"product_cat":[180],"product_tag":[],"class_list":{"0":"post-2465","1":"product","2":"type-product","3":"status-publish","4":"has-post-thumbnail","6":"product_cat-landschaften-aus-der-luft","8":"first","9":"instock","10":"sale","11":"featured","12":"sold-individually","13":"shipping-taxable","14":"purchasable","15":"product-type-variable","16":"has-default-attributes"},"_links":{"self":[{"href":"https:\/\/nestorbarbitta.de\/shop\/de\/wp-json\/wp\/v2\/product\/2465","targetHints":{"allow":["GET"]}}],"collection":[{"href":"https:\/\/nestorbarbitta.de\/shop\/de\/wp-json\/wp\/v2\/product"}],"about":[{"href":"https:\/\/nestorbarbitta.de\/shop\/de\/wp-json\/wp\/v2\/types\/product"}],"replies":[{"embeddable":true,"href":"https:\/\/nestorbarbitta.de\/shop\/de\/wp-json\/wp\/v2\/comments?post=2465"}],"wp:featuredmedia":[{"embeddable":true,"href":"https:\/\/nestorbarbitta.de\/shop\/de\/wp-json\/wp\/v2\/media\/2305"}],"wp:attachment":[{"href":"https:\/\/nestorbarbitta.de\/shop\/de\/wp-json\/wp\/v2\/media?parent=2465"}],"wp:term":[{"taxonomy":"product_brand","embeddable":true,"href":"https:\/\/nestorbarbitta.de\/shop\/de\/wp-json\/wp\/v2\/product_brand?post=2465"},{"taxonomy":"product_cat","embeddable":true,"href":"https:\/\/nestorbarbitta.de\/shop\/de\/wp-json\/wp\/v2\/product_cat?post=2465"},{"taxonomy":"product_tag","embeddable":true,"href":"https:\/\/nestorbarbitta.de\/shop\/de\/wp-json\/wp\/v2\/product_tag?post=2465"}],"curies":[{"name":"wp","href":"https:\/\/api.w.org\/{rel}","templated":true}]}}