{"id":2467,"date":"2020-11-18T17:33:43","date_gmt":"2021-07-13T12:17:16","guid":{"rendered":"https:\/\/nestorbarbitta.de\/shop\/catalog\/fussgaengerbruecke-ueber-den-arrayanes-fluss\/"},"modified":"2025-03-14T09:44:22","modified_gmt":"2025-03-14T08:44:22","slug":"aerial-river-landscape-pedestrian-bridge","status":"publish","type":"product","link":"https:\/\/nestorbarbitta.de\/shop\/de\/catalog\/aerial-river-landscape-pedestrian-bridge\/","title":{"rendered":"Fu\u00dfg\u00e4ngerbr\u00fccke \u00fcber den Arrayanes-Fluss"},"content":{"rendered":"<p><em>Luftaufnahmen von Flusslandschaften, aufgenommen mit einer Drohne im argentinischen Patagonien, gedruckt auf hochwertigem Hahnem\u00fchle Papier. Diese Fotografie und andere abstrakte Luftaufnahmen sind Kunstwerke in limitierter Auflage und werden mit einem Echtheitszertifikat geliefert.<\/em><\/p>\n<p>Diese H\u00e4ngebr\u00fccke (auch als Pasarela bekannt) \u00fcberquert den Arrayanes-Fluss in der Region des Nationalparks Los Alerces in <a href=\"https:\/\/chubutpatagonia.gob.ar\/en\/\" target=\"_blank\" rel=\"noopener\">Chubut, Patagonien<\/a>, Argentinien.<br \/>\nDieser Nationalpark hat eine Fl\u00e4che von fast 260.000 ha und wurde 2017 von der UNESCO zum Weltkulturerbe erkl\u00e4rt.<br \/>\nVon dieser H\u00e4ngebr\u00fccke aus k\u00f6nnen Sie die majest\u00e4tische Sch\u00f6nheit dieses kristallklaren Flusses bewundern, der von Bergen umgeben und von einer einzigartigen Artenvielfalt bewohnt ist.<\/p>\n<p>Jedes Mal, wenn ich in Patagonien war und an diesen Ort kam, tr\u00e4umte ich von der M\u00f6glichkeit, diese Br\u00fccke von oben zu sehen, die wiederum jedem, der sie \u00fcberquerte, faszinierende Ausblicke aus einer beachtlichen H\u00f6he bieten sollte.<br \/>\nDank dieser Luftaufnahme hat die H\u00e4ngebr\u00fccke \u00fcber den Arrayanes-Fluss aufgeh\u00f6rt, eine H\u00f6henbegrenzung zu sein, und wurde Teil der Landschaft selbst. Fluss und Br\u00fccke, nun vom Himmel aus gesehen, verschmelzen zu einer einzigen Ebene: Natur und menschlicher Fu\u00dfabdruck.<\/p>\n<p>Sie sind eingeladen, meine Rubrik <a href=\"https:\/\/nestorbarbitta.de\/shop\/en\/photography\/aerial-landscapes\/\">&#8222;Luftlandschaften aus der Luft&#8220;<\/a>zu besuchen, um andere \u00e4hnliche Werke zu sehen.<\/p>\n<p><strong data-redactor-tag=\"strong\">Material:<\/strong> Hahnem\u00fchle Photo Silk Baryta 310 gm<\/p>\n","protected":false},"excerpt":{"rendered":"<p>Luftaufnahmen von Flusslandschaften, aufgenommen mit einer Drohne im argentinischen Patagonien, gedruckt auf hochwertigem Hahnem\u00fchle Papier. Diese Fotografie und andere abstrakte Luftaufnahmen sind Kunstwerke in limitierter Auflage und werden mit einem Echtheitszertifikat geliefert. Diese H\u00e4ngebr\u00fccke (auch als Pasarela bekannt) \u00fcberquert den Arrayanes-Fluss in der Region des Nationalparks Los Alerces in Chubut, Patagonien, Argentinien. Dieser Nationalpark hat [&hellip;]<\/p>\n","protected":false},"featured_media":2294,"comment_status":"open","ping_status":"closed","template":"","meta":{"_et_pb_use_builder":"","_et_pb_old_content":"","_et_gb_content_width":""},"product_brand":[],"product_cat":[180],"product_tag":[],"class_list":{"0":"post-2467","1":"product","2":"type-product","3":"status-publish","4":"has-post-thumbnail","6":"product_cat-landschaften-aus-der-luft","8":"first","9":"instock","10":"sale","11":"featured","12":"sold-individually","13":"shipping-taxable","14":"purchasable","15":"product-type-variable","16":"has-default-attributes"},"_links":{"self":[{"href":"https:\/\/nestorbarbitta.de\/shop\/de\/wp-json\/wp\/v2\/product\/2467","targetHints":{"allow":["GET"]}}],"collection":[{"href":"https:\/\/nestorbarbitta.de\/shop\/de\/wp-json\/wp\/v2\/product"}],"about":[{"href":"https:\/\/nestorbarbitta.de\/shop\/de\/wp-json\/wp\/v2\/types\/product"}],"replies":[{"embeddable":true,"href":"https:\/\/nestorbarbitta.de\/shop\/de\/wp-json\/wp\/v2\/comments?post=2467"}],"wp:featuredmedia":[{"embeddable":true,"href":"https:\/\/nestorbarbitta.de\/shop\/de\/wp-json\/wp\/v2\/media\/2294"}],"wp:attachment":[{"href":"https:\/\/nestorbarbitta.de\/shop\/de\/wp-json\/wp\/v2\/media?parent=2467"}],"wp:term":[{"taxonomy":"product_brand","embeddable":true,"href":"https:\/\/nestorbarbitta.de\/shop\/de\/wp-json\/wp\/v2\/product_brand?post=2467"},{"taxonomy":"product_cat","embeddable":true,"href":"https:\/\/nestorbarbitta.de\/shop\/de\/wp-json\/wp\/v2\/product_cat?post=2467"},{"taxonomy":"product_tag","embeddable":true,"href":"https:\/\/nestorbarbitta.de\/shop\/de\/wp-json\/wp\/v2\/product_tag?post=2467"}],"curies":[{"name":"wp","href":"https:\/\/api.w.org\/{rel}","templated":true}]}}