{"id":2468,"date":"2020-11-18T17:33:40","date_gmt":"2021-07-13T12:20:14","guid":{"rendered":"https:\/\/nestorbarbitta.de\/shop\/catalog\/stein-und-meer-palma-de-mallorca\/"},"modified":"2023-05-04T16:09:47","modified_gmt":"2023-05-04T14:09:47","slug":"mallorca-aerial-photography-stone-and-sea","status":"publish","type":"product","link":"https:\/\/nestorbarbitta.de\/shop\/de\/catalog\/mallorca-aerial-photography-stone-and-sea\/","title":{"rendered":"Stein und Meer, Palma de Mallorca"},"content":{"rendered":"<p><em>Mallorca-Luftbildaufnahmen, gedruckt auf gro\u00dfformatigem Hahnem\u00fchle Qualit\u00e4tspapier. Alle meine Kunstwerke werden mit einem Echtheitszertifikat geliefert.<\/em><\/p>\n<p>Felsen, Meer und wieder Felsen, aber untergetaucht. So transparent kann das Mittelmeer in <a href=\"https:\/\/www.bestofmallorca.de\/esporles\/port-des-canonge\" target=\"_blank\" rel=\"noopener\">Port des Canonge<\/a> sein, einem der wenigen wilden Westk\u00fcstenstr\u00e4nde auf der Insel Mallorca.<\/p>\n<p>Das Drohnenfliegen kann hier wegen des Windes etwas knifflig sein, aber es ist die M\u00fche wert. Ich bin fasziniert von den unendlichen Formen, die die Natur bietet, wenn man sie von oben betrachtet, und ich stelle mir diese Klippe gerne als einen riesigen Saurier vor, der seine Krallen im Wasser versenkt.<\/p>\n<p>Sie sind eingeladen, meine Rubrik <a href=\"https:\/\/nestorbarbitta.de\/shop\/en\/photography\/aerial-landscapes\/\">&#8222;Luftlandschaften aus der Luft&#8220;<\/a>zu besuchen, um andere \u00e4hnliche Werke zu sehen.<\/p>\n<p><strong>Material:<\/strong> Hahnem\u00fchle FineArt Baryta Satin 300 gm<\/p>\n","protected":false},"excerpt":{"rendered":"<p>Mallorca-Luftbildaufnahmen, gedruckt auf gro\u00dfformatigem Hahnem\u00fchle Qualit\u00e4tspapier. Alle meine Kunstwerke werden mit einem Echtheitszertifikat geliefert. Felsen, Meer und wieder Felsen, aber untergetaucht. So transparent kann das Mittelmeer in Port des Canonge sein, einem der wenigen wilden Westk\u00fcstenstr\u00e4nde auf der Insel Mallorca. Das Drohnenfliegen kann hier wegen des Windes etwas knifflig sein, aber es ist die M\u00fche [&hellip;]<\/p>\n","protected":false},"featured_media":2309,"comment_status":"closed","ping_status":"closed","template":"","meta":{"_et_pb_use_builder":"","_et_pb_old_content":"","_et_gb_content_width":""},"product_brand":[],"product_cat":[180],"product_tag":[],"class_list":{"0":"post-2468","1":"product","2":"type-product","3":"status-publish","4":"has-post-thumbnail","6":"product_cat-landschaften-aus-der-luft","8":"first","9":"instock","10":"sold-individually","11":"shipping-taxable","12":"purchasable","13":"product-type-variable","14":"has-default-attributes"},"_links":{"self":[{"href":"https:\/\/nestorbarbitta.de\/shop\/de\/wp-json\/wp\/v2\/product\/2468","targetHints":{"allow":["GET"]}}],"collection":[{"href":"https:\/\/nestorbarbitta.de\/shop\/de\/wp-json\/wp\/v2\/product"}],"about":[{"href":"https:\/\/nestorbarbitta.de\/shop\/de\/wp-json\/wp\/v2\/types\/product"}],"replies":[{"embeddable":true,"href":"https:\/\/nestorbarbitta.de\/shop\/de\/wp-json\/wp\/v2\/comments?post=2468"}],"wp:featuredmedia":[{"embeddable":true,"href":"https:\/\/nestorbarbitta.de\/shop\/de\/wp-json\/wp\/v2\/media\/2309"}],"wp:attachment":[{"href":"https:\/\/nestorbarbitta.de\/shop\/de\/wp-json\/wp\/v2\/media?parent=2468"}],"wp:term":[{"taxonomy":"product_brand","embeddable":true,"href":"https:\/\/nestorbarbitta.de\/shop\/de\/wp-json\/wp\/v2\/product_brand?post=2468"},{"taxonomy":"product_cat","embeddable":true,"href":"https:\/\/nestorbarbitta.de\/shop\/de\/wp-json\/wp\/v2\/product_cat?post=2468"},{"taxonomy":"product_tag","embeddable":true,"href":"https:\/\/nestorbarbitta.de\/shop\/de\/wp-json\/wp\/v2\/product_tag?post=2468"}],"curies":[{"name":"wp","href":"https:\/\/api.w.org\/{rel}","templated":true}]}}