{"id":2479,"date":"2020-06-19T17:08:48","date_gmt":"2021-07-13T12:31:50","guid":{"rendered":"https:\/\/nestorbarbitta.de\/shop\/catalog\/ein-gesunkenes-schiff-an-der-insel-huemul\/"},"modified":"2023-06-01T00:19:27","modified_gmt":"2023-05-31T22:19:27","slug":"stunning-drone-image-a-sunken-ship","status":"publish","type":"product","link":"https:\/\/nestorbarbitta.de\/shop\/de\/catalog\/stunning-drone-image-a-sunken-ship\/","title":{"rendered":"Ein gesunkenes Schiff an der Huemul Insel &#8211; Sonderedition"},"content":{"rendered":"<p><em>Atemberaubendes Drohnenbild eines gesunkenen Schiffes, aufgenommen in Argentinien-Patagonien und gedruckt auf hochwertigem Hahnem\u00fchle-Papier, im Gro\u00dfformat. Alle meine Kunstwerke werden mit einem Echtheitszertifikat geliefert.<\/em><\/p>\n<p>Von 1948 bis 1952 fand auf dieser unwirtlichen Insel im <a href=\"https:\/\/patagonia.gob.ar\/\" target=\"_blank\" rel=\"noopener\">argentinischen Patagonien<\/a> die Entwicklung eines gigantischen wissenschaftlichen Projekts statt, das darin bestand, eine kontrollierte Kernfusion zu erreichen. Das sogenannte &#8222;Huemul-Projekt&#8220; stand unter der Leitung des \u00f6sterreichischen Wissenschaftlers Ronald Richter, w\u00e4hrend der ersten Pr\u00e4sidentschaft von Juan Domingo Per\u00f3n.<\/p>\n<p>W\u00e4hrend der ganzen Zeit, in der die Laboratorien und Geb\u00e4ude f\u00fcr das Projekt gebaut wurden, kamen und gingen Schiffe \u00fcber den riesigen und tiefen Nahuel Huapi-See und transportierten Materialien und Ausr\u00fcstung f\u00fcr das, was letztendlich ein gescheitertes Unternehmen sein sollte, ohne jegliche wissenschaftliche Unterst\u00fctzung und von enormer wirtschaftlicher Bedeutung.<br \/>\nDie Geschichte des wahnwitzigen Huemul-Projekts war sp\u00e4ter Gegenstand einer Oper, eines Buches und mehrerer Artikel und Briefe in wissenschaftlichen Zeitschriften.<\/p>\n<p>Wer heute die Insel Huemul besuchen m\u00f6chte, muss dies auf eigene Faust tun, mit einem Boot, das an der kleinen Anlegestelle festgemacht werden kann, die derzeit von der argentinischen Marinepr\u00e4fektur bewacht wird.<br \/>\nDie Besichtigung dieses St\u00fccks patagonischen Landes gibt uns eine Vorstellung von dem Wahnsinn, den das Huemul-Projekt f\u00fcr seine Zeit darstellte, und vermittelt uns die wahre Dimension der Natur, die sich ihren Weg durch die Ruinen bahnt, die von seinem Bau \u00fcbrig geblieben sind.<br \/>\nDie drei Meter breiten Mauern, die zu den Laboratorien geh\u00f6rten, sind noch zwischen B\u00e4umen und \u00fcppigen B\u00fcschen zu erkennen, ebenso wie der Rumpf dieses alten Schiffes, das an einem der Ufer der Insel gesunken ist, umgeben von einem See, der so blau wie still ist.<\/p>\n<p><strong data-redactor-tag=\"strong\">Material:<\/strong> Hahnem\u00fchle Photo Rag Baryta 315 gm<\/p>\n<br><div class=\"edicionespecial\"><\/p>\n<h4>Wichtige Information: Dieses Werk hat eine Sonderedition.<\/h4>\n<p><strong data-redactor-tag=\"strong\">Gr\u00f6\u00dfe:<\/strong> 100 cm x 80 cm inklusive wei\u00dfem Rand<br \/>\n<strong data-redactor-tag=\"strong\">Nummerierte Serie: <\/strong> 20 + AP<\/div>\n<p>Sie sind eingeladen, meine Rubrik <a href=\"https:\/\/nestorbarbitta.de\/shop\/en\/photography\/aerial-landscapes\/\">&#8222;Luftlandschaften aus der Luft&#8220;<\/a>zu besuchen, um andere \u00e4hnliche Werke zu sehen.<\/p>\n","protected":false},"excerpt":{"rendered":"<p>Atemberaubendes Drohnenbild eines gesunkenen Schiffes, aufgenommen in Argentinien-Patagonien und gedruckt auf hochwertigem Hahnem\u00fchle-Papier, im Gro\u00dfformat. Alle meine Kunstwerke werden mit einem Echtheitszertifikat geliefert. Von 1948 bis 1952 fand auf dieser unwirtlichen Insel im argentinischen Patagonien die Entwicklung eines gigantischen wissenschaftlichen Projekts statt, das darin bestand, eine kontrollierte Kernfusion zu erreichen. Das sogenannte &#8222;Huemul-Projekt&#8220; stand unter [&hellip;]<\/p>\n","protected":false},"featured_media":2297,"comment_status":"closed","ping_status":"closed","template":"","meta":{"_et_pb_use_builder":"off","_et_pb_old_content":"Ein gesunkenes Schiff an der Huemul Insel. Nahuel-Huapi-See, Bariloche, argentinisches Patagonien.\n\n<strong data-redactor-tag=\"strong\">Material:<\/strong> Hahnem\u00fchle Photo Silk Baryta 310 gm\n<strong data-redactor-tag=\"strong\">Gr\u00f6\u00dfe:<\/strong> 40 cm x 30 cm.\n<strong data-redactor-tag=\"strong\">Nummerierte Serie:<\/strong> 20","_et_gb_content_width":""},"product_brand":[],"product_cat":[180],"product_tag":[],"class_list":{"0":"post-2479","1":"product","2":"type-product","3":"status-publish","4":"has-post-thumbnail","6":"product_cat-landschaften-aus-der-luft","8":"first","9":"instock","10":"sold-individually","11":"shipping-taxable","12":"purchasable","13":"product-type-variable"},"_links":{"self":[{"href":"https:\/\/nestorbarbitta.de\/shop\/de\/wp-json\/wp\/v2\/product\/2479","targetHints":{"allow":["GET"]}}],"collection":[{"href":"https:\/\/nestorbarbitta.de\/shop\/de\/wp-json\/wp\/v2\/product"}],"about":[{"href":"https:\/\/nestorbarbitta.de\/shop\/de\/wp-json\/wp\/v2\/types\/product"}],"replies":[{"embeddable":true,"href":"https:\/\/nestorbarbitta.de\/shop\/de\/wp-json\/wp\/v2\/comments?post=2479"}],"wp:featuredmedia":[{"embeddable":true,"href":"https:\/\/nestorbarbitta.de\/shop\/de\/wp-json\/wp\/v2\/media\/2297"}],"wp:attachment":[{"href":"https:\/\/nestorbarbitta.de\/shop\/de\/wp-json\/wp\/v2\/media?parent=2479"}],"wp:term":[{"taxonomy":"product_brand","embeddable":true,"href":"https:\/\/nestorbarbitta.de\/shop\/de\/wp-json\/wp\/v2\/product_brand?post=2479"},{"taxonomy":"product_cat","embeddable":true,"href":"https:\/\/nestorbarbitta.de\/shop\/de\/wp-json\/wp\/v2\/product_cat?post=2479"},{"taxonomy":"product_tag","embeddable":true,"href":"https:\/\/nestorbarbitta.de\/shop\/de\/wp-json\/wp\/v2\/product_tag?post=2479"}],"curies":[{"name":"wp","href":"https:\/\/api.w.org\/{rel}","templated":true}]}}