{"id":2485,"date":"2020-08-07T14:14:27","date_gmt":"2021-07-13T12:36:23","guid":{"rendered":"https:\/\/nestorbarbitta.de\/shop\/catalog\/ein-gesunkenes-schiff-an-der-insel-huemul-sonderedition\/"},"modified":"2023-06-09T18:33:41","modified_gmt":"2023-06-09T16:33:41","slug":"goldelse","status":"publish","type":"product","link":"https:\/\/nestorbarbitta.de\/shop\/de\/catalog\/goldelse\/","title":{"rendered":"Goldelse"},"content":{"rendered":"<p>Die Goldelse ist ein unbestrittenes Wahrzeichen von Berlin. Mitten im Tiergarten thront dieser goldene Engel auf der Siegess\u00e4ule und beobachtet den Verkehr der Stadt zu seinen F\u00fc\u00dfen.<\/p>\n<p>Sie wurde 1864 zum Gedenken an den Sieg Preu\u00dfens im Deutsch-D\u00e4nischen Krieg errichtet. Im Jahr 1938 wurde sie an ihren heutigen Standort am Gro\u00dfen Stern versetzt.<\/p>\n<p>Nach dem Krieg wurde die S\u00e4ule stark besch\u00e4digt, konnte aber 1980 restauriert werden.<\/p>\n<p><strong data-redactor-tag=\"strong\">Material:<\/strong> Hahnem\u00fchle Photo Rag Baryta 315 gm<br \/>\n<strong data-redactor-tag=\"strong\">Gr\u00f6\u00dfe:<\/strong> 80 cm x 60 cm.<br \/>\n<strong data-redactor-tag=\"strong\">Numbered series:<\/strong> 10<\/p>\n","protected":false},"excerpt":{"rendered":"<a href=\"#requestquote\" class=\"big-button bigbluebotonconsulta\">Angebot anfragen<\/a>\n","protected":false},"featured_media":3346,"comment_status":"closed","ping_status":"closed","template":"","meta":{"_et_pb_use_builder":"","_et_pb_old_content":"","_et_gb_content_width":""},"product_brand":[],"product_cat":[180],"product_tag":[],"class_list":{"0":"post-2485","1":"product","2":"type-product","3":"status-publish","4":"has-post-thumbnail","6":"product_cat-landschaften-aus-der-luft","8":"first","9":"instock","10":"sale","11":"sold-individually","12":"shipping-taxable","13":"purchasable","14":"product-type-variable","15":"has-default-attributes"},"_links":{"self":[{"href":"https:\/\/nestorbarbitta.de\/shop\/de\/wp-json\/wp\/v2\/product\/2485","targetHints":{"allow":["GET"]}}],"collection":[{"href":"https:\/\/nestorbarbitta.de\/shop\/de\/wp-json\/wp\/v2\/product"}],"about":[{"href":"https:\/\/nestorbarbitta.de\/shop\/de\/wp-json\/wp\/v2\/types\/product"}],"replies":[{"embeddable":true,"href":"https:\/\/nestorbarbitta.de\/shop\/de\/wp-json\/wp\/v2\/comments?post=2485"}],"wp:featuredmedia":[{"embeddable":true,"href":"https:\/\/nestorbarbitta.de\/shop\/de\/wp-json\/wp\/v2\/media\/3346"}],"wp:attachment":[{"href":"https:\/\/nestorbarbitta.de\/shop\/de\/wp-json\/wp\/v2\/media?parent=2485"}],"wp:term":[{"taxonomy":"product_brand","embeddable":true,"href":"https:\/\/nestorbarbitta.de\/shop\/de\/wp-json\/wp\/v2\/product_brand?post=2485"},{"taxonomy":"product_cat","embeddable":true,"href":"https:\/\/nestorbarbitta.de\/shop\/de\/wp-json\/wp\/v2\/product_cat?post=2485"},{"taxonomy":"product_tag","embeddable":true,"href":"https:\/\/nestorbarbitta.de\/shop\/de\/wp-json\/wp\/v2\/product_tag?post=2485"}],"curies":[{"name":"wp","href":"https:\/\/api.w.org\/{rel}","templated":true}]}}