{"id":2757,"date":"2021-07-13T18:23:29","date_gmt":"2021-07-13T16:46:52","guid":{"rendered":"https:\/\/nestorbarbitta.de\/shop\/catalog\/patti\/"},"modified":"2023-05-04T16:09:46","modified_gmt":"2023-05-04T14:09:46","slug":"artistic-portrait-patti-smith","status":"publish","type":"product","link":"https:\/\/nestorbarbitta.de\/shop\/de\/catalog\/artistic-portrait-patti-smith\/","title":{"rendered":"Patti"},"content":{"rendered":"<p><em>K\u00fcnstlerisches Portr\u00e4t der internationalen K\u00fcnstlerin und S\u00e4ngerin Patti Smith. Fotos in limitierter Auflage mit Echtheitszertifikat, gedruckt auf hochwertigem Hahnem\u00fchle- oder Canson-Papier.<\/em><\/p>\n<p>Ich hatte das Gl\u00fcck, Patti Smith zu treffen, als sie Buenos Aires besuchte und zwei Konzerte auf der B\u00fchne des CCK (Centro Cultural Kirchner) gab. Ich war ihr pers\u00f6nlicher Fotograf w\u00e4hrend beider Shows. Es war eine einzigartige Gelegenheit, sie zu portr\u00e4tieren. Sie ist eine emblematische k\u00fcnstlerische Referenz unserer Zeitgeschichte und ihre Gro\u00dfz\u00fcgigkeit ist sowohl auf als auch hinter der B\u00fchne zu sp\u00fcren.<\/p>\n<p>Patti kann mit ihren Gedichten und Texten inneren Frieden und Weisheit vermitteln, aber auch mit ihrer Gitarre und ihrer harten und echten Rockstimme zum Vibrieren bringen.<\/p>\n<p>Backstage konnte ich mehrere Portr\u00e4ts von ihr machen. Dies ist mein Lieblingsbild und ich habe beschlossen, es in meine Arbeit aufzunehmen, weil ich finde, dass es vermittelt, was <a href=\"https:\/\/es.wikipedia.org\/wiki\/Patti_Smith\" target=\"_blank\" rel=\"noopener\">Patti<\/a> wirklich ist: eine wahre Muse.<\/p>\n<p>Sie sind eingeladen, andere \u00e4hnliche Kunstwerke in der Rubrik <a href=\"https:\/\/nestorbarbitta.de\/shop\/en\/photography\/portraits\/\">&#8222;Portr\u00e4ts&#8220;<\/a>auf dieser Website zu sehen.<\/p>\n<p><strong>Material:<\/strong> Hahnem\u00fchle Photo Silk Baryta 310 gm oder Canson Rag Photographique 310 gm.<br \/>\n<strong>Gr\u00f6\u00dfe:<\/strong> 40 cm x 30 cm inklusive wei\u00dfem Rand.<br \/>\n<strong>Nummerierte Serie:<\/strong> 100<\/p>\n","protected":false},"excerpt":{"rendered":"<p>K\u00fcnstlerisches Portr\u00e4t der internationalen K\u00fcnstlerin und S\u00e4ngerin Patti Smith. Fotos in limitierter Auflage mit Echtheitszertifikat, gedruckt auf hochwertigem Hahnem\u00fchle- oder Canson-Papier. Ich hatte das Gl\u00fcck, Patti Smith zu treffen, als sie Buenos Aires besuchte und zwei Konzerte auf der B\u00fchne des CCK (Centro Cultural Kirchner) gab. Ich war ihr pers\u00f6nlicher Fotograf w\u00e4hrend beider Shows. Es [&hellip;]<\/p>\n","protected":false},"featured_media":2741,"comment_status":"open","ping_status":"closed","template":"","meta":{"_et_pb_use_builder":"","_et_pb_old_content":"","_et_gb_content_width":""},"product_brand":[],"product_cat":[167],"product_tag":[],"class_list":{"0":"post-2757","1":"product","2":"type-product","3":"status-publish","4":"has-post-thumbnail","6":"product_cat-portrats","8":"first","9":"instock","10":"sold-individually","11":"shipping-taxable","12":"purchasable","13":"product-type-simple"},"_links":{"self":[{"href":"https:\/\/nestorbarbitta.de\/shop\/de\/wp-json\/wp\/v2\/product\/2757","targetHints":{"allow":["GET"]}}],"collection":[{"href":"https:\/\/nestorbarbitta.de\/shop\/de\/wp-json\/wp\/v2\/product"}],"about":[{"href":"https:\/\/nestorbarbitta.de\/shop\/de\/wp-json\/wp\/v2\/types\/product"}],"replies":[{"embeddable":true,"href":"https:\/\/nestorbarbitta.de\/shop\/de\/wp-json\/wp\/v2\/comments?post=2757"}],"wp:featuredmedia":[{"embeddable":true,"href":"https:\/\/nestorbarbitta.de\/shop\/de\/wp-json\/wp\/v2\/media\/2741"}],"wp:attachment":[{"href":"https:\/\/nestorbarbitta.de\/shop\/de\/wp-json\/wp\/v2\/media?parent=2757"}],"wp:term":[{"taxonomy":"product_brand","embeddable":true,"href":"https:\/\/nestorbarbitta.de\/shop\/de\/wp-json\/wp\/v2\/product_brand?post=2757"},{"taxonomy":"product_cat","embeddable":true,"href":"https:\/\/nestorbarbitta.de\/shop\/de\/wp-json\/wp\/v2\/product_cat?post=2757"},{"taxonomy":"product_tag","embeddable":true,"href":"https:\/\/nestorbarbitta.de\/shop\/de\/wp-json\/wp\/v2\/product_tag?post=2757"}],"curies":[{"name":"wp","href":"https:\/\/api.w.org\/{rel}","templated":true}]}}