{"id":2760,"date":"2021-07-13T18:25:31","date_gmt":"2021-07-13T16:56:23","guid":{"rendered":"https:\/\/nestorbarbitta.de\/shop\/catalog\/duna-limitierte-auflage\/"},"modified":"2023-05-04T16:09:46","modified_gmt":"2023-05-04T14:09:46","slug":"limited-edition-photographs-duna","status":"publish","type":"product","link":"https:\/\/nestorbarbitta.de\/shop\/de\/catalog\/limited-edition-photographs-duna\/","title":{"rendered":"Duna &#8211; Limitierte Auflage"},"content":{"rendered":"<p><em>Fotografien in limitierter Auflage mit Echtheitszertifikat. Fine-Art-Fotografie, gedruckt auf Hahnem\u00fchle-Papier in Museumsqualit\u00e4t. Verkauf von Kunstfotografie direkt vom K\u00fcnstler, ohne Zwischenh\u00e4ndler.<\/em><\/p>\n<p>Portr\u00e4t der argentinischer K\u00fcnstlerin <a href=\"https:\/\/duna-artwork.de\/\" target=\"_blank\" rel=\"noopener\">Duna Rolando<\/a>: Mit einem Blick, der einen zutiefst hinterfragt, fand ich in Dunas Augen einen Hauch von Argentinierin im Exil. Sie ist Argentinierin und lebt seit mehr als 30 Jahren au\u00dferhalb ihres Landes, aber trotzdem ist sie in der Lage, weiterhin Tangos mit einer \u00fcberw\u00e4ltigenden Leidenschaft zu singen. Sie f\u00fchlt jede Strophe, und in diesem Gef\u00fchl transportiert sie einen in die Heimat, auch wenn man so weit weg ist.<\/p>\n<p>Duna ist auch eine gro\u00dfe plastische K\u00fcnstlerin, ihre Leidenschaft \u00fcbertr\u00e4gt sich in ihren hyperrealistischen Werken, die ausgezeichnet und in verschiedenen St\u00e4dten Europas ausgestellt werden.<br \/>\nDuna ist das, was man eine Frau mit vielen Talenten nennen w\u00fcrde.<\/p>\n<p>Dieses Portr\u00e4t von Duna hat f\u00fcr mich eine Pr\u00e4senz, die es verdient, geteilt zu werden, deshalb habe ich mich entschieden, es in mein Werk aufzunehmen. Die St\u00e4rke ihrer H\u00e4nde, ihre Z\u00e4higkeit und auch ein gewisser Hauch von Nostalgie wurden mir in dieser intimen und ehrlichen Aufnahme gegeben.<\/p>\n<p>Sie sind eingeladen, andere \u00e4hnliche Kunstwerke in der Rubrik <a href=\"https:\/\/nestorbarbitta.de\/shop\/en\/photography\/portraits\/\">&#8222;Portr\u00e4ts&#8220;<\/a>auf dieser Website zu sehen.<\/p>\n<p><strong>Material:<\/strong> Hahnem\u00fchle Photo Silk Baryta 310 gm<br \/>\n<strong>Gr\u00f6\u00dfe:<\/strong> 30 cm x 20 cm inklusive wei\u00dfem Rand &#8211; Inklusive wei\u00dfem Holzrahmen.<br \/>\n<strong>Nummerierte Serie:<\/strong> 20 + AP<\/p>\n","protected":false},"excerpt":{"rendered":"<p>Fotografien in limitierter Auflage mit Echtheitszertifikat. Fine-Art-Fotografie, gedruckt auf Hahnem\u00fchle-Papier in Museumsqualit\u00e4t. Verkauf von Kunstfotografie direkt vom K\u00fcnstler, ohne Zwischenh\u00e4ndler. Portr\u00e4t der argentinischer K\u00fcnstlerin Duna Rolando: Mit einem Blick, der einen zutiefst hinterfragt, fand ich in Dunas Augen einen Hauch von Argentinierin im Exil. Sie ist Argentinierin und lebt seit mehr als 30 Jahren au\u00dferhalb [&hellip;]<\/p>\n","protected":false},"featured_media":2756,"comment_status":"open","ping_status":"closed","template":"","meta":{"_et_pb_use_builder":"","_et_pb_old_content":"","_et_gb_content_width":""},"product_brand":[],"product_cat":[167],"product_tag":[],"class_list":{"0":"post-2760","1":"product","2":"type-product","3":"status-publish","4":"has-post-thumbnail","6":"product_cat-portrats","8":"first","9":"instock","10":"sold-individually","11":"shipping-taxable","12":"purchasable","13":"product-type-simple"},"_links":{"self":[{"href":"https:\/\/nestorbarbitta.de\/shop\/de\/wp-json\/wp\/v2\/product\/2760","targetHints":{"allow":["GET"]}}],"collection":[{"href":"https:\/\/nestorbarbitta.de\/shop\/de\/wp-json\/wp\/v2\/product"}],"about":[{"href":"https:\/\/nestorbarbitta.de\/shop\/de\/wp-json\/wp\/v2\/types\/product"}],"replies":[{"embeddable":true,"href":"https:\/\/nestorbarbitta.de\/shop\/de\/wp-json\/wp\/v2\/comments?post=2760"}],"wp:featuredmedia":[{"embeddable":true,"href":"https:\/\/nestorbarbitta.de\/shop\/de\/wp-json\/wp\/v2\/media\/2756"}],"wp:attachment":[{"href":"https:\/\/nestorbarbitta.de\/shop\/de\/wp-json\/wp\/v2\/media?parent=2760"}],"wp:term":[{"taxonomy":"product_brand","embeddable":true,"href":"https:\/\/nestorbarbitta.de\/shop\/de\/wp-json\/wp\/v2\/product_brand?post=2760"},{"taxonomy":"product_cat","embeddable":true,"href":"https:\/\/nestorbarbitta.de\/shop\/de\/wp-json\/wp\/v2\/product_cat?post=2760"},{"taxonomy":"product_tag","embeddable":true,"href":"https:\/\/nestorbarbitta.de\/shop\/de\/wp-json\/wp\/v2\/product_tag?post=2760"}],"curies":[{"name":"wp","href":"https:\/\/api.w.org\/{rel}","templated":true}]}}