{"id":2779,"date":"2021-07-21T09:35:53","date_gmt":"2021-07-21T07:57:47","guid":{"rendered":"https:\/\/nestorbarbitta.de\/shop\/catalog\/schnee-im-walde\/"},"modified":"2023-12-19T00:32:17","modified_gmt":"2023-12-18T23:32:17","slug":"abstract-aerial-photography-snow-in-the-forest","status":"publish","type":"product","link":"https:\/\/nestorbarbitta.de\/shop\/de\/catalog\/abstract-aerial-photography-snow-in-the-forest\/","title":{"rendered":"Schnee im Walde"},"content":{"rendered":"<p><em>Abstraktes Luftbild, aufgenommen mit einer Drohne, gedruckt auf hochwertigem Hahnem\u00fchle-Papier. Diese Naturlandschaft und meine anderen Kunstfotografien sind limitierte Auflagen und werden alle mit einem Echtheitszertifikat geliefert.<\/em><\/p>\n<p>Seit ich in Berlin angekommen bin, habe ich von einem schneereichen Winter getr\u00e4umt. Anfang 2021 war die Stadt endlich wieder mit Schnee vereint, und zusammen bildeten sie eine mir bis dahin unbekannte Landschaft.<\/p>\n<p>Bei -17C\u00b0 ging ich auf den <a href=\"https:\/\/www.visitberlin.de\/en\/teufelsberg\" target=\"_blank\" rel=\"noopener\">Teufeslberg<\/a>, den h\u00f6chsten Teil der Stadt, und machte von dort aus diese Aufnahme mit meiner Drohne. Angesichts der extremen Temperaturen und im Gegensatz zu anderen Gelegenheiten musste ich bei der Auswahl der zu fotografierenden Orte sehr genau sein. Weder ich noch meine Drohne w\u00fcrden die K\u00e4lte lange ertragen.<\/p>\n<p>Und da war der Wald, der mir aus der Luft eine Art Explosion bescherte, Produkt der zuf\u00e4lligen Verteilung der B\u00e4ume und ihrer kahlen \u00c4ste, die von oben wie Wurzeln aussahen.<br \/>\nAus den H\u00f6hen verschmelzen die Formen zu neuen Texturen. Die Spuren des Menschen sind verwischt und nur die Natur bleibt.<br \/>\nDer Schnee erzeugt eine besondere Stille, die alle Ger\u00e4usche, die normalerweise im Wald entstehen, absorbiert. Und diese Stille kann auch gesehen werden.<\/p>\n<p>Sie sind eingeladen, meine Rubrik <a href=\"https:\/\/nestorbarbitta.de\/shop\/en\/photography\/aerial-landscapes\/\">&#8222;Luftlandschaften aus der Luft&#8220;<\/a>zu besuchen, um andere \u00e4hnliche Werke zu sehen.<\/p>\n","protected":false},"excerpt":{"rendered":"<p>Abstraktes Luftbild, aufgenommen mit einer Drohne, gedruckt auf hochwertigem Hahnem\u00fchle-Papier. Diese Naturlandschaft und meine anderen Kunstfotografien sind limitierte Auflagen und werden alle mit einem Echtheitszertifikat geliefert. Seit ich in Berlin angekommen bin, habe ich von einem schneereichen Winter getr\u00e4umt. Anfang 2021 war die Stadt endlich wieder mit Schnee vereint, und zusammen bildeten sie eine mir [&hellip;]<\/p>\n","protected":false},"featured_media":2771,"comment_status":"open","ping_status":"closed","template":"","meta":{"_et_pb_use_builder":"","_et_pb_old_content":"","_et_gb_content_width":""},"product_brand":[],"product_cat":[180],"product_tag":[],"class_list":{"0":"post-2779","1":"product","2":"type-product","3":"status-publish","4":"has-post-thumbnail","6":"product_cat-landschaften-aus-der-luft","8":"first","9":"instock","10":"sale","11":"featured","12":"sold-individually","13":"shipping-taxable","14":"purchasable","15":"product-type-variable"},"_links":{"self":[{"href":"https:\/\/nestorbarbitta.de\/shop\/de\/wp-json\/wp\/v2\/product\/2779","targetHints":{"allow":["GET"]}}],"collection":[{"href":"https:\/\/nestorbarbitta.de\/shop\/de\/wp-json\/wp\/v2\/product"}],"about":[{"href":"https:\/\/nestorbarbitta.de\/shop\/de\/wp-json\/wp\/v2\/types\/product"}],"replies":[{"embeddable":true,"href":"https:\/\/nestorbarbitta.de\/shop\/de\/wp-json\/wp\/v2\/comments?post=2779"}],"wp:featuredmedia":[{"embeddable":true,"href":"https:\/\/nestorbarbitta.de\/shop\/de\/wp-json\/wp\/v2\/media\/2771"}],"wp:attachment":[{"href":"https:\/\/nestorbarbitta.de\/shop\/de\/wp-json\/wp\/v2\/media?parent=2779"}],"wp:term":[{"taxonomy":"product_brand","embeddable":true,"href":"https:\/\/nestorbarbitta.de\/shop\/de\/wp-json\/wp\/v2\/product_brand?post=2779"},{"taxonomy":"product_cat","embeddable":true,"href":"https:\/\/nestorbarbitta.de\/shop\/de\/wp-json\/wp\/v2\/product_cat?post=2779"},{"taxonomy":"product_tag","embeddable":true,"href":"https:\/\/nestorbarbitta.de\/shop\/de\/wp-json\/wp\/v2\/product_tag?post=2779"}],"curies":[{"name":"wp","href":"https:\/\/api.w.org\/{rel}","templated":true}]}}