{"id":2799,"date":"2021-07-21T10:52:45","date_gmt":"2021-07-21T08:55:46","guid":{"rendered":"https:\/\/nestorbarbitta.de\/shop\/catalog\/atacama-friedhof\/"},"modified":"2025-03-13T17:58:42","modified_gmt":"2025-03-13T16:58:42","slug":"aerial-landscape-photography-atacama","status":"publish","type":"product","link":"https:\/\/nestorbarbitta.de\/shop\/de\/catalog\/aerial-landscape-photography-atacama\/","title":{"rendered":"Atacama Friedhof"},"content":{"rendered":"<p><em>Luftbildaufnahmen des <a href=\"https:\/\/chile.travel\/en\/where-to-go\/north-and-the-atacama-desert\/san-pedro-atacama\" target=\"_blank\" rel=\"noopener\">Atacama-W\u00fcstenfriedhofs<\/a>, aufgenommen mit einer Drohne und gedruckt auf hochwertigem Hahnem\u00fchle-Papier. Alle meine Stadtlandschaftsfotos und Kunstwerke in limitierter Auflage werden mit einem Echtheitszertifikat geliefert.<\/em><\/p>\n<p>Die Atacama-W\u00fcste erstreckt sich \u00fcber den Norte Grande von Chile und umfasst eine Fl\u00e4che von ca. 105.000 km\u00b2. Dieser Friedhof befindet sich in der Stadt San Pedro de Atacama. Die Farbe des W\u00fcstenbodens wird nur durch Gr\u00e4ber und Kreuze ver\u00e4ndert, die sauber aufgereiht sind.<br \/>\nMich interessiert vor allem, wie wir durch unsere sozialen, kulturellen und religi\u00f6sen Motivationen bestimmte R\u00e4ume bestimmen k\u00f6nnen. Orte, die sich wiederum rund um den Planeten wiederholen und ausdifferenzieren, mutieren und sich entsprechend der Allgegenw\u00e4rtigkeit unseres Blicks neu bestimmen. Der Friedhof von Atacama aus der Vogelperspektive. Die rituellen Anlagen, ihre heiligen Abl\u00e4ufe, die f\u00fcr die Ewigkeit aufgereihten K\u00f6rper.<\/p>\n<p>Dieses Foto wurde als Finalist f\u00fcr den Ita\u00fa Award 2018 ausgew\u00e4hlt.<\/p>\n","protected":false},"excerpt":{"rendered":"<p>Luftbildaufnahmen des Atacama-W\u00fcstenfriedhofs, aufgenommen mit einer Drohne und gedruckt auf hochwertigem Hahnem\u00fchle-Papier. Alle meine Stadtlandschaftsfotos und Kunstwerke in limitierter Auflage werden mit einem Echtheitszertifikat geliefert. Die Atacama-W\u00fcste erstreckt sich \u00fcber den Norte Grande von Chile und umfasst eine Fl\u00e4che von ca. 105.000 km\u00b2. Dieser Friedhof befindet sich in der Stadt San Pedro de Atacama. Die [&hellip;]<\/p>\n","protected":false},"featured_media":2794,"comment_status":"open","ping_status":"closed","template":"","meta":{"_et_pb_use_builder":"","_et_pb_old_content":"","_et_gb_content_width":""},"product_brand":[],"product_cat":[180],"product_tag":[],"class_list":{"0":"post-2799","1":"product","2":"type-product","3":"status-publish","4":"has-post-thumbnail","6":"product_cat-landschaften-aus-der-luft","8":"first","9":"instock","10":"sale","11":"featured","12":"sold-individually","13":"shipping-taxable","14":"purchasable","15":"product-type-variable","16":"has-default-attributes"},"_links":{"self":[{"href":"https:\/\/nestorbarbitta.de\/shop\/de\/wp-json\/wp\/v2\/product\/2799","targetHints":{"allow":["GET"]}}],"collection":[{"href":"https:\/\/nestorbarbitta.de\/shop\/de\/wp-json\/wp\/v2\/product"}],"about":[{"href":"https:\/\/nestorbarbitta.de\/shop\/de\/wp-json\/wp\/v2\/types\/product"}],"replies":[{"embeddable":true,"href":"https:\/\/nestorbarbitta.de\/shop\/de\/wp-json\/wp\/v2\/comments?post=2799"}],"wp:featuredmedia":[{"embeddable":true,"href":"https:\/\/nestorbarbitta.de\/shop\/de\/wp-json\/wp\/v2\/media\/2794"}],"wp:attachment":[{"href":"https:\/\/nestorbarbitta.de\/shop\/de\/wp-json\/wp\/v2\/media?parent=2799"}],"wp:term":[{"taxonomy":"product_brand","embeddable":true,"href":"https:\/\/nestorbarbitta.de\/shop\/de\/wp-json\/wp\/v2\/product_brand?post=2799"},{"taxonomy":"product_cat","embeddable":true,"href":"https:\/\/nestorbarbitta.de\/shop\/de\/wp-json\/wp\/v2\/product_cat?post=2799"},{"taxonomy":"product_tag","embeddable":true,"href":"https:\/\/nestorbarbitta.de\/shop\/de\/wp-json\/wp\/v2\/product_tag?post=2799"}],"curies":[{"name":"wp","href":"https:\/\/api.w.org\/{rel}","templated":true}]}}