{"id":2809,"date":"2021-07-21T11:10:44","date_gmt":"2021-07-21T09:14:04","guid":{"rendered":"https:\/\/nestorbarbitta.de\/shop\/catalog\/geysire-des-el-tatio\/"},"modified":"2023-05-04T16:09:44","modified_gmt":"2023-05-04T14:09:44","slug":"geyser-aerial-photography-tatio-geyser","status":"publish","type":"product","link":"https:\/\/nestorbarbitta.de\/shop\/de\/catalog\/geyser-aerial-photography-tatio-geyser\/","title":{"rendered":"Geysire des El Tatio"},"content":{"rendered":"<p><em>Geysir-Luftaufnahmen mit Drohne gemacht. Diese Tatio Geysir-Fotografie und andere Luftaufnahmen von Naturlandschaften werden auf hochwertigem Hahnem\u00fchle-Papier gedruckt. Alle meine zum Verkauf stehenden Fotos in limitierter Auflage werden mit einem Echtheitszertifikat geliefert.<\/em><\/p>\n<p>Die Atacama-W\u00fcste erstreckt sich \u00fcber den Norte Grande von Chile und umfasst eine Fl\u00e4che von ca. 105.000 km\u00b2. Begrenzt durch den Pazifischen Ozean im Westen und durch die Anden im Osten, ist sie der trockenste nicht-polare Ort auf unserem Planeten.<br \/>\nAusgedehnte Salzebenen, farbenfrohe Lagunen, mars\u00e4hnliche T\u00e4ler und Vulkane mit ewigem Schnee machen die Atacama-W\u00fcste zu einem einzigartigen Ort auf der Welt, mit einer der reinsten Luft, die der Mensch atmen kann.<\/p>\n<p>Eine der Attraktionen der Region sind die Tatio-Geysire, die drittgr\u00f6\u00dfte Geysir-Gemeinde der Welt und die bedeutendste der s\u00fcdlichen Hemisph\u00e4re. Auf mehr als 4200 Metern \u00fcber dem Meeresspiegel gelegen, tritt das Wasser aus diesen L\u00f6chern mit hoher Temperatur kraftvoll aus und erzeugt Schwefeld\u00e4mpfe (sogenannte &#8222;Fumarolen&#8220;) von unglaublicher Sch\u00f6nheit. Bei der Ber\u00fchrung mit der Erdoberfl\u00e4che gefriert dieses Wasser augenblicklich. Es ist eine Erfahrung, die extreme Temperaturen an einem Ort vereint, zum Erstaunen der Besucher.<\/p>\n<p>Um zu den Tatio-Geysiren zu gelangen, m\u00fcssen Sie <a href=\"https:\/\/chile.travel\/en\/where-to-go\/north-and-the-atacama-desert\/san-pedro-atacama\" target=\"_blank\" rel=\"noopener\">San Pedro de Atacama<\/a> verlassen, wenn es noch nicht d\u00e4mmert, und eine gef\u00e4hrliche, aber faszinierende Route nehmen, die sich entlang erloschener Vulkane und W\u00fcstensteppen windet. Je fr\u00fcher Sie am Ort ankommen, desto h\u00f6her sind die &#8222;Fumarolen&#8220;, die nach 19 Uhr beginnen, sich zu verkleinern.<\/p>\n<p>Der gro\u00dfe Schwefelanteil zieht vom Himmel dieses gelbe Auge, aus dessen Zentrum der heftige Dampf aufsteigt. Zwei Menschen beobachten das Spektakel, und ihre projizierten Schatten geben uns eine Dimension der Gr\u00f6\u00dfe dieses Raumes im permanenten Sieden.<\/p>\n<p>Sie sind eingeladen, meine Rubrik <a href=\"https:\/\/nestorbarbitta.de\/shop\/en\/photography\/aerial-landscapes\/\">&#8222;Luftlandschaften aus der Luft&#8220;<\/a>zu besuchen, um andere \u00e4hnliche Werke zu sehen.<\/p>\n","protected":false},"excerpt":{"rendered":"<p>Geysir-Luftaufnahmen mit Drohne gemacht. Diese Tatio Geysir-Fotografie und andere Luftaufnahmen von Naturlandschaften werden auf hochwertigem Hahnem\u00fchle-Papier gedruckt. Alle meine zum Verkauf stehenden Fotos in limitierter Auflage werden mit einem Echtheitszertifikat geliefert. Die Atacama-W\u00fcste erstreckt sich \u00fcber den Norte Grande von Chile und umfasst eine Fl\u00e4che von ca. 105.000 km\u00b2. Begrenzt durch den Pazifischen Ozean im [&hellip;]<\/p>\n","protected":false},"featured_media":2804,"comment_status":"open","ping_status":"closed","template":"","meta":{"_et_pb_use_builder":"","_et_pb_old_content":"","_et_gb_content_width":""},"product_brand":[],"product_cat":[180],"product_tag":[],"class_list":{"0":"post-2809","1":"product","2":"type-product","3":"status-publish","4":"has-post-thumbnail","6":"product_cat-landschaften-aus-der-luft","8":"first","9":"instock","10":"sale","11":"sold-individually","12":"shipping-taxable","13":"purchasable","14":"product-type-variable","15":"has-default-attributes"},"_links":{"self":[{"href":"https:\/\/nestorbarbitta.de\/shop\/de\/wp-json\/wp\/v2\/product\/2809","targetHints":{"allow":["GET"]}}],"collection":[{"href":"https:\/\/nestorbarbitta.de\/shop\/de\/wp-json\/wp\/v2\/product"}],"about":[{"href":"https:\/\/nestorbarbitta.de\/shop\/de\/wp-json\/wp\/v2\/types\/product"}],"replies":[{"embeddable":true,"href":"https:\/\/nestorbarbitta.de\/shop\/de\/wp-json\/wp\/v2\/comments?post=2809"}],"wp:featuredmedia":[{"embeddable":true,"href":"https:\/\/nestorbarbitta.de\/shop\/de\/wp-json\/wp\/v2\/media\/2804"}],"wp:attachment":[{"href":"https:\/\/nestorbarbitta.de\/shop\/de\/wp-json\/wp\/v2\/media?parent=2809"}],"wp:term":[{"taxonomy":"product_brand","embeddable":true,"href":"https:\/\/nestorbarbitta.de\/shop\/de\/wp-json\/wp\/v2\/product_brand?post=2809"},{"taxonomy":"product_cat","embeddable":true,"href":"https:\/\/nestorbarbitta.de\/shop\/de\/wp-json\/wp\/v2\/product_cat?post=2809"},{"taxonomy":"product_tag","embeddable":true,"href":"https:\/\/nestorbarbitta.de\/shop\/de\/wp-json\/wp\/v2\/product_tag?post=2809"}],"curies":[{"name":"wp","href":"https:\/\/api.w.org\/{rel}","templated":true}]}}