{"id":2824,"date":"2021-07-21T12:12:35","date_gmt":"2021-07-21T10:12:35","guid":{"rendered":"https:\/\/nestorbarbitta.de\/shop\/?post_type=product&#038;p=2824"},"modified":"2023-05-04T16:09:44","modified_gmt":"2023-05-04T14:09:44","slug":"aerial-nature-photography-small-island-at-morro","status":"publish","type":"product","link":"https:\/\/nestorbarbitta.de\/shop\/de\/catalog\/aerial-nature-photography-small-island-at-morro\/","title":{"rendered":"Eine kleine Insel am Morro de Sao Paulo"},"content":{"rendered":"<p><em>Luftbild-Naturfotografie einer kleinen Insel am Morro de Sao Pablo, gedruckt auf Hahnem\u00fchle Qualit\u00e4tspapier im Gro\u00dfformat. Alle meine limitierten Kunstwerke der Luftaufnahmen werden mit einem Echtheitszertifikat geliefert.<\/em><\/p>\n<p>Morro de San Pablo liegt nur 60 km von <a href=\"https:\/\/en.wikipedia.org\/wiki\/Salvador,_Bahia\" target=\"_blank\" rel=\"noopener\">San Salvador de Bahia<\/a> entfernt und ist Teil eines Archipels von sechs Inseln, von denen nur drei bewohnt sind.<br \/>\nDiese paradiesische Bucht mit transparentem Wasser und wei\u00dfem Sand hat einen kleinen Flughafen f\u00fcr Kleinflugzeuge, aber innerhalb der Bucht gibt es keine M\u00f6glichkeit, mit dem Auto zu fahren, so dass die gesamte Tour zu Fu\u00df erfolgen muss.<br \/>\nIn ihrem Inneren befinden sich noch alte Bauten aus dem XVII. und XVIII. Jahrhundert, von denen einige bereits von Vegetation bedeckt sind.<br \/>\nDie felsigen Enden der Bucht treffen auf das wilde Meer und gemeinsam ziehen sie R\u00e4nder aus wei\u00dfem Schaum, der nur vom Himmel aus zu sehen ist.<\/p>\n<p>Sie sind eingeladen, meine Rubrik <a href=\"https:\/\/nestorbarbitta.de\/shop\/en\/photography\/aerial-landscapes\/\">&#8222;Luftlandschaften aus der Luft&#8220;<\/a> zu besuchen, um andere \u00e4hnliche Werke zu sehen.<\/p>\n","protected":false},"excerpt":{"rendered":"<p>Luftbild-Naturfotografie einer kleinen Insel am Morro de Sao Pablo, gedruckt auf Hahnem\u00fchle Qualit\u00e4tspapier im Gro\u00dfformat. Alle meine limitierten Kunstwerke der Luftaufnahmen werden mit einem Echtheitszertifikat geliefert. Morro de San Pablo liegt nur 60 km von San Salvador de Bahia entfernt und ist Teil eines Archipels von sechs Inseln, von denen nur drei bewohnt sind. Diese [&hellip;]<\/p>\n","protected":false},"featured_media":2828,"comment_status":"open","ping_status":"closed","template":"","meta":{"_et_pb_use_builder":"","_et_pb_old_content":"","_et_gb_content_width":""},"product_brand":[],"product_cat":[180],"product_tag":[],"class_list":{"0":"post-2824","1":"product","2":"type-product","3":"status-publish","4":"has-post-thumbnail","6":"product_cat-landschaften-aus-der-luft","8":"first","9":"instock","10":"sold-individually","11":"shipping-taxable","12":"purchasable","13":"product-type-variable","14":"has-default-attributes"},"_links":{"self":[{"href":"https:\/\/nestorbarbitta.de\/shop\/de\/wp-json\/wp\/v2\/product\/2824","targetHints":{"allow":["GET"]}}],"collection":[{"href":"https:\/\/nestorbarbitta.de\/shop\/de\/wp-json\/wp\/v2\/product"}],"about":[{"href":"https:\/\/nestorbarbitta.de\/shop\/de\/wp-json\/wp\/v2\/types\/product"}],"replies":[{"embeddable":true,"href":"https:\/\/nestorbarbitta.de\/shop\/de\/wp-json\/wp\/v2\/comments?post=2824"}],"wp:featuredmedia":[{"embeddable":true,"href":"https:\/\/nestorbarbitta.de\/shop\/de\/wp-json\/wp\/v2\/media\/2828"}],"wp:attachment":[{"href":"https:\/\/nestorbarbitta.de\/shop\/de\/wp-json\/wp\/v2\/media?parent=2824"}],"wp:term":[{"taxonomy":"product_brand","embeddable":true,"href":"https:\/\/nestorbarbitta.de\/shop\/de\/wp-json\/wp\/v2\/product_brand?post=2824"},{"taxonomy":"product_cat","embeddable":true,"href":"https:\/\/nestorbarbitta.de\/shop\/de\/wp-json\/wp\/v2\/product_cat?post=2824"},{"taxonomy":"product_tag","embeddable":true,"href":"https:\/\/nestorbarbitta.de\/shop\/de\/wp-json\/wp\/v2\/product_tag?post=2824"}],"curies":[{"name":"wp","href":"https:\/\/api.w.org\/{rel}","templated":true}]}}