{"id":2863,"date":"2021-07-21T14:09:06","date_gmt":"2021-07-21T12:13:27","guid":{"rendered":"https:\/\/nestorbarbitta.de\/shop\/catalog\/autobahnkreuzung\/"},"modified":"2023-05-04T16:09:43","modified_gmt":"2023-05-04T14:09:43","slug":"highway-intersection","status":"publish","type":"product","link":"https:\/\/nestorbarbitta.de\/shop\/de\/catalog\/highway-intersection\/","title":{"rendered":"Autobahnkreuzung"},"content":{"rendered":"<p><em>Gro\u00dfformatige Luftaufnahmen aus der Drohne, gedruckt auf hochwertigem Hahnem\u00fchle-Papier. Kunstwerke in limitierter Auflage mit Echtheitszertifikat.<\/em><\/p>\n<p>Mit einer Fl\u00e4che von 203 km\u00b2 und einer Bev\u00f6lkerungsdichte von ca. 15.000 Einwohnern pro km\u00b2 ist die <a href=\"https:\/\/turismo.buenosaires.gob.ar\/en\" target=\"_blank\" rel=\"noopener\">Stadt Buenos Aires<\/a> zweifelsohne eine der wichtigsten Hauptst\u00e4dte Lateinamerikas.<\/p>\n<p>Die hohe Bev\u00f6lkerungsdichte und der t\u00e4gliche Verkehr von Menschen, die die Stadt betreten und verlassen, haben den Bau von mehreren Autobahnen erzwungen, die strategische Verkehrsadern zwischen der Stadt und der Provinz Buenos Aires verbinden.<\/p>\n<p>Der Bau dieser Betonmassen begann in den 1980er Jahren w\u00e4hrend der letzten Milit\u00e4rdiktatur Argentiniens. Aufeinanderfolgende Regierungen f\u00fchrten im Laufe der Jahrzehnte Erweiterungen durch, die oft \u00fcberh\u00f6hte Budgets und unklare Zugest\u00e4ndnisse mit den Baufirmen mit sich brachten.<\/p>\n<p>Die j\u00fcngsten Erweiterungen der Autobahn 25 de Mayo, die sich im S\u00fcden der Stadt befindet, haben nach ihrer Wiederer\u00f6ffnung mehrere Unf\u00e4lle verursacht. Von den &#8222;Ringen&#8220; sind mehrere LKWs mit ihrer Ladung aus der H\u00f6he umgekippt, was schlie\u00dflich die Aufstellung eines Auffangnetzes erzwang, um zuk\u00fcnftige Unf\u00e4lle zu vermeiden.<\/p>\n<p>Sie sind eingeladen, meine Sektion <a href=\"https:\/\/nestorbarbitta.de\/shop\/en\/photography\/coordinates-of-everyday-life\/\">&#8222;Koordinaten des t\u00e4glichen Lebens&#8220;<\/a>zu besuchen, um andere \u00e4hnliche Kunstwerke zu sehen.<\/p>\n","protected":false},"excerpt":{"rendered":"<p>Gro\u00dfformatige Luftaufnahmen aus der Drohne, gedruckt auf hochwertigem Hahnem\u00fchle-Papier. Kunstwerke in limitierter Auflage mit Echtheitszertifikat. Mit einer Fl\u00e4che von 203 km\u00b2 und einer Bev\u00f6lkerungsdichte von ca. 15.000 Einwohnern pro km\u00b2 ist die Stadt Buenos Aires zweifelsohne eine der wichtigsten Hauptst\u00e4dte Lateinamerikas. Die hohe Bev\u00f6lkerungsdichte und der t\u00e4gliche Verkehr von Menschen, die die Stadt betreten und [&hellip;]<\/p>\n","protected":false},"featured_media":2854,"comment_status":"open","ping_status":"closed","template":"","meta":{"_et_pb_use_builder":"","_et_pb_old_content":"","_et_gb_content_width":""},"product_brand":[],"product_cat":[155],"product_tag":[],"class_list":{"0":"post-2863","1":"product","2":"type-product","3":"status-publish","4":"has-post-thumbnail","6":"product_cat-koordinaten-des-taglichen-lebens","8":"first","9":"instock","10":"sold-individually","11":"shipping-taxable","12":"purchasable","13":"product-type-variable"},"_links":{"self":[{"href":"https:\/\/nestorbarbitta.de\/shop\/de\/wp-json\/wp\/v2\/product\/2863","targetHints":{"allow":["GET"]}}],"collection":[{"href":"https:\/\/nestorbarbitta.de\/shop\/de\/wp-json\/wp\/v2\/product"}],"about":[{"href":"https:\/\/nestorbarbitta.de\/shop\/de\/wp-json\/wp\/v2\/types\/product"}],"replies":[{"embeddable":true,"href":"https:\/\/nestorbarbitta.de\/shop\/de\/wp-json\/wp\/v2\/comments?post=2863"}],"wp:featuredmedia":[{"embeddable":true,"href":"https:\/\/nestorbarbitta.de\/shop\/de\/wp-json\/wp\/v2\/media\/2854"}],"wp:attachment":[{"href":"https:\/\/nestorbarbitta.de\/shop\/de\/wp-json\/wp\/v2\/media?parent=2863"}],"wp:term":[{"taxonomy":"product_brand","embeddable":true,"href":"https:\/\/nestorbarbitta.de\/shop\/de\/wp-json\/wp\/v2\/product_brand?post=2863"},{"taxonomy":"product_cat","embeddable":true,"href":"https:\/\/nestorbarbitta.de\/shop\/de\/wp-json\/wp\/v2\/product_cat?post=2863"},{"taxonomy":"product_tag","embeddable":true,"href":"https:\/\/nestorbarbitta.de\/shop\/de\/wp-json\/wp\/v2\/product_tag?post=2863"}],"curies":[{"name":"wp","href":"https:\/\/api.w.org\/{rel}","templated":true}]}}