{"id":2866,"date":"2021-07-21T13:54:47","date_gmt":"2021-07-21T12:15:14","guid":{"rendered":"https:\/\/nestorbarbitta.de\/shop\/catalog\/kreuzung-waehrend-der-hauptverkehrszeit\/"},"modified":"2023-05-04T16:09:44","modified_gmt":"2023-05-04T14:09:44","slug":"city-landscape-photography-rush-hour","status":"publish","type":"product","link":"https:\/\/nestorbarbitta.de\/shop\/de\/catalog\/city-landscape-photography-rush-hour\/","title":{"rendered":"Kreuzung w\u00e4hrend der Hauptverkehrszeit"},"content":{"rendered":"<p><em>Stadtlandschaftsfotografie mit Drohne gemacht und auf Hahnem\u00fchle Qualit\u00e4tspapier im Gro\u00dfformat gedruckt. Limitierte Auflage des Kunstwerks mit Echtheitszertifikat.<\/em><\/p>\n<p>Mit einer Fl\u00e4che von 203 km\u00b2 und einer Bev\u00f6lkerungsdichte von ca. 15.000 Einwohnern pro km\u00b2 ist die <a href=\"https:\/\/turismo.buenosaires.gob.ar\/en\" target=\"_blank\" rel=\"noopener\">Stadt Buenos Aires<\/a> zweifelsohne eine der wichtigsten Hauptst\u00e4dte Lateinamerikas.<br \/>\nMehr als 3,5 Millionen Menschen kommen t\u00e4glich aus den Au\u00dfenbezirken (Provinz Buenos Aires) in die Stadt, zus\u00e4tzlich zu den mehr als 3 Millionen Menschen, die bereits in der Stadt leben. An Wochentagen ist der Verkehr zur Rushhour ein echtes Chaos, besonders in den Vierteln, wo sich die kommerziellen und finanziellen Aktivit\u00e4ten konzentrieren. Der Verkehr ist auch sehr laut, da die meisten Verkehrsmittel immer noch benzinbetrieben sind, was die hohe Luftverschmutzung erkl\u00e4rt.<\/p>\n<p>F\u00fcr diejenigen, die morgens zur Arbeit gehen, kann die R\u00fcckkehr nach Hause Stunden dauern, da die meisten von ihnen mit den \u00f6ffentlichen Verkehrsmitteln fahren m\u00fcssen, die in einer ungenauen Frequenz fahren und immer \u00fcberf\u00fcllt sind. Eine Art Pilgerfahrt, schmutzig und riskant, an die man sich unweigerlich gew\u00f6hnen muss, um zu \u00fcberleben.<\/p>\n<p>Der Blick aus der Vogelperspektive auf eine der Kreuzungen der Avenue Corrientes (die 8,6 km lang ist) und der Avenue Alem l\u00e4sst uns f\u00fcr einen Moment den L\u00e4rm, das Durcheinander und die \u00dcberf\u00fcllung vergessen. Nur von oben k\u00f6nnen wir die Sch\u00f6nheit in diesem Chaos entdecken.<\/p>\n<p>Sie sind eingeladen, meine Sektion <a href=\"https:\/\/nestorbarbitta.de\/shop\/en\/photography\/coordinates-of-everyday-life\/\">&#8222;Koordinaten des t\u00e4glichen Lebens&#8220;<\/a>zu besuchen, um andere \u00e4hnliche Kunstwerke zu sehen.<\/p>\n","protected":false},"excerpt":{"rendered":"<p>Stadtlandschaftsfotografie mit Drohne gemacht und auf Hahnem\u00fchle Qualit\u00e4tspapier im Gro\u00dfformat gedruckt. Limitierte Auflage des Kunstwerks mit Echtheitszertifikat. Mit einer Fl\u00e4che von 203 km\u00b2 und einer Bev\u00f6lkerungsdichte von ca. 15.000 Einwohnern pro km\u00b2 ist die Stadt Buenos Aires zweifelsohne eine der wichtigsten Hauptst\u00e4dte Lateinamerikas. Mehr als 3,5 Millionen Menschen kommen t\u00e4glich aus den Au\u00dfenbezirken (Provinz Buenos [&hellip;]<\/p>\n","protected":false},"featured_media":2841,"comment_status":"open","ping_status":"closed","template":"","meta":{"_et_pb_use_builder":"","_et_pb_old_content":"","_et_gb_content_width":""},"product_brand":[],"product_cat":[155],"product_tag":[],"class_list":{"0":"post-2866","1":"product","2":"type-product","3":"status-publish","4":"has-post-thumbnail","6":"product_cat-koordinaten-des-taglichen-lebens","8":"first","9":"instock","10":"sold-individually","11":"shipping-taxable","12":"purchasable","13":"product-type-variable"},"_links":{"self":[{"href":"https:\/\/nestorbarbitta.de\/shop\/de\/wp-json\/wp\/v2\/product\/2866","targetHints":{"allow":["GET"]}}],"collection":[{"href":"https:\/\/nestorbarbitta.de\/shop\/de\/wp-json\/wp\/v2\/product"}],"about":[{"href":"https:\/\/nestorbarbitta.de\/shop\/de\/wp-json\/wp\/v2\/types\/product"}],"replies":[{"embeddable":true,"href":"https:\/\/nestorbarbitta.de\/shop\/de\/wp-json\/wp\/v2\/comments?post=2866"}],"wp:featuredmedia":[{"embeddable":true,"href":"https:\/\/nestorbarbitta.de\/shop\/de\/wp-json\/wp\/v2\/media\/2841"}],"wp:attachment":[{"href":"https:\/\/nestorbarbitta.de\/shop\/de\/wp-json\/wp\/v2\/media?parent=2866"}],"wp:term":[{"taxonomy":"product_brand","embeddable":true,"href":"https:\/\/nestorbarbitta.de\/shop\/de\/wp-json\/wp\/v2\/product_brand?post=2866"},{"taxonomy":"product_cat","embeddable":true,"href":"https:\/\/nestorbarbitta.de\/shop\/de\/wp-json\/wp\/v2\/product_cat?post=2866"},{"taxonomy":"product_tag","embeddable":true,"href":"https:\/\/nestorbarbitta.de\/shop\/de\/wp-json\/wp\/v2\/product_tag?post=2866"}],"curies":[{"name":"wp","href":"https:\/\/api.w.org\/{rel}","templated":true}]}}