{"id":2913,"date":"2021-07-21T14:39:37","date_gmt":"2021-07-21T13:35:55","guid":{"rendered":"https:\/\/nestorbarbitta.de\/shop\/catalog\/strasse-durch-den-verschneiten-wald\/"},"modified":"2023-05-04T16:09:43","modified_gmt":"2023-05-04T14:09:43","slug":"fine-art-photography-snowy-forest","status":"publish","type":"product","link":"https:\/\/nestorbarbitta.de\/shop\/de\/catalog\/fine-art-photography-snowy-forest\/","title":{"rendered":"Stra\u00dfe durch den verschneiten Wald"},"content":{"rendered":"<p><em>Fine-Art-Fotografie, gedruckt auf Hahnem\u00fchle-Papier in Museumsqualit\u00e4t. Limitierte Auflage von Luftaufnahmen, die mit einer Drohne gemacht wurden. Alle Kunstwerke werden mit einem Echtheitszertifikat geliefert.<\/em><\/p>\n<p>Es gibt W\u00e4lder, die dem Winter trotzen und ihr bestes Gr\u00fcn bieten. Andere wiederum erliegen und entbl\u00f6\u00dfen ihre \u00c4ste bis zum n\u00e4chsten Fr\u00fchjahr.<br \/>\nUnd wir Menschen kreuzen die Wege, ohne uns umzuschauen, ohne diesen Kampf zwischen Widerstandsf\u00e4higkeit und absoluter Kapitulation zu bemerken. Ohne aus diesem faszinierenden Tanz der Kr\u00e4fte etwas zu lernen.<\/p>\n<p>Sie sind eingeladen, meine Sektion der <a href=\"https:\/\/nestorbarbitta.de\/shop\/en\/photography\/aerial-landscapes\/\">Landschaften aus der Luft<\/a> zu besuchen, um andere \u00e4hnliche Fotos zu sehen.<\/p>\n","protected":false},"excerpt":{"rendered":"<p>Fine-Art-Fotografie, gedruckt auf Hahnem\u00fchle-Papier in Museumsqualit\u00e4t. Limitierte Auflage von Luftaufnahmen, die mit einer Drohne gemacht wurden. Alle Kunstwerke werden mit einem Echtheitszertifikat geliefert. Es gibt W\u00e4lder, die dem Winter trotzen und ihr bestes Gr\u00fcn bieten. Andere wiederum erliegen und entbl\u00f6\u00dfen ihre \u00c4ste bis zum n\u00e4chsten Fr\u00fchjahr. Und wir Menschen kreuzen die Wege, ohne uns umzuschauen, [&hellip;]<\/p>\n","protected":false},"featured_media":2871,"comment_status":"open","ping_status":"closed","template":"","meta":{"_et_pb_use_builder":"","_et_pb_old_content":"","_et_gb_content_width":""},"product_brand":[],"product_cat":[180],"product_tag":[],"class_list":{"0":"post-2913","1":"product","2":"type-product","3":"status-publish","4":"has-post-thumbnail","6":"product_cat-landschaften-aus-der-luft","8":"first","9":"instock","10":"sale","11":"sold-individually","12":"shipping-taxable","13":"purchasable","14":"product-type-variable"},"_links":{"self":[{"href":"https:\/\/nestorbarbitta.de\/shop\/de\/wp-json\/wp\/v2\/product\/2913","targetHints":{"allow":["GET"]}}],"collection":[{"href":"https:\/\/nestorbarbitta.de\/shop\/de\/wp-json\/wp\/v2\/product"}],"about":[{"href":"https:\/\/nestorbarbitta.de\/shop\/de\/wp-json\/wp\/v2\/types\/product"}],"replies":[{"embeddable":true,"href":"https:\/\/nestorbarbitta.de\/shop\/de\/wp-json\/wp\/v2\/comments?post=2913"}],"wp:featuredmedia":[{"embeddable":true,"href":"https:\/\/nestorbarbitta.de\/shop\/de\/wp-json\/wp\/v2\/media\/2871"}],"wp:attachment":[{"href":"https:\/\/nestorbarbitta.de\/shop\/de\/wp-json\/wp\/v2\/media?parent=2913"}],"wp:term":[{"taxonomy":"product_brand","embeddable":true,"href":"https:\/\/nestorbarbitta.de\/shop\/de\/wp-json\/wp\/v2\/product_brand?post=2913"},{"taxonomy":"product_cat","embeddable":true,"href":"https:\/\/nestorbarbitta.de\/shop\/de\/wp-json\/wp\/v2\/product_cat?post=2913"},{"taxonomy":"product_tag","embeddable":true,"href":"https:\/\/nestorbarbitta.de\/shop\/de\/wp-json\/wp\/v2\/product_tag?post=2913"}],"curies":[{"name":"wp","href":"https:\/\/api.w.org\/{rel}","templated":true}]}}