{"id":2929,"date":"2021-07-21T16:08:48","date_gmt":"2021-07-21T14:19:06","guid":{"rendered":"https:\/\/nestorbarbitta.de\/shop\/catalog\/das-leben-hinter-einem-tresen\/"},"modified":"2023-05-04T16:09:43","modified_gmt":"2023-05-04T14:09:43","slug":"life-behind-a-counter","status":"publish","type":"product","link":"https:\/\/nestorbarbitta.de\/shop\/de\/catalog\/life-behind-a-counter\/","title":{"rendered":"Das Leben hinter einem Tresen"},"content":{"rendered":"<p><em>Fine-Art-Fotografie, gedruckt auf Hahnem\u00fchle-Papier in Museumsqualit\u00e4t. Limitierte Auflage von k\u00fcnstlerischen Portr\u00e4ts mit Echtheitszertifikat. Verkauf von Kunstfotografie direkt vom K\u00fcnstler, ohne Zwischenh\u00e4ndler.<\/em><\/p>\n<p>Norberto C\u00f3lera ist der Besitzer eines jahrhundertealten Gemischtwarenladens in der Stadt Gouin in der Provinz Buenos Aires. Sein Gro\u00dfvater, Pascual C\u00f3lera, gr\u00fcndete ihn 1915, kurz nachdem er aus Barcelona eingewandert war.<br \/>\nArgentinien war eines der L\u00e4nder der Neuen Welt, das w\u00e4hrend der Zeit der Massenauswanderung die meisten Einwanderer aufnahm. Obwohl die absolute Zahl der Einwanderer, die sich zwischen 1880 und 1930 im Land niederlie\u00dfen, geringer war als die der Vereinigten Staaten, war Argentinien das Land, das den h\u00f6chsten Anteil an Ausl\u00e4ndern im Verh\u00e4ltnis zur Gesamtbev\u00f6lkerung aufwies. Nach den Daten der Volksz\u00e4hlung von 1914 waren ein Drittel der Einwohner des Landes Ausl\u00e4nder.<\/p>\n<p>Argentinien hatte im 20. Jahrhundert eine Bl\u00fctezeit der Eisenbahn. In jenen Jahren fuhren t\u00e4glich 17 Z\u00fcge durch Gouin und verbanden die Hauptstadt mit dem Landesinneren.<br \/>\nHeute sind von den 1000 Einwohnern, die es in Zeiten gr\u00f6\u00dferer wirtschaftlicher Prosperit\u00e4t einmal gab, nur noch 120 \u00fcbrig.<br \/>\nDie Br\u00fcder C\u00f3lera f\u00fchren heute das Familienerbe fort und haben den Laden fast unver\u00e4ndert durch die Zeit gebracht. Mit wenigen, aber treuen Kunden steht Norberto, Tag f\u00fcr Tag, hinter dem Tresen.<\/p>\n<p>Dieses Foto wurde ausgew\u00e4hlt, um an der internationalen Ausstellung \u201eNorte al Sur\u201c teilzunehmen, und wurde im <a href=\"http:\/\/www.cceba.org.ar\/\" target=\"_blank\" rel=\"noopener\">CCEBA<\/a> in Buenos Aires ausgestellt.<\/p>\n<p>Sie sind eingeladen, andere \u00e4hnliche Kunstwerke in der Rubrik <a href=\"https:\/\/nestorbarbitta.de\/shop\/en\/photography\/portraits\/\">&#8222;Portr\u00e4ts&#8220;<\/a>auf dieser Website zu sehen.<\/p>\n","protected":false},"excerpt":{"rendered":"<p>Fine-Art-Fotografie, gedruckt auf Hahnem\u00fchle-Papier in Museumsqualit\u00e4t. Limitierte Auflage von k\u00fcnstlerischen Portr\u00e4ts mit Echtheitszertifikat. Verkauf von Kunstfotografie direkt vom K\u00fcnstler, ohne Zwischenh\u00e4ndler. Norberto C\u00f3lera ist der Besitzer eines jahrhundertealten Gemischtwarenladens in der Stadt Gouin in der Provinz Buenos Aires. Sein Gro\u00dfvater, Pascual C\u00f3lera, gr\u00fcndete ihn 1915, kurz nachdem er aus Barcelona eingewandert war. Argentinien war eines [&hellip;]<\/p>\n","protected":false},"featured_media":2920,"comment_status":"open","ping_status":"closed","template":"","meta":{"_et_pb_use_builder":"","_et_pb_old_content":"","_et_gb_content_width":""},"product_brand":[],"product_cat":[167],"product_tag":[],"class_list":{"0":"post-2929","1":"product","2":"type-product","3":"status-publish","4":"has-post-thumbnail","6":"product_cat-portrats","8":"first","9":"instock","10":"sold-individually","11":"shipping-taxable","12":"purchasable","13":"product-type-variable"},"_links":{"self":[{"href":"https:\/\/nestorbarbitta.de\/shop\/de\/wp-json\/wp\/v2\/product\/2929","targetHints":{"allow":["GET"]}}],"collection":[{"href":"https:\/\/nestorbarbitta.de\/shop\/de\/wp-json\/wp\/v2\/product"}],"about":[{"href":"https:\/\/nestorbarbitta.de\/shop\/de\/wp-json\/wp\/v2\/types\/product"}],"replies":[{"embeddable":true,"href":"https:\/\/nestorbarbitta.de\/shop\/de\/wp-json\/wp\/v2\/comments?post=2929"}],"wp:featuredmedia":[{"embeddable":true,"href":"https:\/\/nestorbarbitta.de\/shop\/de\/wp-json\/wp\/v2\/media\/2920"}],"wp:attachment":[{"href":"https:\/\/nestorbarbitta.de\/shop\/de\/wp-json\/wp\/v2\/media?parent=2929"}],"wp:term":[{"taxonomy":"product_brand","embeddable":true,"href":"https:\/\/nestorbarbitta.de\/shop\/de\/wp-json\/wp\/v2\/product_brand?post=2929"},{"taxonomy":"product_cat","embeddable":true,"href":"https:\/\/nestorbarbitta.de\/shop\/de\/wp-json\/wp\/v2\/product_cat?post=2929"},{"taxonomy":"product_tag","embeddable":true,"href":"https:\/\/nestorbarbitta.de\/shop\/de\/wp-json\/wp\/v2\/product_tag?post=2929"}],"curies":[{"name":"wp","href":"https:\/\/api.w.org\/{rel}","templated":true}]}}