{"id":3353,"date":"2023-03-23T17:42:35","date_gmt":"2023-03-23T16:45:05","guid":{"rendered":"https:\/\/nestorbarbitta.de\/shop\/catalog\/berliner-mauerweg\/"},"modified":"2025-03-14T09:44:20","modified_gmt":"2025-03-14T08:44:20","slug":"berliner-mauerweg","status":"publish","type":"product","link":"https:\/\/nestorbarbitta.de\/shop\/de\/catalog\/berliner-mauerweg\/","title":{"rendered":"Berliner Mauerweg"},"content":{"rendered":"<p>B\u00e4ume auf der einen und auf der anderen Seite der Mauer. Sie wuchsen getrennt, Jahr f\u00fcr Jahr, unterschiedlich und doch \u00e4hnlich, ohne ihre \u00c4ste zu vermischen, wie in einer Art Parallelwelt. Jetzt sind sie nur noch durch einen Weg getrennt. Ihr Blattwerk mag unterschiedlich aussehen, aber letztlich ergr\u00fcnen sie alle zur gleichen Zeit des Jahres.<\/p>\n","protected":false},"excerpt":{"rendered":"<p>B\u00e4ume auf der einen und auf der anderen Seite der Mauer. Sie wuchsen getrennt, Jahr f\u00fcr Jahr, unterschiedlich und doch \u00e4hnlich, ohne ihre \u00c4ste zu vermischen, wie in einer Art Parallelwelt. Jetzt sind sie nur noch durch einen Weg getrennt. Ihr Blattwerk mag unterschiedlich aussehen, aber letztlich ergr\u00fcnen sie alle zur gleichen Zeit des Jahres.<\/p>\n","protected":false},"featured_media":3352,"comment_status":"open","ping_status":"closed","template":"","meta":{"_et_pb_use_builder":"","_et_pb_old_content":"","_et_gb_content_width":""},"product_brand":[],"product_cat":[180],"product_tag":[],"class_list":{"0":"post-3353","1":"product","2":"type-product","3":"status-publish","4":"has-post-thumbnail","6":"product_cat-landschaften-aus-der-luft","8":"first","9":"instock","10":"sale","11":"featured","12":"sold-individually","13":"shipping-taxable","14":"purchasable","15":"product-type-variable","16":"has-default-attributes"},"_links":{"self":[{"href":"https:\/\/nestorbarbitta.de\/shop\/de\/wp-json\/wp\/v2\/product\/3353","targetHints":{"allow":["GET"]}}],"collection":[{"href":"https:\/\/nestorbarbitta.de\/shop\/de\/wp-json\/wp\/v2\/product"}],"about":[{"href":"https:\/\/nestorbarbitta.de\/shop\/de\/wp-json\/wp\/v2\/types\/product"}],"replies":[{"embeddable":true,"href":"https:\/\/nestorbarbitta.de\/shop\/de\/wp-json\/wp\/v2\/comments?post=3353"}],"wp:featuredmedia":[{"embeddable":true,"href":"https:\/\/nestorbarbitta.de\/shop\/de\/wp-json\/wp\/v2\/media\/3352"}],"wp:attachment":[{"href":"https:\/\/nestorbarbitta.de\/shop\/de\/wp-json\/wp\/v2\/media?parent=3353"}],"wp:term":[{"taxonomy":"product_brand","embeddable":true,"href":"https:\/\/nestorbarbitta.de\/shop\/de\/wp-json\/wp\/v2\/product_brand?post=3353"},{"taxonomy":"product_cat","embeddable":true,"href":"https:\/\/nestorbarbitta.de\/shop\/de\/wp-json\/wp\/v2\/product_cat?post=3353"},{"taxonomy":"product_tag","embeddable":true,"href":"https:\/\/nestorbarbitta.de\/shop\/de\/wp-json\/wp\/v2\/product_tag?post=3353"}],"curies":[{"name":"wp","href":"https:\/\/api.w.org\/{rel}","templated":true}]}}