{"id":3358,"date":"2023-03-24T18:05:28","date_gmt":"2023-03-24T17:05:28","guid":{"rendered":"https:\/\/nestorbarbitta.de\/shop\/?post_type=product&#038;p=3358"},"modified":"2023-05-04T16:09:42","modified_gmt":"2023-05-04T14:09:42","slug":"feld","status":"publish","type":"product","link":"https:\/\/nestorbarbitta.de\/shop\/de\/catalog\/feld\/","title":{"rendered":"Feld"},"content":{"rendered":"<p>Wir s\u00e4en und ernten die Felder, wir ver\u00e4ndern die Landschaft nach unserem Geschmack, ohne zu bemerken, dass die Natur inmitten von all dem ihre Inseln beibeh\u00e4lt.<\/p>\n","protected":false},"excerpt":{"rendered":"<p>Wir s\u00e4en und ernten die Felder, wir ver\u00e4ndern die Landschaft nach unserem Geschmack, ohne zu bemerken, dass die Natur inmitten von all dem ihre Inseln beibeh\u00e4lt.<\/p>\n","protected":false},"featured_media":3364,"comment_status":"open","ping_status":"closed","template":"","meta":{"_et_pb_use_builder":"","_et_pb_old_content":"","_et_gb_content_width":""},"product_brand":[],"product_cat":[180],"product_tag":[],"class_list":{"0":"post-3358","1":"product","2":"type-product","3":"status-publish","4":"has-post-thumbnail","6":"product_cat-landschaften-aus-der-luft","8":"first","9":"instock","10":"sale","11":"sold-individually","12":"shipping-taxable","13":"purchasable","14":"product-type-variable","15":"has-default-attributes"},"_links":{"self":[{"href":"https:\/\/nestorbarbitta.de\/shop\/de\/wp-json\/wp\/v2\/product\/3358","targetHints":{"allow":["GET"]}}],"collection":[{"href":"https:\/\/nestorbarbitta.de\/shop\/de\/wp-json\/wp\/v2\/product"}],"about":[{"href":"https:\/\/nestorbarbitta.de\/shop\/de\/wp-json\/wp\/v2\/types\/product"}],"replies":[{"embeddable":true,"href":"https:\/\/nestorbarbitta.de\/shop\/de\/wp-json\/wp\/v2\/comments?post=3358"}],"wp:featuredmedia":[{"embeddable":true,"href":"https:\/\/nestorbarbitta.de\/shop\/de\/wp-json\/wp\/v2\/media\/3364"}],"wp:attachment":[{"href":"https:\/\/nestorbarbitta.de\/shop\/de\/wp-json\/wp\/v2\/media?parent=3358"}],"wp:term":[{"taxonomy":"product_brand","embeddable":true,"href":"https:\/\/nestorbarbitta.de\/shop\/de\/wp-json\/wp\/v2\/product_brand?post=3358"},{"taxonomy":"product_cat","embeddable":true,"href":"https:\/\/nestorbarbitta.de\/shop\/de\/wp-json\/wp\/v2\/product_cat?post=3358"},{"taxonomy":"product_tag","embeddable":true,"href":"https:\/\/nestorbarbitta.de\/shop\/de\/wp-json\/wp\/v2\/product_tag?post=3358"}],"curies":[{"name":"wp","href":"https:\/\/api.w.org\/{rel}","templated":true}]}}