{"id":3481,"date":"2023-03-18T00:00:17","date_gmt":"2023-03-30T16:00:17","guid":{"rendered":"https:\/\/nestorbarbitta.de\/shop\/?post_type=product&#038;p=3481"},"modified":"2025-03-14T09:43:20","modified_gmt":"2025-03-14T08:43:20","slug":"ein-verlassenes-segelboot-auf-dem-rummelsburger-see","status":"publish","type":"product","link":"https:\/\/nestorbarbitta.de\/shop\/de\/catalog\/ein-verlassenes-segelboot-auf-dem-rummelsburger-see\/","title":{"rendered":"Ein verlassenes Segelboot auf dem Rummelsburger See"},"content":{"rendered":"<p><em>Diese Luftaufnahmen und andere Naturlandschaften aus der Luft sind Kunstwerke in limitierter Auflage und werden mit Echtheitszertifikat geliefert.<\/em><\/p>\n<p>Ein verlassenes Segelboot auf dem Rummelsburger See wartet den Winter ab, w\u00e4hrend es von gefrorenem Wasser umgeben ist. Vielleicht wird es im Fr\u00fchjahr, wenn die K\u00e4lte vorbei ist, wieder von jemandem befahren.<\/p>\n<p><strong data-redactor-tag=\"strong\">Material:<\/strong> Hahnem\u00fchle Photo Rag Baryta 315 gm<\/p>\n<br><div class=\"edicionespecial\"><\/p>\n<h4>Wichtige Information: Dieses Werk hat eine Sonderedition.<\/h4>\n<p><strong data-redactor-tag=\"strong\">Gro\u00dfe:<\/strong> 80 cm x 100 cm including white border<br \/>\n<strong data-redactor-tag=\"strong\">Nummerierte Serie:<\/strong> 10 + AP<\/div>\n","protected":false},"excerpt":{"rendered":"<p>Diese Luftaufnahmen und andere Naturlandschaften aus der Luft sind Kunstwerke in limitierter Auflage und werden mit Echtheitszertifikat geliefert. Ein verlassenes Segelboot auf dem Rummelsburger See wartet den Winter ab, w\u00e4hrend es von gefrorenem Wasser umgeben ist. Vielleicht wird es im Fr\u00fchjahr, wenn die K\u00e4lte vorbei ist, wieder von jemandem befahren. Material: Hahnem\u00fchle Photo Rag Baryta [&hellip;]<\/p>\n","protected":false},"featured_media":3489,"comment_status":"closed","ping_status":"closed","template":"","meta":{"_et_pb_use_builder":"off","_et_pb_old_content":"Ein gesunkenes Schiff an der Huemul Insel. Nahuel-Huapi-See, Bariloche, argentinisches Patagonien.\n\n<strong data-redactor-tag=\"strong\">Material:<\/strong> Hahnem\u00fchle Photo Silk Baryta 310 gm\n<strong data-redactor-tag=\"strong\">Gr\u00f6\u00dfe:<\/strong> 40 cm x 30 cm.\n<strong data-redactor-tag=\"strong\">Nummerierte Serie:<\/strong> 20","_et_gb_content_width":""},"product_brand":[],"product_cat":[180],"product_tag":[],"class_list":{"0":"post-3481","1":"product","2":"type-product","3":"status-publish","4":"has-post-thumbnail","6":"product_cat-landschaften-aus-der-luft","8":"first","9":"instock","10":"sale","11":"featured","12":"sold-individually","13":"shipping-taxable","14":"purchasable","15":"product-type-variable"},"_links":{"self":[{"href":"https:\/\/nestorbarbitta.de\/shop\/de\/wp-json\/wp\/v2\/product\/3481","targetHints":{"allow":["GET"]}}],"collection":[{"href":"https:\/\/nestorbarbitta.de\/shop\/de\/wp-json\/wp\/v2\/product"}],"about":[{"href":"https:\/\/nestorbarbitta.de\/shop\/de\/wp-json\/wp\/v2\/types\/product"}],"replies":[{"embeddable":true,"href":"https:\/\/nestorbarbitta.de\/shop\/de\/wp-json\/wp\/v2\/comments?post=3481"}],"wp:featuredmedia":[{"embeddable":true,"href":"https:\/\/nestorbarbitta.de\/shop\/de\/wp-json\/wp\/v2\/media\/3489"}],"wp:attachment":[{"href":"https:\/\/nestorbarbitta.de\/shop\/de\/wp-json\/wp\/v2\/media?parent=3481"}],"wp:term":[{"taxonomy":"product_brand","embeddable":true,"href":"https:\/\/nestorbarbitta.de\/shop\/de\/wp-json\/wp\/v2\/product_brand?post=3481"},{"taxonomy":"product_cat","embeddable":true,"href":"https:\/\/nestorbarbitta.de\/shop\/de\/wp-json\/wp\/v2\/product_cat?post=3481"},{"taxonomy":"product_tag","embeddable":true,"href":"https:\/\/nestorbarbitta.de\/shop\/de\/wp-json\/wp\/v2\/product_tag?post=3481"}],"curies":[{"name":"wp","href":"https:\/\/api.w.org\/{rel}","templated":true}]}}