{"id":3708,"date":"2023-04-01T12:23:02","date_gmt":"2023-04-01T10:23:02","guid":{"rendered":"https:\/\/nestorbarbitta.de\/shop\/?post_type=product&#038;p=3708"},"modified":"2024-11-15T14:42:11","modified_gmt":"2024-11-15T13:42:11","slug":"gespensterwald-an-der-ostsee","status":"publish","type":"product","link":"https:\/\/nestorbarbitta.de\/shop\/de\/catalog\/gespensterwald-an-der-ostsee\/","title":{"rendered":"Gespensterwald an der Ostsee"},"content":{"rendered":"<p><em>Diese Luftaufnahmen und andere Naturlandschaften aus der Luft sind Kunstwerke in limitierter Auflage und werden mit Echtheitszertifikat geliefert.<\/em><\/p>\n<p>Die ungew\u00f6hnlichen und seltsamen Baumformen sorgen f\u00fcr eine mystische Atmosph\u00e4re, besonders wenn sich der Nebel der Ostsee mit dem Wald vermischt. Figuren von Gespenstern, Geistern und Fabelwesen erscheinen und verschwinden mit Hilfe unserer Fantasie.<\/p>\n<p><strong data-redactor-tag=\"strong\">Material:<\/strong> Hahnem\u00fchle Photo Rag Baryta 315 gm<\/p>\n","protected":false},"excerpt":{"rendered":"<p>Diese Luftaufnahmen und andere Naturlandschaften aus der Luft sind Kunstwerke in limitierter Auflage und werden mit Echtheitszertifikat geliefert. Die ungew\u00f6hnlichen und seltsamen Baumformen sorgen f\u00fcr eine mystische Atmosph\u00e4re, besonders wenn sich der Nebel der Ostsee mit dem Wald vermischt. Figuren von Gespenstern, Geistern und Fabelwesen erscheinen und verschwinden mit Hilfe unserer Fantasie. Material: Hahnem\u00fchle Photo [&hellip;]<\/p>\n","protected":false},"featured_media":3724,"comment_status":"closed","ping_status":"closed","template":"","meta":{"_et_pb_use_builder":"off","_et_pb_old_content":"Ein gesunkenes Schiff an der Huemul Insel. Nahuel-Huapi-See, Bariloche, argentinisches Patagonien.\n\n<strong data-redactor-tag=\"strong\">Material:<\/strong> Hahnem\u00fchle Photo Silk Baryta 310 gm\n<strong data-redactor-tag=\"strong\">Gr\u00f6\u00dfe:<\/strong> 40 cm x 30 cm.\n<strong data-redactor-tag=\"strong\">Nummerierte Serie:<\/strong> 20","_et_gb_content_width":""},"product_brand":[],"product_cat":[180],"product_tag":[],"class_list":{"0":"post-3708","1":"product","2":"type-product","3":"status-publish","4":"has-post-thumbnail","6":"product_cat-landschaften-aus-der-luft","8":"first","9":"instock","10":"sale","11":"sold-individually","12":"shipping-taxable","13":"purchasable","14":"product-type-variable"},"_links":{"self":[{"href":"https:\/\/nestorbarbitta.de\/shop\/de\/wp-json\/wp\/v2\/product\/3708","targetHints":{"allow":["GET"]}}],"collection":[{"href":"https:\/\/nestorbarbitta.de\/shop\/de\/wp-json\/wp\/v2\/product"}],"about":[{"href":"https:\/\/nestorbarbitta.de\/shop\/de\/wp-json\/wp\/v2\/types\/product"}],"replies":[{"embeddable":true,"href":"https:\/\/nestorbarbitta.de\/shop\/de\/wp-json\/wp\/v2\/comments?post=3708"}],"wp:featuredmedia":[{"embeddable":true,"href":"https:\/\/nestorbarbitta.de\/shop\/de\/wp-json\/wp\/v2\/media\/3724"}],"wp:attachment":[{"href":"https:\/\/nestorbarbitta.de\/shop\/de\/wp-json\/wp\/v2\/media?parent=3708"}],"wp:term":[{"taxonomy":"product_brand","embeddable":true,"href":"https:\/\/nestorbarbitta.de\/shop\/de\/wp-json\/wp\/v2\/product_brand?post=3708"},{"taxonomy":"product_cat","embeddable":true,"href":"https:\/\/nestorbarbitta.de\/shop\/de\/wp-json\/wp\/v2\/product_cat?post=3708"},{"taxonomy":"product_tag","embeddable":true,"href":"https:\/\/nestorbarbitta.de\/shop\/de\/wp-json\/wp\/v2\/product_tag?post=3708"}],"curies":[{"name":"wp","href":"https:\/\/api.w.org\/{rel}","templated":true}]}}