{"id":3869,"date":"2023-04-12T09:05:33","date_gmt":"2023-04-12T07:05:34","guid":{"rendered":"https:\/\/nestorbarbitta.de\/shop\/?post_type=product&#038;p=3869"},"modified":"2023-06-01T00:19:26","modified_gmt":"2023-05-31T22:19:26","slug":"terrassen-am-meer-palma-de-mallorca","status":"publish","type":"product","link":"https:\/\/nestorbarbitta.de\/shop\/de\/catalog\/terrassen-am-meer-palma-de-mallorca\/","title":{"rendered":"Terrassen am Meer, Palma de Mallorca"},"content":{"rendered":"<p><em>Diese Luftaufnahmen und andere Naturlandschaften aus der Luft sind Kunstwerke in limitierter Auflage und werden mit Echtheitszertifikat geliefert.<\/em><\/p>\n<p>Der Mann beschnitt den Stein, um an Boden zu gewinnen. Dort bewirtschaftete er seine Felder, baute seine H\u00e4user, seine gestaffelte Grundfl\u00e4che mit Blick auf die Unermesslichkeit des Meeres.<\/p>\n<p><strong data-redactor-tag=\"strong\">Material:<\/strong> Hahnem\u00fchle Photo Rag Baryta 315 gm<\/p>\n","protected":false},"excerpt":{"rendered":"<p>Diese Luftaufnahmen und andere Naturlandschaften aus der Luft sind Kunstwerke in limitierter Auflage und werden mit Echtheitszertifikat geliefert. Der Mann beschnitt den Stein, um an Boden zu gewinnen. Dort bewirtschaftete er seine Felder, baute seine H\u00e4user, seine gestaffelte Grundfl\u00e4che mit Blick auf die Unermesslichkeit des Meeres. Material: Hahnem\u00fchle Photo Rag Baryta 315 gm<\/p>\n","protected":false},"featured_media":3718,"comment_status":"closed","ping_status":"closed","template":"","meta":{"_et_pb_use_builder":"off","_et_pb_old_content":"Ein gesunkenes Schiff an der Huemul Insel. Nahuel-Huapi-See, Bariloche, argentinisches Patagonien.\n\n<strong data-redactor-tag=\"strong\">Material:<\/strong> Hahnem\u00fchle Photo Silk Baryta 310 gm\n<strong data-redactor-tag=\"strong\">Gr\u00f6\u00dfe:<\/strong> 40 cm x 30 cm.\n<strong data-redactor-tag=\"strong\">Nummerierte Serie:<\/strong> 20","_et_gb_content_width":""},"product_brand":[],"product_cat":[180],"product_tag":[],"class_list":{"0":"post-3869","1":"product","2":"type-product","3":"status-publish","4":"has-post-thumbnail","6":"product_cat-landschaften-aus-der-luft","8":"first","9":"instock","10":"sale","11":"sold-individually","12":"shipping-taxable","13":"purchasable","14":"product-type-variable"},"_links":{"self":[{"href":"https:\/\/nestorbarbitta.de\/shop\/de\/wp-json\/wp\/v2\/product\/3869","targetHints":{"allow":["GET"]}}],"collection":[{"href":"https:\/\/nestorbarbitta.de\/shop\/de\/wp-json\/wp\/v2\/product"}],"about":[{"href":"https:\/\/nestorbarbitta.de\/shop\/de\/wp-json\/wp\/v2\/types\/product"}],"replies":[{"embeddable":true,"href":"https:\/\/nestorbarbitta.de\/shop\/de\/wp-json\/wp\/v2\/comments?post=3869"}],"wp:featuredmedia":[{"embeddable":true,"href":"https:\/\/nestorbarbitta.de\/shop\/de\/wp-json\/wp\/v2\/media\/3718"}],"wp:attachment":[{"href":"https:\/\/nestorbarbitta.de\/shop\/de\/wp-json\/wp\/v2\/media?parent=3869"}],"wp:term":[{"taxonomy":"product_brand","embeddable":true,"href":"https:\/\/nestorbarbitta.de\/shop\/de\/wp-json\/wp\/v2\/product_brand?post=3869"},{"taxonomy":"product_cat","embeddable":true,"href":"https:\/\/nestorbarbitta.de\/shop\/de\/wp-json\/wp\/v2\/product_cat?post=3869"},{"taxonomy":"product_tag","embeddable":true,"href":"https:\/\/nestorbarbitta.de\/shop\/de\/wp-json\/wp\/v2\/product_tag?post=3869"}],"curies":[{"name":"wp","href":"https:\/\/api.w.org\/{rel}","templated":true}]}}