{"id":3891,"date":"2023-10-31T18:29:53","date_gmt":"2023-10-31T17:41:38","guid":{"rendered":"https:\/\/nestorbarbitta.de\/shop\/?post_type=product&#038;p=3891"},"modified":"2023-12-19T00:32:17","modified_gmt":"2023-12-18T23:32:17","slug":"rapsfelder","status":"publish","type":"product","link":"https:\/\/nestorbarbitta.de\/shop\/de\/catalog\/rapsfelder\/","title":{"rendered":"Rapsfelder"},"content":{"rendered":"<p>Im Fr\u00fchjahr sind die Felder rund um Berlin und Brandenburg mit kleinen gelben Bl\u00fcten \u00fcbers\u00e4t, die die Landschaft f\u00e4rben. Diese homogenen Felder verbergen die Spuren von Traktoren, die beim Vorbeifahren geometrische Formen hinterlassen.<\/p>\n","protected":false},"excerpt":{"rendered":"<p>Im Fr\u00fchjahr sind die Felder rund um Berlin und Brandenburg mit kleinen gelben Bl\u00fcten \u00fcbers\u00e4t, die die Landschaft f\u00e4rben. Diese homogenen Felder verbergen die Spuren von Traktoren, die beim Vorbeifahren geometrische Formen hinterlassen.<\/p>\n","protected":false},"featured_media":3896,"comment_status":"open","ping_status":"closed","template":"","meta":{"_et_pb_use_builder":"","_et_pb_old_content":"","_et_gb_content_width":""},"product_brand":[],"product_cat":[166],"product_tag":[],"class_list":{"0":"post-3891","1":"product","2":"type-product","3":"status-publish","4":"has-post-thumbnail","6":"product_cat-aktuelle-ausstellung-zwischenland","8":"first","9":"instock","10":"sale","11":"featured","12":"sold-individually","13":"shipping-taxable","14":"purchasable","15":"product-type-variable","16":"has-default-attributes"},"_links":{"self":[{"href":"https:\/\/nestorbarbitta.de\/shop\/de\/wp-json\/wp\/v2\/product\/3891","targetHints":{"allow":["GET"]}}],"collection":[{"href":"https:\/\/nestorbarbitta.de\/shop\/de\/wp-json\/wp\/v2\/product"}],"about":[{"href":"https:\/\/nestorbarbitta.de\/shop\/de\/wp-json\/wp\/v2\/types\/product"}],"replies":[{"embeddable":true,"href":"https:\/\/nestorbarbitta.de\/shop\/de\/wp-json\/wp\/v2\/comments?post=3891"}],"wp:featuredmedia":[{"embeddable":true,"href":"https:\/\/nestorbarbitta.de\/shop\/de\/wp-json\/wp\/v2\/media\/3896"}],"wp:attachment":[{"href":"https:\/\/nestorbarbitta.de\/shop\/de\/wp-json\/wp\/v2\/media?parent=3891"}],"wp:term":[{"taxonomy":"product_brand","embeddable":true,"href":"https:\/\/nestorbarbitta.de\/shop\/de\/wp-json\/wp\/v2\/product_brand?post=3891"},{"taxonomy":"product_cat","embeddable":true,"href":"https:\/\/nestorbarbitta.de\/shop\/de\/wp-json\/wp\/v2\/product_cat?post=3891"},{"taxonomy":"product_tag","embeddable":true,"href":"https:\/\/nestorbarbitta.de\/shop\/de\/wp-json\/wp\/v2\/product_tag?post=3891"}],"curies":[{"name":"wp","href":"https:\/\/api.w.org\/{rel}","templated":true}]}}