{"id":3900,"date":"2023-10-31T18:42:39","date_gmt":"2023-10-31T17:51:09","guid":{"rendered":"https:\/\/nestorbarbitta.de\/shop\/?post_type=product&#038;p=3900"},"modified":"2025-03-14T09:42:05","modified_gmt":"2025-03-14T08:42:05","slug":"das-auge-der-natur","status":"publish","type":"product","link":"https:\/\/nestorbarbitta.de\/shop\/de\/catalog\/das-auge-der-natur\/","title":{"rendered":"Das Auge der Natur"},"content":{"rendered":"<p>Berlin kann f\u00fcr eine Gro\u00dfstadt sehr ungew\u00f6hnliche Naturlandschaften haben. An der Grenze zwischen Land und Natur w\u00e4chst ein Baum inmitten eines Maisfeldes, der im Spiel mit Sonnenlicht und Schatten die Form eines Auges annimmt.<\/p>\n","protected":false},"excerpt":{"rendered":"<p>Berlin kann f\u00fcr eine Gro\u00dfstadt sehr ungew\u00f6hnliche Naturlandschaften haben. An der Grenze zwischen Land und Natur w\u00e4chst ein Baum inmitten eines Maisfeldes, der im Spiel mit Sonnenlicht und Schatten die Form eines Auges annimmt.<\/p>\n","protected":false},"featured_media":3905,"comment_status":"open","ping_status":"closed","template":"","meta":{"_et_pb_use_builder":"","_et_pb_old_content":"","_et_gb_content_width":""},"product_brand":[],"product_cat":[166],"product_tag":[],"class_list":{"0":"post-3900","1":"product","2":"type-product","3":"status-publish","4":"has-post-thumbnail","6":"product_cat-aktuelle-ausstellung-zwischenland","8":"first","9":"instock","10":"sale","11":"featured","12":"sold-individually","13":"shipping-taxable","14":"purchasable","15":"product-type-variable","16":"has-default-attributes"},"_links":{"self":[{"href":"https:\/\/nestorbarbitta.de\/shop\/de\/wp-json\/wp\/v2\/product\/3900","targetHints":{"allow":["GET"]}}],"collection":[{"href":"https:\/\/nestorbarbitta.de\/shop\/de\/wp-json\/wp\/v2\/product"}],"about":[{"href":"https:\/\/nestorbarbitta.de\/shop\/de\/wp-json\/wp\/v2\/types\/product"}],"replies":[{"embeddable":true,"href":"https:\/\/nestorbarbitta.de\/shop\/de\/wp-json\/wp\/v2\/comments?post=3900"}],"wp:featuredmedia":[{"embeddable":true,"href":"https:\/\/nestorbarbitta.de\/shop\/de\/wp-json\/wp\/v2\/media\/3905"}],"wp:attachment":[{"href":"https:\/\/nestorbarbitta.de\/shop\/de\/wp-json\/wp\/v2\/media?parent=3900"}],"wp:term":[{"taxonomy":"product_brand","embeddable":true,"href":"https:\/\/nestorbarbitta.de\/shop\/de\/wp-json\/wp\/v2\/product_brand?post=3900"},{"taxonomy":"product_cat","embeddable":true,"href":"https:\/\/nestorbarbitta.de\/shop\/de\/wp-json\/wp\/v2\/product_cat?post=3900"},{"taxonomy":"product_tag","embeddable":true,"href":"https:\/\/nestorbarbitta.de\/shop\/de\/wp-json\/wp\/v2\/product_tag?post=3900"}],"curies":[{"name":"wp","href":"https:\/\/api.w.org\/{rel}","templated":true}]}}