{"id":3969,"date":"2025-03-13T16:58:30","date_gmt":"2025-03-13T17:10:57","guid":{"rendered":"https:\/\/nestorbarbitta.de\/shop\/?post_type=product&#038;p=3969"},"modified":"2025-03-14T09:34:10","modified_gmt":"2025-03-14T08:34:10","slug":"adern-der-erde","status":"publish","type":"product","link":"https:\/\/nestorbarbitta.de\/shop\/de\/catalog\/adern-der-erde\/","title":{"rendered":"Adern der Erde"},"content":{"rendered":"<p>In diesem Steinbruch wurde viele Jahre lang Braunkohle abgebaut. Nach der Stilllegung l\u00e4sst die Natur die kontaminierten B\u00f6den auf den Grund eines verschmutzten Sees abflie\u00dfen. Die rote Farbe der freigelegten Mineralien bildet eine blutfarbene Lagune.<\/p>\n","protected":false},"excerpt":{"rendered":"<p>In diesem Steinbruch wurde viele Jahre lang Braunkohle abgebaut. Nach der Stilllegung l\u00e4sst die Natur die kontaminierten B\u00f6den auf den Grund eines verschmutzten Sees abflie\u00dfen. Die rote Farbe der freigelegten Mineralien bildet eine blutfarbene Lagune.<\/p>\n","protected":false},"featured_media":3972,"comment_status":"open","ping_status":"closed","template":"","meta":{"_et_pb_use_builder":"","_et_pb_old_content":"","_et_gb_content_width":""},"product_brand":[],"product_cat":[166],"product_tag":[],"class_list":{"0":"post-3969","1":"product","2":"type-product","3":"status-publish","4":"has-post-thumbnail","6":"product_cat-aktuelle-ausstellung-zwischenland","8":"first","9":"instock","10":"sale","11":"featured","12":"sold-individually","13":"shipping-taxable","14":"purchasable","15":"product-type-variable","16":"has-default-attributes"},"_links":{"self":[{"href":"https:\/\/nestorbarbitta.de\/shop\/de\/wp-json\/wp\/v2\/product\/3969","targetHints":{"allow":["GET"]}}],"collection":[{"href":"https:\/\/nestorbarbitta.de\/shop\/de\/wp-json\/wp\/v2\/product"}],"about":[{"href":"https:\/\/nestorbarbitta.de\/shop\/de\/wp-json\/wp\/v2\/types\/product"}],"replies":[{"embeddable":true,"href":"https:\/\/nestorbarbitta.de\/shop\/de\/wp-json\/wp\/v2\/comments?post=3969"}],"wp:featuredmedia":[{"embeddable":true,"href":"https:\/\/nestorbarbitta.de\/shop\/de\/wp-json\/wp\/v2\/media\/3972"}],"wp:attachment":[{"href":"https:\/\/nestorbarbitta.de\/shop\/de\/wp-json\/wp\/v2\/media?parent=3969"}],"wp:term":[{"taxonomy":"product_brand","embeddable":true,"href":"https:\/\/nestorbarbitta.de\/shop\/de\/wp-json\/wp\/v2\/product_brand?post=3969"},{"taxonomy":"product_cat","embeddable":true,"href":"https:\/\/nestorbarbitta.de\/shop\/de\/wp-json\/wp\/v2\/product_cat?post=3969"},{"taxonomy":"product_tag","embeddable":true,"href":"https:\/\/nestorbarbitta.de\/shop\/de\/wp-json\/wp\/v2\/product_tag?post=3969"}],"curies":[{"name":"wp","href":"https:\/\/api.w.org\/{rel}","templated":true}]}}