{"id":4007,"date":"2025-03-13T18:17:31","date_gmt":"2025-03-13T17:23:05","guid":{"rendered":"https:\/\/nestorbarbitta.de\/shop\/?post_type=product&#038;p=4007"},"modified":"2025-03-14T09:41:19","modified_gmt":"2025-03-14T08:41:19","slug":"spargelernte","status":"publish","type":"product","link":"https:\/\/nestorbarbitta.de\/shop\/de\/catalog\/spargelernte\/","title":{"rendered":"Spargelernte"},"content":{"rendered":"<p>Geb\u00fcckt holen die Arbeiter den Spargel aus dem Boden, w\u00e4hrend eine seltsame Maschine neben ihnen herf\u00e4hrt, bereit, ihre Ernte einzusammeln. Stunde um Stunde prallt die sengende Sonne auf ihren R\u00fccken. Die Spargelernte ist kurz, aber die Arbeit daf\u00fcr ist hart.<\/p>\n","protected":false},"excerpt":{"rendered":"<p>Geb\u00fcckt holen die Arbeiter den Spargel aus dem Boden, w\u00e4hrend eine seltsame Maschine neben ihnen herf\u00e4hrt, bereit, ihre Ernte einzusammeln. Stunde um Stunde prallt die sengende Sonne auf ihren R\u00fccken. Die Spargelernte ist kurz, aber die Arbeit daf\u00fcr ist hart.<\/p>\n","protected":false},"featured_media":4003,"comment_status":"open","ping_status":"closed","template":"","meta":{"_et_pb_use_builder":"","_et_pb_old_content":"","_et_gb_content_width":""},"product_brand":[],"product_cat":[166],"product_tag":[],"class_list":{"0":"post-4007","1":"product","2":"type-product","3":"status-publish","4":"has-post-thumbnail","6":"product_cat-aktuelle-ausstellung-zwischenland","8":"first","9":"instock","10":"sale","11":"featured","12":"sold-individually","13":"shipping-taxable","14":"purchasable","15":"product-type-variable","16":"has-default-attributes"},"_links":{"self":[{"href":"https:\/\/nestorbarbitta.de\/shop\/de\/wp-json\/wp\/v2\/product\/4007","targetHints":{"allow":["GET"]}}],"collection":[{"href":"https:\/\/nestorbarbitta.de\/shop\/de\/wp-json\/wp\/v2\/product"}],"about":[{"href":"https:\/\/nestorbarbitta.de\/shop\/de\/wp-json\/wp\/v2\/types\/product"}],"replies":[{"embeddable":true,"href":"https:\/\/nestorbarbitta.de\/shop\/de\/wp-json\/wp\/v2\/comments?post=4007"}],"wp:featuredmedia":[{"embeddable":true,"href":"https:\/\/nestorbarbitta.de\/shop\/de\/wp-json\/wp\/v2\/media\/4003"}],"wp:attachment":[{"href":"https:\/\/nestorbarbitta.de\/shop\/de\/wp-json\/wp\/v2\/media?parent=4007"}],"wp:term":[{"taxonomy":"product_brand","embeddable":true,"href":"https:\/\/nestorbarbitta.de\/shop\/de\/wp-json\/wp\/v2\/product_brand?post=4007"},{"taxonomy":"product_cat","embeddable":true,"href":"https:\/\/nestorbarbitta.de\/shop\/de\/wp-json\/wp\/v2\/product_cat?post=4007"},{"taxonomy":"product_tag","embeddable":true,"href":"https:\/\/nestorbarbitta.de\/shop\/de\/wp-json\/wp\/v2\/product_tag?post=4007"}],"curies":[{"name":"wp","href":"https:\/\/api.w.org\/{rel}","templated":true}]}}