{"id":4065,"date":"2025-05-10T17:46:10","date_gmt":"2025-05-10T15:46:10","guid":{"rendered":"https:\/\/nestorbarbitta.de\/shop\/?post_type=product&#038;p=4065"},"modified":"2025-05-10T17:50:55","modified_gmt":"2025-05-10T15:50:55","slug":"ein-eiland-in-der-spree","status":"publish","type":"product","link":"https:\/\/nestorbarbitta.de\/shop\/de\/catalog\/ein-eiland-in-der-spree\/","title":{"rendered":"Ein Eiland in der Spree"},"content":{"rendered":"<p>Umgeben von der Stadt bewahrt diese Insel die Natur wie eine kleine Kapsel.<br \/>Mitten im Winter wirkt sie wie eine verlassene \u00d6dfl\u00e4che \u2013<br \/>doch der Fr\u00fchling wird kommen, und nach dem Erbl\u00fchen kehrt das Leben zur\u00fcck. <\/p>\n","protected":false},"excerpt":{"rendered":"<p>Umgeben von der Stadt bewahrt diese Insel die Natur wie eine kleine Kapsel.Mitten im Winter wirkt sie wie eine verlassene \u00d6dfl\u00e4che \u2013doch der Fr\u00fchling wird kommen, und nach dem Erbl\u00fchen kehrt das Leben zur\u00fcck.<\/p>\n","protected":false},"featured_media":4036,"comment_status":"open","ping_status":"closed","template":"","meta":{"_et_pb_use_builder":"","_et_pb_old_content":"","_et_gb_content_width":""},"product_brand":[],"product_cat":[166],"product_tag":[],"class_list":{"0":"post-4065","1":"product","2":"type-product","3":"status-publish","4":"has-post-thumbnail","6":"product_cat-aktuelle-ausstellung-zwischenland","8":"first","9":"instock","10":"sale","11":"featured","12":"sold-individually","13":"shipping-taxable","14":"purchasable","15":"product-type-variable","16":"has-default-attributes"},"_links":{"self":[{"href":"https:\/\/nestorbarbitta.de\/shop\/de\/wp-json\/wp\/v2\/product\/4065","targetHints":{"allow":["GET"]}}],"collection":[{"href":"https:\/\/nestorbarbitta.de\/shop\/de\/wp-json\/wp\/v2\/product"}],"about":[{"href":"https:\/\/nestorbarbitta.de\/shop\/de\/wp-json\/wp\/v2\/types\/product"}],"replies":[{"embeddable":true,"href":"https:\/\/nestorbarbitta.de\/shop\/de\/wp-json\/wp\/v2\/comments?post=4065"}],"wp:featuredmedia":[{"embeddable":true,"href":"https:\/\/nestorbarbitta.de\/shop\/de\/wp-json\/wp\/v2\/media\/4036"}],"wp:attachment":[{"href":"https:\/\/nestorbarbitta.de\/shop\/de\/wp-json\/wp\/v2\/media?parent=4065"}],"wp:term":[{"taxonomy":"product_brand","embeddable":true,"href":"https:\/\/nestorbarbitta.de\/shop\/de\/wp-json\/wp\/v2\/product_brand?post=4065"},{"taxonomy":"product_cat","embeddable":true,"href":"https:\/\/nestorbarbitta.de\/shop\/de\/wp-json\/wp\/v2\/product_cat?post=4065"},{"taxonomy":"product_tag","embeddable":true,"href":"https:\/\/nestorbarbitta.de\/shop\/de\/wp-json\/wp\/v2\/product_tag?post=4065"}],"curies":[{"name":"wp","href":"https:\/\/api.w.org\/{rel}","templated":true}]}}